{"id":180,"date":"2022-08-07T18:30:12","date_gmt":"2022-08-07T18:30:12","guid":{"rendered":"https:\/\/www.lujasula.fi\/?page_id=180"},"modified":"2025-05-01T06:41:04","modified_gmt":"2025-05-01T06:41:04","slug":"mika-kraniosakraaliterapia","status":"publish","type":"page","link":"https:\/\/www.lujasula.fi\/index.php\/mika-kraniosakraaliterapia\/","title":{"rendered":"Mik\u00e4 kraniosakraaliterapia?"},"content":{"rendered":"\n<p><\/p>\n\n\n\n<p>Kraniosakraaliterapia on kevyt, mutta tehokas hoitomuoto. Otteet ovat esimerkiksi hierontaa hell\u00e4varaisempia ja kuuntelevampia, kranio monesti sopiikin kipeille tai ep\u00e4varmoille koirille hyvin. Voimakkaan manuaalisen k\u00e4sittelyn sijaan kehoa kuunnellaan ja sit\u00e4 autetaan korjaamaan itse itse\u00e4\u00e4n. Hoidossa tunnustellaan ja tasataan kraniaalirytmi\u00e4, jonka kautta voidaan vaikuttaa monenlaisiin vaivoihin ja j\u00e4nnitystiloihin. Kraniosakraaliterapian juuret ovat kraniaalisessa osteopatiassa.<\/p>\n\n\n\n<p><a href=\"https:\/\/www.lujasula.fi\/index.php\/kraniosakraaliterapiaa-koirille-siilinjarvella\/\">Lis\u00e4tietoa palveluista ja ohjeet ajanvaraukseen t\u00e4\u00e4lt\u00e4.<\/a><\/p>\n\n\n\n<p>Omassa ty\u00f6skentelyss\u00e4ni hy\u00f6dynn\u00e4n kranio-osaamisen lis\u00e4ksi pitk\u00e4\u00e4 kokemusta urheilukoirista sek\u00e4 urheilukoirahierojan koulutusta. Aikoinaan opiskelin urheilukoirahierojaksi halusta auttaa omia ja muiden koiria voimaan paremmin ja palautumaan kuormituksesta tehokkaammin, mutta nopeasti huomasin pelk\u00e4n hieronnan riitt\u00e4m\u00e4tt\u00f6m\u00e4ksi. Tutustuin hevosharrastuksen kautta kraniosakraaliterapiaan ja l\u00e4hdin opiskelemaan sit\u00e4 Pekka Kannuksen johdolla erityisesti hevosten, mutta my\u00f6s ihmisten ja koirien parissa. Kranio toi kivunhoitoon, jumien avaamiseen ja kokonaisvaltaisesta hyvinvoinnista huolehtimiseen aivan uuden ulottuvuuden ja vakuutti tehokkuudellaan. <\/p>\n\n\n\n<p>Keho on usein vastaanottavaisempi lempeille otteille, eik\u00e4 iske suojamekanismeja p\u00e4\u00e4lle yll\u00e4tt\u00e4v\u00e4ss\u00e4 stressitilanteessa, jota kovempi manuaalinen k\u00e4sittely voi toisinaan aiheuttaa. Suosittelenkin kraniosakraaliterapiaa my\u00f6s sellaisille koirille, jotka ovat jostain syyst\u00e4 hankalampia k\u00e4sitell\u00e4 tai joiden kanssa halutaan harjoitella k\u00e4sitelt\u00e4v\u00e4n\u00e4 olemista hieman pehme\u00e4mmin. Hoidossa ei vaivata kehoa turhaan, vaan k\u00e4sitell\u00e4\u00e4n tarpeelliset alueet. Omistajan niin halutessa voidaan tehd\u00e4 koiralle ensisijaisesti rentoutukseen keskittyv\u00e4 hoito, jonka avulla koira oppii luottamaan k\u00e4sittelytilanteeseen ja suhtautumaan siihen rennommin.<\/p>\n\n\n\n<p><strong>Mit\u00e4 kraniosakraaliterapiassa tapahtuu ja miten siihen valmistaudutaan?<\/strong><\/p>\n\n\n\n<p>Koira kannattaa ulkoiluttaa hieman ennen hoitoa, mutta ei ruokkia ainakaan pariin tuntiin. Hoito voidaan tehd\u00e4 niin, ett\u00e4 koira saa itse valita asentonsa ja poistua tilanteesta halutessaan. Osa koirista kuitenkin rentoutuu parhaiten, kun niit\u00e4 autetaan siin\u00e4 esimerkiksi laittamalla koira kyljelleen hoidon ajaksi. Yksi hoitokerta kest\u00e4\u00e4 noin tunnin, usein hieman v\u00e4hemm\u00e4n. Ensin koiran kehon tila tutkitaan k\u00e4ym\u00e4ll\u00e4 se l\u00e4pi kevyesti kaikkialta, sitten aletaan hoitaa l\u00e4hes huomaamattoman kevyin ottein. Koiraa ei erityisesti venytet\u00e4 tai niveli\u00e4 mobilisoida, kranioon ei kuulu mink\u00e4\u00e4nlainen naksauttelu tai muu isompi manipulaatio.<\/p>\n\n\n\n<p>Hoidon j\u00e4lkeen on hyv\u00e4 huolehtia veden saannista ja mahdollisesti k\u00e4ytt\u00e4\u00e4 koira ulkona &#8211; kranio laittaa nesteet kiert\u00e4m\u00e4\u00e4n ja h\u00e4t\u00e4 voi yll\u00e4tt\u00e4\u00e4. Hoidon j\u00e4lkeen koira voi olla v\u00e4synyt tai jopa liikkua hetken aikaa j\u00e4ykemmin. Lopullinen hoitotulos n\u00e4kyy normaalisti viimeist\u00e4\u00e4n muutaman p\u00e4iv\u00e4n p\u00e4\u00e4st\u00e4. Hoitokerran j\u00e4lkeen on hyv\u00e4 pit\u00e4\u00e4 pari liikunnallisesti kevyemp\u00e4\u00e4 p\u00e4iv\u00e4\u00e4, riippuen hieman l\u00f6yd\u00f6ksist\u00e4 ja hoitotuloksista.<\/p>\n\n\n\n<blockquote class=\"wp-block-quote\">\n<p><\/p>\n<cite>&#8221;Vanhuskoiralle hell\u00e4varainen kraniok\u00e4sittely tuntui paremmalta ratkaisulta kuin perinteinen hieronta. K\u00e4sittelyn j\u00e4lkeen p\u00e4\u00e4n ja niskan alueiden kuumotus h\u00e4visi ja askellus oli taas kevyemp\u00e4\u00e4 ja rennompaa. Nuorempikin reagoi k\u00e4sittelyyn kivasti ja saatiin lantion ja niskan jumeja hyvin auki. Molemmat asettuivat ongelmitta Jannin rauhalliseen k\u00e4sittelyyn. Kokemuksena kaiken kaikkiaan positiivinen.&#8221;<\/cite><\/blockquote>\n\n\n\n<p>Asiakaspalaute<\/p>\n","protected":false},"excerpt":{"rendered":"<p>Kraniosakraaliterapia on kevyt, mutta tehokas hoitomuoto. Otteet ovat esimerkiksi hierontaa hell\u00e4varaisempia ja kuuntelevampia, kranio monesti sopiikin kipeille tai ep\u00e4varmoille koirille hyvin. Voimakkaan manuaalisen k\u00e4sittelyn sijaan kehoa kuunnellaan ja sit\u00e4 autetaan korjaamaan itse itse\u00e4\u00e4n. Hoidossa tunnustellaan ja tasataan kraniaalirytmi\u00e4, jonka kautta voidaan vaikuttaa monenlaisiin vaivoihin ja j\u00e4nnitystiloihin. Kraniosakraaliterapian juuret ovat kraniaalisessa osteopatiassa. Lis\u00e4tietoa palveluista ja ohjeet &hellip; <\/p>\n<p class=\"link-more\"><a href=\"https:\/\/www.lujasula.fi\/index.php\/mika-kraniosakraaliterapia\/\" class=\"more-link\">Jatka lukemista<span class=\"screen-reader-text\"> &#8221;Mik\u00e4 kraniosakraaliterapia?&#8221;<\/span><\/a><\/p>\n","protected":false},"author":1,"featured_media":183,"parent":0,"menu_order":0,"comment_status":"closed","ping_status":"closed","template":"","meta":[],"yoast_head":"<!-- This site is optimized with the Yoast SEO plugin v19.6.1 - https:\/\/yoast.com\/wordpress\/plugins\/seo\/ -->\n<title>Mik\u00e4 kraniosakraaliterapia? - Lujasula<\/title>\n<meta name=\"description\" content=\"Kraniosakraaliterapia on kevyt, mutta tehokas hoitomuoto. Otteet ovat esimerkiksi hierontaa hell\u00e4varaisempia ja kuuntelevampia, kranio monesti sopiikin kipeille tai ep\u00e4varmoille koirille hyvin.\" \/>\n<meta name=\"robots\" content=\"index, follow, max-snippet:-1, max-image-preview:large, max-video-preview:-1\" \/>\n<link rel=\"canonical\" href=\"https:\/\/www.lujasula.fi\/index.php\/mika-kraniosakraaliterapia\/\" \/>\n<meta property=\"og:locale\" content=\"fi_FI\" \/>\n<meta property=\"og:type\" content=\"article\" \/>\n<meta property=\"og:title\" content=\"Mik\u00e4 kraniosakraaliterapia? - Lujasula\" \/>\n<meta property=\"og:description\" content=\"Kraniosakraaliterapia on kevyt, mutta tehokas hoitomuoto. Otteet ovat esimerkiksi hierontaa hell\u00e4varaisempia ja kuuntelevampia, kranio monesti sopiikin kipeille tai ep\u00e4varmoille koirille hyvin.\" \/>\n<meta property=\"og:url\" content=\"https:\/\/www.lujasula.fi\/index.php\/mika-kraniosakraaliterapia\/\" \/>\n<meta property=\"og:site_name\" content=\"Lujasula\" \/>\n<meta property=\"article:modified_time\" content=\"2025-05-01T06:41:04+00:00\" \/>\n<meta property=\"og:image\" content=\"https:\/\/www.lujasula.fi\/wp-content\/uploads\/2022\/08\/DSCF1561-scaled.jpg\" \/>\n\t<meta property=\"og:image:width\" content=\"2560\" \/>\n\t<meta property=\"og:image:height\" content=\"1707\" \/>\n\t<meta property=\"og:image:type\" content=\"image\/jpeg\" \/>\n<meta name=\"twitter:card\" content=\"summary_large_image\" \/>\n<meta name=\"twitter:label1\" content=\"Arvioitu lukuaika\" \/>\n\t<meta name=\"twitter:data1\" content=\"2 minuuttia\" \/>\n<script type=\"application\/ld+json\" class=\"yoast-schema-graph\">{\"@context\":\"https:\/\/schema.org\",\"@graph\":[{\"@type\":\"WebPage\",\"@id\":\"https:\/\/www.lujasula.fi\/index.php\/mika-kraniosakraaliterapia\/\",\"url\":\"https:\/\/www.lujasula.fi\/index.php\/mika-kraniosakraaliterapia\/\",\"name\":\"Mik\u00e4 kraniosakraaliterapia? - Lujasula\",\"isPartOf\":{\"@id\":\"https:\/\/www.lujasula.fi\/#website\"},\"datePublished\":\"2022-08-07T18:30:12+00:00\",\"dateModified\":\"2025-05-01T06:41:04+00:00\",\"description\":\"Kraniosakraaliterapia on kevyt, mutta tehokas hoitomuoto. Otteet ovat esimerkiksi hierontaa hell\u00e4varaisempia ja kuuntelevampia, kranio monesti sopiikin kipeille tai ep\u00e4varmoille koirille hyvin.\",\"breadcrumb\":{\"@id\":\"https:\/\/www.lujasula.fi\/index.php\/mika-kraniosakraaliterapia\/#breadcrumb\"},\"inLanguage\":\"fi\",\"potentialAction\":[{\"@type\":\"ReadAction\",\"target\":[\"https:\/\/www.lujasula.fi\/index.php\/mika-kraniosakraaliterapia\/\"]}]},{\"@type\":\"BreadcrumbList\",\"@id\":\"https:\/\/www.lujasula.fi\/index.php\/mika-kraniosakraaliterapia\/#breadcrumb\",\"itemListElement\":[{\"@type\":\"ListItem\",\"position\":1,\"name\":\"Etusivu\",\"item\":\"https:\/\/www.lujasula.fi\/\"},{\"@type\":\"ListItem\",\"position\":2,\"name\":\"Mik\u00e4 kraniosakraaliterapia?\"}]},{\"@type\":\"WebSite\",\"@id\":\"https:\/\/www.lujasula.fi\/#website\",\"url\":\"https:\/\/www.lujasula.fi\/\",\"name\":\"Lujasula\",\"description\":\"Kovaa ja kevyesti - agilityurheilijan fysiikkavalmennusta\",\"publisher\":{\"@id\":\"https:\/\/www.lujasula.fi\/#organization\"},\"potentialAction\":[{\"@type\":\"SearchAction\",\"target\":{\"@type\":\"EntryPoint\",\"urlTemplate\":\"https:\/\/www.lujasula.fi\/?s={search_term_string}\"},\"query-input\":\"required name=search_term_string\"}],\"inLanguage\":\"fi\"},{\"@type\":\"Organization\",\"@id\":\"https:\/\/www.lujasula.fi\/#organization\",\"name\":\"tmi Lujasula\",\"url\":\"https:\/\/www.lujasula.fi\/\",\"sameAs\":[\"http:\/\/instagram.com\/jannikroger\"],\"logo\":{\"@type\":\"ImageObject\",\"inLanguage\":\"fi\",\"@id\":\"https:\/\/www.lujasula.fi\/#\/schema\/logo\/image\/\",\"url\":\"https:\/\/www.lujasula.fi\/wp-content\/uploads\/2021\/10\/Lujasula_vaaleanp.jpg\",\"contentUrl\":\"https:\/\/www.lujasula.fi\/wp-content\/uploads\/2021\/10\/Lujasula_vaaleanp.jpg\",\"width\":800,\"height\":800,\"caption\":\"tmi Lujasula\"},\"image\":{\"@id\":\"https:\/\/www.lujasula.fi\/#\/schema\/logo\/image\/\"}}]}<\/script>\n<!-- \/ Yoast SEO plugin. -->","yoast_head_json":{"title":"Mik\u00e4 kraniosakraaliterapia? - Lujasula","description":"Kraniosakraaliterapia on kevyt, mutta tehokas hoitomuoto. Otteet ovat esimerkiksi hierontaa hell\u00e4varaisempia ja kuuntelevampia, kranio monesti sopiikin kipeille tai ep\u00e4varmoille koirille hyvin.","robots":{"index":"index","follow":"follow","max-snippet":"max-snippet:-1","max-image-preview":"max-image-preview:large","max-video-preview":"max-video-preview:-1"},"canonical":"https:\/\/www.lujasula.fi\/index.php\/mika-kraniosakraaliterapia\/","og_locale":"fi_FI","og_type":"article","og_title":"Mik\u00e4 kraniosakraaliterapia? - Lujasula","og_description":"Kraniosakraaliterapia on kevyt, mutta tehokas hoitomuoto. Otteet ovat esimerkiksi hierontaa hell\u00e4varaisempia ja kuuntelevampia, kranio monesti sopiikin kipeille tai ep\u00e4varmoille koirille hyvin.","og_url":"https:\/\/www.lujasula.fi\/index.php\/mika-kraniosakraaliterapia\/","og_site_name":"Lujasula","article_modified_time":"2025-05-01T06:41:04+00:00","og_image":[{"width":2560,"height":1707,"url":"https:\/\/www.lujasula.fi\/wp-content\/uploads\/2022\/08\/DSCF1561-scaled.jpg","type":"image\/jpeg"}],"twitter_card":"summary_large_image","twitter_misc":{"Arvioitu lukuaika":"2 minuuttia"},"schema":{"@context":"https:\/\/schema.org","@graph":[{"@type":"WebPage","@id":"https:\/\/www.lujasula.fi\/index.php\/mika-kraniosakraaliterapia\/","url":"https:\/\/www.lujasula.fi\/index.php\/mika-kraniosakraaliterapia\/","name":"Mik\u00e4 kraniosakraaliterapia? - Lujasula","isPartOf":{"@id":"https:\/\/www.lujasula.fi\/#website"},"datePublished":"2022-08-07T18:30:12+00:00","dateModified":"2025-05-01T06:41:04+00:00","description":"Kraniosakraaliterapia on kevyt, mutta tehokas hoitomuoto. Otteet ovat esimerkiksi hierontaa hell\u00e4varaisempia ja kuuntelevampia, kranio monesti sopiikin kipeille tai ep\u00e4varmoille koirille hyvin.","breadcrumb":{"@id":"https:\/\/www.lujasula.fi\/index.php\/mika-kraniosakraaliterapia\/#breadcrumb"},"inLanguage":"fi","potentialAction":[{"@type":"ReadAction","target":["https:\/\/www.lujasula.fi\/index.php\/mika-kraniosakraaliterapia\/"]}]},{"@type":"BreadcrumbList","@id":"https:\/\/www.lujasula.fi\/index.php\/mika-kraniosakraaliterapia\/#breadcrumb","itemListElement":[{"@type":"ListItem","position":1,"name":"Etusivu","item":"https:\/\/www.lujasula.fi\/"},{"@type":"ListItem","position":2,"name":"Mik\u00e4 kraniosakraaliterapia?"}]},{"@type":"WebSite","@id":"https:\/\/www.lujasula.fi\/#website","url":"https:\/\/www.lujasula.fi\/","name":"Lujasula","description":"Kovaa ja kevyesti - agilityurheilijan fysiikkavalmennusta","publisher":{"@id":"https:\/\/www.lujasula.fi\/#organization"},"potentialAction":[{"@type":"SearchAction","target":{"@type":"EntryPoint","urlTemplate":"https:\/\/www.lujasula.fi\/?s={search_term_string}"},"query-input":"required name=search_term_string"}],"inLanguage":"fi"},{"@type":"Organization","@id":"https:\/\/www.lujasula.fi\/#organization","name":"tmi Lujasula","url":"https:\/\/www.lujasula.fi\/","sameAs":["http:\/\/instagram.com\/jannikroger"],"logo":{"@type":"ImageObject","inLanguage":"fi","@id":"https:\/\/www.lujasula.fi\/#\/schema\/logo\/image\/","url":"https:\/\/www.lujasula.fi\/wp-content\/uploads\/2021\/10\/Lujasula_vaaleanp.jpg","contentUrl":"https:\/\/www.lujasula.fi\/wp-content\/uploads\/2021\/10\/Lujasula_vaaleanp.jpg","width":800,"height":800,"caption":"tmi Lujasula"},"image":{"@id":"https:\/\/www.lujasula.fi\/#\/schema\/logo\/image\/"}}]}},"_links":{"self":[{"href":"https:\/\/www.lujasula.fi\/index.php\/wp-json\/wp\/v2\/pages\/180"}],"collection":[{"href":"https:\/\/www.lujasula.fi\/index.php\/wp-json\/wp\/v2\/pages"}],"about":[{"href":"https:\/\/www.lujasula.fi\/index.php\/wp-json\/wp\/v2\/types\/page"}],"author":[{"embeddable":true,"href":"https:\/\/www.lujasula.fi\/index.php\/wp-json\/wp\/v2\/users\/1"}],"replies":[{"embeddable":true,"href":"https:\/\/www.lujasula.fi\/index.php\/wp-json\/wp\/v2\/comments?post=180"}],"version-history":[{"count":8,"href":"https:\/\/www.lujasula.fi\/index.php\/wp-json\/wp\/v2\/pages\/180\/revisions"}],"predecessor-version":[{"id":789,"href":"https:\/\/www.lujasula.fi\/index.php\/wp-json\/wp\/v2\/pages\/180\/revisions\/789"}],"wp:featuredmedia":[{"embeddable":true,"href":"https:\/\/www.lujasula.fi\/index.php\/wp-json\/wp\/v2\/media\/183"}],"wp:attachment":[{"href":"https:\/\/www.lujasula.fi\/index.php\/wp-json\/wp\/v2\/media?parent=180"}],"curies":[{"name":"wp","href":"https:\/\/api.w.org\/{rel}","templated":true}]}}