{"id":288,"date":"2023-02-28T16:12:06","date_gmt":"2023-02-28T16:12:06","guid":{"rendered":"https:\/\/www.lujasula.fi\/?page_id=288"},"modified":"2023-02-28T16:12:07","modified_gmt":"2023-02-28T16:12:07","slug":"palaute-agilityurheilijan-nopeus-ja-rajahtavyys","status":"publish","type":"page","link":"https:\/\/www.lujasula.fi\/index.php\/palaute-agilityurheilijan-nopeus-ja-rajahtavyys\/","title":{"rendered":"Palaute: agilityurheilijan nopeus ja r\u00e4j\u00e4ht\u00e4vyys"},"content":{"rendered":"\n<p>T\u00e4ytt\u00e4m\u00e4ll\u00e4 ja l\u00e4hett\u00e4m\u00e4ll\u00e4 t\u00e4m\u00e4n palautelomakkeen suostut palautteen anonyymiin julkaisemiseen. Kiitos jo etuk\u00e4teen! Halutessasi voit laittaa palautetta my\u00f6s suoraan minulle s\u00e4hk\u00f6postitse janni.kroger(at)gmail.com.<\/p>\n<noscript class=\"ninja-forms-noscript-message\">\n\tHuomautus: JavaScript vaaditaan t\u00e4t\u00e4 sis\u00e4lt\u00f6\u00e4 varten.<\/noscript>\n<div id=\"nf-form-3-cont\" class=\"nf-form-cont\" aria-live=\"polite\" aria-labelledby=\"nf-form-title-3\" aria-describedby=\"nf-form-errors-3\" role=\"form\">\n\n    <div class=\"nf-loading-spinner\"><\/div>\n\n<\/div>\n        <!-- TODO: Move to Template File. -->\n        <script>var formDisplay=1;var nfForms=nfForms||[];var form=[];form.id='3';form.settings={\"objectType\":\"Form Setting\",\"editActive\":\"1\",\"title\":\"Feedback\",\"created_at\":\"2023-02-28 18:08:37\",\"form_title\":\"Feedback\",\"default_label_pos\":\"above\",\"show_title\":\"0\",\"clear_complete\":\"1\",\"hide_complete\":\"1\",\"logged_in\":\"0\",\"wrapper_class\":\"\",\"element_class\":\"\",\"key\":\"\",\"add_submit\":\"1\",\"currency\":\"\",\"unique_field_error\":\"A form with this value has already been submitted.\",\"not_logged_in_msg\":\"\",\"sub_limit_msg\":\"The form has reached its submission limit.\",\"calculations\":[],\"formContentData\":[\"nimi_vapaaehtoinen_1677600397096\",\"kuinka_tyytyvainen_olet_kurssiin_1677600411011\",\"palaute_1677600461214\",\"laheta_1677600471254\"],\"drawerDisabled\":\"\",\"allow_public_link\":0,\"embed_form\":\"\",\"form_title_heading_level\":\"3\",\"ninjaForms\":\"Ninja-lomakkeet\",\"changeEmailErrorMsg\":\"Anna voimassa oleva s\\u00e4hk\\u00f6postiosoite!\",\"changeDateErrorMsg\":\"Please enter a valid date!\",\"confirmFieldErrorMsg\":\"N\\u00e4iden kenttien on t\\u00e4sm\\u00e4tt\\u00e4v\\u00e4!\",\"fieldNumberNumMinError\":\"Numero minimi virhe\",\"fieldNumberNumMaxError\":\"Numero maksimi virhe\",\"fieldNumberIncrementBy\":\"Lis\\u00e4\\u00e4 m\\u00e4\\u00e4r\\u00e4ll\\u00e4 \",\"fieldTextareaRTEInsertLink\":\"Lis\\u00e4\\u00e4 linkki\",\"fieldTextareaRTEInsertMedia\":\"Lis\\u00e4\\u00e4 media\",\"fieldTextareaRTESelectAFile\":\"Valitse tiedosto\",\"formErrorsCorrectErrors\":\"Korjaa virheet, ennen kuin l\\u00e4het\\u00e4t t\\u00e4m\\u00e4n lomakkeen.\",\"formHoneypot\":\"Jos n\\u00e4et t\\u00e4m\\u00e4n kent\\u00e4n, j\\u00e4t\\u00e4 se tyhj\\u00e4ksi.\",\"validateRequiredField\":\"T\\u00e4m\\u00e4 on pakollinen kentt\\u00e4.\",\"honeypotHoneypotError\":\"Honeypot-virhe\",\"fileUploadOldCodeFileUploadInProgress\":\"Tiedoston l\\u00e4hett\\u00e4minen menossa.\",\"fileUploadOldCodeFileUpload\":\"TIEDOSTON L\\u00c4HETT\\u00c4MINEN\",\"currencySymbol\":false,\"fieldsMarkedRequired\":\"T\\u00e4hdell\\u00e4 <span class=\\\"ninja-forms-req-symbol\\\">*<\\\/span> merkityt kent\\u00e4t ovat pakollisia\",\"thousands_sep\":\"&nbsp;\",\"decimal_point\":\",\",\"siteLocale\":\"fi\",\"dateFormat\":\"m\\\/d\\\/Y\",\"startOfWeek\":\"1\",\"of\":\" \\\/ \",\"previousMonth\":\"Previous Month\",\"nextMonth\":\"Next Month\",\"months\":[\"January\",\"February\",\"March\",\"April\",\"May\",\"June\",\"July\",\"August\",\"September\",\"October\",\"November\",\"December\"],\"monthsShort\":[\"Jan\",\"Feb\",\"Mar\",\"Apr\",\"May\",\"Jun\",\"Jul\",\"Aug\",\"Sep\",\"Oct\",\"Nov\",\"Dec\"],\"weekdays\":[\"Sunday\",\"Monday\",\"Tuesday\",\"Wednesday\",\"Thursday\",\"Friday\",\"Saturday\"],\"weekdaysShort\":[\"Sun\",\"Mon\",\"Tue\",\"Wed\",\"Thu\",\"Fri\",\"Sat\"],\"weekdaysMin\":[\"Su\",\"Mo\",\"Tu\",\"We\",\"Th\",\"Fr\",\"Sa\"],\"recaptchaConsentMissing\":\"reCapctha validation couldn&#039;t load.\",\"recaptchaMissingCookie\":\"reCaptcha v3 validation couldn&#039;t load the cookie needed to submit the form.\",\"recaptchaConsentEvent\":\"Accept reCaptcha cookies before sending the form.\",\"currency_symbol\":\"\",\"beforeForm\":\"\",\"beforeFields\":\"\",\"afterFields\":\"\",\"afterForm\":\"\"};form.fields=[{\"objectType\":\"Field\",\"objectDomain\":\"fields\",\"editActive\":false,\"order\":1,\"idAttribute\":\"id\",\"type\":\"firstname\",\"label\":\"Nimi (vapaaehtoinen)\",\"key\":\"nimi_vapaaehtoinen_1677600397096\",\"label_pos\":\"above\",\"required\":\"\",\"default\":\"\",\"placeholder\":\"\",\"container_class\":\"one-half first\",\"element_class\":\"\",\"admin_label\":\"\",\"help_text\":\"\",\"custom_name_attribute\":\"fname\",\"field_label\":\"First Name\",\"field_key\":\"firstname_1523909155772\",\"personally_identifiable\":1,\"value\":\"\",\"drawerDisabled\":false,\"id\":15,\"beforeField\":\"\",\"afterField\":\"\",\"parentType\":\"firstname\",\"element_templates\":[\"firstname\",\"input\"],\"old_classname\":\"\",\"wrap_template\":\"wrap\"},{\"objectType\":\"Field\",\"objectDomain\":\"fields\",\"editActive\":false,\"order\":4,\"idAttribute\":\"id\",\"type\":\"listradio\",\"label\":\"Kuinka tyytyv\\u00e4inen olet kurssiin?\",\"key\":\"kuinka_tyytyvainen_olet_kurssiin_1677600411011\",\"label_pos\":\"above\",\"required\":\"\",\"options\":[{\"errors\":[],\"max_options\":0,\"label\":\"Todella tyytyv\\u00e4inen\",\"value\":\"very satisfied\",\"calc\":\"\",\"selected\":0,\"order\":0,\"settingModel\":{\"settings\":false,\"hide_merge_tags\":false,\"error\":false,\"name\":\"options\",\"type\":\"option-repeater\",\"label\":\"Valinnat <a href=\\\"#\\\" class=\\\"nf-add-new\\\">Lis\\u00e4\\u00e4 uusi<\\\/a> <a href=\\\"#\\\" class=\\\"extra nf-open-import-tooltip\\\"><i class=\\\"fa fa-sign-in\\\" aria-hidden=\\\"true\\\"><\\\/i> Tuo<\\\/a>\",\"width\":\"full\",\"group\":\"\",\"value\":[{\"label\":\"Yksi\",\"value\":\"yksi\",\"calc\":\"\",\"selected\":0,\"order\":0},{\"label\":\"Kaksi\",\"value\":\"kaksi\",\"calc\":\"\",\"selected\":0,\"order\":1},{\"label\":\"Kolme\",\"value\":\"kolme\",\"calc\":\"\",\"selected\":0,\"order\":2}],\"columns\":{\"label\":{\"header\":\"Tunnus\",\"default\":\"\"},\"value\":{\"header\":\"Arvo\",\"default\":\"\"},\"calc\":{\"header\":\"Laskenta-arvo\",\"default\":\"\"},\"selected\":{\"header\":\"<span class=\\\"dashicons dashicons-yes\\\"><\\\/span>\",\"default\":0}}},\"manual_value\":true},{\"errors\":[],\"max_options\":0,\"label\":\"Tyytyv\\u00e4inen\",\"value\":\"satisfied\",\"calc\":\"\",\"selected\":0,\"order\":1,\"settingModel\":{\"settings\":false,\"hide_merge_tags\":false,\"error\":false,\"name\":\"options\",\"type\":\"option-repeater\",\"label\":\"Valinnat <a href=\\\"#\\\" class=\\\"nf-add-new\\\">Lis\\u00e4\\u00e4 uusi<\\\/a> <a href=\\\"#\\\" class=\\\"extra nf-open-import-tooltip\\\"><i class=\\\"fa fa-sign-in\\\" aria-hidden=\\\"true\\\"><\\\/i> Tuo<\\\/a>\",\"width\":\"full\",\"group\":\"\",\"value\":[{\"label\":\"Yksi\",\"value\":\"yksi\",\"calc\":\"\",\"selected\":0,\"order\":0},{\"label\":\"Kaksi\",\"value\":\"kaksi\",\"calc\":\"\",\"selected\":0,\"order\":1},{\"label\":\"Kolme\",\"value\":\"kolme\",\"calc\":\"\",\"selected\":0,\"order\":2}],\"columns\":{\"label\":{\"header\":\"Tunnus\",\"default\":\"\"},\"value\":{\"header\":\"Arvo\",\"default\":\"\"},\"calc\":{\"header\":\"Laskenta-arvo\",\"default\":\"\"},\"selected\":{\"header\":\"<span class=\\\"dashicons dashicons-yes\\\"><\\\/span>\",\"default\":0}}},\"manual_value\":true},{\"errors\":[],\"max_options\":0,\"label\":\"Neutraali\",\"value\":\"unsatisfied\",\"calc\":\"\",\"selected\":0,\"order\":2,\"settingModel\":{\"settings\":false,\"hide_merge_tags\":false,\"error\":false,\"name\":\"options\",\"type\":\"option-repeater\",\"label\":\"Valinnat <a href=\\\"#\\\" class=\\\"nf-add-new\\\">Lis\\u00e4\\u00e4 uusi<\\\/a> <a href=\\\"#\\\" class=\\\"extra nf-open-import-tooltip\\\"><i class=\\\"fa fa-sign-in\\\" aria-hidden=\\\"true\\\"><\\\/i> Tuo<\\\/a>\",\"width\":\"full\",\"group\":\"\",\"value\":[{\"label\":\"Yksi\",\"value\":\"yksi\",\"calc\":\"\",\"selected\":0,\"order\":0},{\"label\":\"Kaksi\",\"value\":\"kaksi\",\"calc\":\"\",\"selected\":0,\"order\":1},{\"label\":\"Kolme\",\"value\":\"kolme\",\"calc\":\"\",\"selected\":0,\"order\":2}],\"columns\":{\"label\":{\"header\":\"Tunnus\",\"default\":\"\"},\"value\":{\"header\":\"Arvo\",\"default\":\"\"},\"calc\":{\"header\":\"Laskenta-arvo\",\"default\":\"\"},\"selected\":{\"header\":\"<span class=\\\"dashicons dashicons-yes\\\"><\\\/span>\",\"default\":0}}},\"manual_value\":true},{\"errors\":[],\"max_options\":0,\"order\":3,\"new\":false,\"options\":[],\"label\":\"Tyytym\\u00e4t\\u00f6n\",\"value\":\"very unsatisfied\",\"calc\":\"\",\"selected\":0,\"settingModel\":{\"settings\":false,\"hide_merge_tags\":false,\"error\":false,\"name\":\"options\",\"type\":\"option-repeater\",\"label\":\"Valinnat <a href=\\\"#\\\" class=\\\"nf-add-new\\\">Lis\\u00e4\\u00e4 uusi<\\\/a> <a href=\\\"#\\\" class=\\\"extra nf-open-import-tooltip\\\"><i class=\\\"fa fa-sign-in\\\" aria-hidden=\\\"true\\\"><\\\/i> Tuo<\\\/a>\",\"width\":\"full\",\"group\":\"\",\"value\":[{\"label\":\"Yksi\",\"value\":\"yksi\",\"calc\":\"\",\"selected\":0,\"order\":0},{\"label\":\"Kaksi\",\"value\":\"kaksi\",\"calc\":\"\",\"selected\":0,\"order\":1},{\"label\":\"Kolme\",\"value\":\"kolme\",\"calc\":\"\",\"selected\":0,\"order\":2}],\"columns\":{\"label\":{\"header\":\"Tunnus\",\"default\":\"\"},\"value\":{\"header\":\"Arvo\",\"default\":\"\"},\"calc\":{\"header\":\"Laskenta-arvo\",\"default\":\"\"},\"selected\":{\"header\":\"<span class=\\\"dashicons dashicons-yes\\\"><\\\/span>\",\"default\":0}}},\"manual_value\":true},{\"errors\":[],\"max_options\":0,\"order\":4,\"new\":false,\"options\":[],\"label\":\"Todella tyytym\\u00e4t\\u00f6n\",\"value\":\"todella-tyytymaton\",\"calc\":\"\",\"selected\":0,\"settingModel\":{\"settings\":false,\"hide_merge_tags\":false,\"error\":false,\"name\":\"options\",\"type\":\"option-repeater\",\"label\":\"Valinnat <a href=\\\"#\\\" class=\\\"nf-add-new\\\">Lis\\u00e4\\u00e4 uusi<\\\/a> <a href=\\\"#\\\" class=\\\"extra nf-open-import-tooltip\\\"><i class=\\\"fa fa-sign-in\\\" aria-hidden=\\\"true\\\"><\\\/i> Tuo<\\\/a>\",\"width\":\"full\",\"group\":\"\",\"value\":[{\"label\":\"Yksi\",\"value\":\"yksi\",\"calc\":\"\",\"selected\":0,\"order\":0},{\"label\":\"Kaksi\",\"value\":\"kaksi\",\"calc\":\"\",\"selected\":0,\"order\":1},{\"label\":\"Kolme\",\"value\":\"kolme\",\"calc\":\"\",\"selected\":0,\"order\":2}],\"columns\":{\"label\":{\"header\":\"Tunnus\",\"default\":\"\"},\"value\":{\"header\":\"Arvo\",\"default\":\"\"},\"calc\":{\"header\":\"Laskenta-arvo\",\"default\":\"\"},\"selected\":{\"header\":\"<span class=\\\"dashicons dashicons-yes\\\"><\\\/span>\",\"default\":0}}}}],\"container_class\":\"four-col-list\",\"element_class\":\"\",\"admin_label\":\"\",\"help_text\":\"\",\"drawerDisabled\":false,\"field_label\":\"How would you rate our last newsletter?\",\"field_key\":\"how_would_you_rate_our_last_newsletter_1523909731318\",\"id\":18,\"beforeField\":\"\",\"afterField\":\"\",\"value\":\"\",\"parentType\":\"list\",\"element_templates\":[\"listradio\",\"input\"],\"old_classname\":\"list-radio\",\"wrap_template\":\"wrap\"},{\"objectType\":\"Field\",\"objectDomain\":\"fields\",\"editActive\":false,\"order\":6,\"idAttribute\":\"id\",\"type\":\"textarea\",\"label\":\"Palaute:\",\"key\":\"palaute_1677600461214\",\"label_pos\":\"above\",\"required\":\"\",\"default\":\"\",\"placeholder\":\"\",\"container_class\":\"\",\"element_class\":\"\",\"input_limit\":\"\",\"input_limit_type\":\"characters\",\"input_limit_msg\":\"Character(s) left\",\"manual_key\":\"\",\"admin_label\":\"\",\"help_text\":\"\",\"textarea_rte\":\"\",\"disable_rte_mobile\":\"\",\"textarea_media\":\"\",\"drawerDisabled\":false,\"field_label\":\"Any additional feedback?\",\"field_key\":\"any_additional_feedback_1523909589340\",\"value\":\"\",\"id\":20,\"beforeField\":\"\",\"afterField\":\"\",\"parentType\":\"textarea\",\"element_templates\":[\"textarea\",\"input\"],\"old_classname\":\"\",\"wrap_template\":\"wrap\"},{\"objectType\":\"Field\",\"objectDomain\":\"fields\",\"editActive\":false,\"order\":7,\"idAttribute\":\"id\",\"type\":\"submit\",\"label\":\"L\\u00e4het\\u00e4\",\"processing_label\":\"K\\u00e4sitell\\u00e4\\u00e4n\",\"container_class\":\"\",\"element_class\":\"\",\"key\":\"laheta_1677600471254\",\"field_label\":\"Submit\",\"field_key\":\"submit_1523909373360\",\"drawerDisabled\":false,\"id\":21,\"beforeField\":\"\",\"afterField\":\"\",\"value\":\"\",\"label_pos\":\"above\",\"parentType\":\"textbox\",\"element_templates\":[\"submit\",\"button\",\"input\"],\"old_classname\":\"\",\"wrap_template\":\"wrap-no-label\"}];nfForms.push(form);<\/script>\n        ","protected":false},"excerpt":{"rendered":"<p>T\u00e4ytt\u00e4m\u00e4ll\u00e4 ja l\u00e4hett\u00e4m\u00e4ll\u00e4 t\u00e4m\u00e4n palautelomakkeen suostut palautteen anonyymiin julkaisemiseen. Kiitos jo etuk\u00e4teen! Halutessasi voit laittaa palautetta my\u00f6s suoraan minulle s\u00e4hk\u00f6postitse janni.kroger(at)gmail.com. Huomautus: JavaScript vaaditaan t\u00e4t\u00e4 sis\u00e4lt\u00f6\u00e4 varten.<\/p>\n","protected":false},"author":1,"featured_media":0,"parent":0,"menu_order":0,"comment_status":"closed","ping_status":"closed","template":"","meta":[],"yoast_head":"<!-- This site is optimized with the Yoast SEO plugin v19.6.1 - https:\/\/yoast.com\/wordpress\/plugins\/seo\/ -->\n<title>Palaute: agilityurheilijan nopeus ja r\u00e4j\u00e4ht\u00e4vyys - Lujasula<\/title>\n<meta name=\"robots\" content=\"index, follow, max-snippet:-1, max-image-preview:large, max-video-preview:-1\" \/>\n<link rel=\"canonical\" href=\"https:\/\/www.lujasula.fi\/index.php\/palaute-agilityurheilijan-nopeus-ja-rajahtavyys\/\" \/>\n<meta property=\"og:locale\" content=\"fi_FI\" \/>\n<meta property=\"og:type\" content=\"article\" \/>\n<meta property=\"og:title\" content=\"Palaute: agilityurheilijan nopeus ja r\u00e4j\u00e4ht\u00e4vyys - Lujasula\" \/>\n<meta property=\"og:description\" content=\"T\u00e4ytt\u00e4m\u00e4ll\u00e4 ja l\u00e4hett\u00e4m\u00e4ll\u00e4 t\u00e4m\u00e4n palautelomakkeen suostut palautteen anonyymiin julkaisemiseen. Kiitos jo etuk\u00e4teen! Halutessasi voit laittaa palautetta my\u00f6s suoraan minulle s\u00e4hk\u00f6postitse janni.kroger(at)gmail.com. Huomautus: JavaScript vaaditaan t\u00e4t\u00e4 sis\u00e4lt\u00f6\u00e4 varten.\" \/>\n<meta property=\"og:url\" content=\"https:\/\/www.lujasula.fi\/index.php\/palaute-agilityurheilijan-nopeus-ja-rajahtavyys\/\" \/>\n<meta property=\"og:site_name\" content=\"Lujasula\" \/>\n<meta property=\"article:modified_time\" content=\"2023-02-28T16:12:07+00:00\" \/>\n<meta name=\"twitter:card\" content=\"summary_large_image\" \/>\n<script type=\"application\/ld+json\" class=\"yoast-schema-graph\">{\"@context\":\"https:\/\/schema.org\",\"@graph\":[{\"@type\":\"WebPage\",\"@id\":\"https:\/\/www.lujasula.fi\/index.php\/palaute-agilityurheilijan-nopeus-ja-rajahtavyys\/\",\"url\":\"https:\/\/www.lujasula.fi\/index.php\/palaute-agilityurheilijan-nopeus-ja-rajahtavyys\/\",\"name\":\"Palaute: agilityurheilijan nopeus ja r\u00e4j\u00e4ht\u00e4vyys - Lujasula\",\"isPartOf\":{\"@id\":\"https:\/\/www.lujasula.fi\/#website\"},\"datePublished\":\"2023-02-28T16:12:06+00:00\",\"dateModified\":\"2023-02-28T16:12:07+00:00\",\"breadcrumb\":{\"@id\":\"https:\/\/www.lujasula.fi\/index.php\/palaute-agilityurheilijan-nopeus-ja-rajahtavyys\/#breadcrumb\"},\"inLanguage\":\"fi\",\"potentialAction\":[{\"@type\":\"ReadAction\",\"target\":[\"https:\/\/www.lujasula.fi\/index.php\/palaute-agilityurheilijan-nopeus-ja-rajahtavyys\/\"]}]},{\"@type\":\"BreadcrumbList\",\"@id\":\"https:\/\/www.lujasula.fi\/index.php\/palaute-agilityurheilijan-nopeus-ja-rajahtavyys\/#breadcrumb\",\"itemListElement\":[{\"@type\":\"ListItem\",\"position\":1,\"name\":\"Etusivu\",\"item\":\"https:\/\/www.lujasula.fi\/\"},{\"@type\":\"ListItem\",\"position\":2,\"name\":\"Palaute: agilityurheilijan nopeus ja r\u00e4j\u00e4ht\u00e4vyys\"}]},{\"@type\":\"WebSite\",\"@id\":\"https:\/\/www.lujasula.fi\/#website\",\"url\":\"https:\/\/www.lujasula.fi\/\",\"name\":\"Lujasula\",\"description\":\"Kovaa ja kevyesti - agilityurheilijan fysiikkavalmennusta\",\"publisher\":{\"@id\":\"https:\/\/www.lujasula.fi\/#organization\"},\"potentialAction\":[{\"@type\":\"SearchAction\",\"target\":{\"@type\":\"EntryPoint\",\"urlTemplate\":\"https:\/\/www.lujasula.fi\/?s={search_term_string}\"},\"query-input\":\"required name=search_term_string\"}],\"inLanguage\":\"fi\"},{\"@type\":\"Organization\",\"@id\":\"https:\/\/www.lujasula.fi\/#organization\",\"name\":\"tmi Lujasula\",\"url\":\"https:\/\/www.lujasula.fi\/\",\"sameAs\":[\"http:\/\/instagram.com\/jannikroger\"],\"logo\":{\"@type\":\"ImageObject\",\"inLanguage\":\"fi\",\"@id\":\"https:\/\/www.lujasula.fi\/#\/schema\/logo\/image\/\",\"url\":\"https:\/\/www.lujasula.fi\/wp-content\/uploads\/2021\/10\/Lujasula_vaaleanp.jpg\",\"contentUrl\":\"https:\/\/www.lujasula.fi\/wp-content\/uploads\/2021\/10\/Lujasula_vaaleanp.jpg\",\"width\":800,\"height\":800,\"caption\":\"tmi Lujasula\"},\"image\":{\"@id\":\"https:\/\/www.lujasula.fi\/#\/schema\/logo\/image\/\"}}]}<\/script>\n<!-- \/ Yoast SEO plugin. -->","yoast_head_json":{"title":"Palaute: agilityurheilijan nopeus ja r\u00e4j\u00e4ht\u00e4vyys - Lujasula","robots":{"index":"index","follow":"follow","max-snippet":"max-snippet:-1","max-image-preview":"max-image-preview:large","max-video-preview":"max-video-preview:-1"},"canonical":"https:\/\/www.lujasula.fi\/index.php\/palaute-agilityurheilijan-nopeus-ja-rajahtavyys\/","og_locale":"fi_FI","og_type":"article","og_title":"Palaute: agilityurheilijan nopeus ja r\u00e4j\u00e4ht\u00e4vyys - Lujasula","og_description":"T\u00e4ytt\u00e4m\u00e4ll\u00e4 ja l\u00e4hett\u00e4m\u00e4ll\u00e4 t\u00e4m\u00e4n palautelomakkeen suostut palautteen anonyymiin julkaisemiseen. Kiitos jo etuk\u00e4teen! Halutessasi voit laittaa palautetta my\u00f6s suoraan minulle s\u00e4hk\u00f6postitse janni.kroger(at)gmail.com. Huomautus: JavaScript vaaditaan t\u00e4t\u00e4 sis\u00e4lt\u00f6\u00e4 varten.","og_url":"https:\/\/www.lujasula.fi\/index.php\/palaute-agilityurheilijan-nopeus-ja-rajahtavyys\/","og_site_name":"Lujasula","article_modified_time":"2023-02-28T16:12:07+00:00","twitter_card":"summary_large_image","schema":{"@context":"https:\/\/schema.org","@graph":[{"@type":"WebPage","@id":"https:\/\/www.lujasula.fi\/index.php\/palaute-agilityurheilijan-nopeus-ja-rajahtavyys\/","url":"https:\/\/www.lujasula.fi\/index.php\/palaute-agilityurheilijan-nopeus-ja-rajahtavyys\/","name":"Palaute: agilityurheilijan nopeus ja r\u00e4j\u00e4ht\u00e4vyys - Lujasula","isPartOf":{"@id":"https:\/\/www.lujasula.fi\/#website"},"datePublished":"2023-02-28T16:12:06+00:00","dateModified":"2023-02-28T16:12:07+00:00","breadcrumb":{"@id":"https:\/\/www.lujasula.fi\/index.php\/palaute-agilityurheilijan-nopeus-ja-rajahtavyys\/#breadcrumb"},"inLanguage":"fi","potentialAction":[{"@type":"ReadAction","target":["https:\/\/www.lujasula.fi\/index.php\/palaute-agilityurheilijan-nopeus-ja-rajahtavyys\/"]}]},{"@type":"BreadcrumbList","@id":"https:\/\/www.lujasula.fi\/index.php\/palaute-agilityurheilijan-nopeus-ja-rajahtavyys\/#breadcrumb","itemListElement":[{"@type":"ListItem","position":1,"name":"Etusivu","item":"https:\/\/www.lujasula.fi\/"},{"@type":"ListItem","position":2,"name":"Palaute: agilityurheilijan nopeus ja r\u00e4j\u00e4ht\u00e4vyys"}]},{"@type":"WebSite","@id":"https:\/\/www.lujasula.fi\/#website","url":"https:\/\/www.lujasula.fi\/","name":"Lujasula","description":"Kovaa ja kevyesti - agilityurheilijan fysiikkavalmennusta","publisher":{"@id":"https:\/\/www.lujasula.fi\/#organization"},"potentialAction":[{"@type":"SearchAction","target":{"@type":"EntryPoint","urlTemplate":"https:\/\/www.lujasula.fi\/?s={search_term_string}"},"query-input":"required name=search_term_string"}],"inLanguage":"fi"},{"@type":"Organization","@id":"https:\/\/www.lujasula.fi\/#organization","name":"tmi Lujasula","url":"https:\/\/www.lujasula.fi\/","sameAs":["http:\/\/instagram.com\/jannikroger"],"logo":{"@type":"ImageObject","inLanguage":"fi","@id":"https:\/\/www.lujasula.fi\/#\/schema\/logo\/image\/","url":"https:\/\/www.lujasula.fi\/wp-content\/uploads\/2021\/10\/Lujasula_vaaleanp.jpg","contentUrl":"https:\/\/www.lujasula.fi\/wp-content\/uploads\/2021\/10\/Lujasula_vaaleanp.jpg","width":800,"height":800,"caption":"tmi Lujasula"},"image":{"@id":"https:\/\/www.lujasula.fi\/#\/schema\/logo\/image\/"}}]}},"_links":{"self":[{"href":"https:\/\/www.lujasula.fi\/index.php\/wp-json\/wp\/v2\/pages\/288"}],"collection":[{"href":"https:\/\/www.lujasula.fi\/index.php\/wp-json\/wp\/v2\/pages"}],"about":[{"href":"https:\/\/www.lujasula.fi\/index.php\/wp-json\/wp\/v2\/types\/page"}],"author":[{"embeddable":true,"href":"https:\/\/www.lujasula.fi\/index.php\/wp-json\/wp\/v2\/users\/1"}],"replies":[{"embeddable":true,"href":"https:\/\/www.lujasula.fi\/index.php\/wp-json\/wp\/v2\/comments?post=288"}],"version-history":[{"count":1,"href":"https:\/\/www.lujasula.fi\/index.php\/wp-json\/wp\/v2\/pages\/288\/revisions"}],"predecessor-version":[{"id":289,"href":"https:\/\/www.lujasula.fi\/index.php\/wp-json\/wp\/v2\/pages\/288\/revisions\/289"}],"wp:attachment":[{"href":"https:\/\/www.lujasula.fi\/index.php\/wp-json\/wp\/v2\/media?parent=288"}],"curies":[{"name":"wp","href":"https:\/\/api.w.org\/{rel}","templated":true}]}}