{"id":315,"date":"2023-03-04T16:23:43","date_gmt":"2023-03-04T16:23:43","guid":{"rendered":"https:\/\/www.lujasula.fi\/?page_id=315"},"modified":"2025-04-01T11:27:30","modified_gmt":"2025-04-01T11:27:30","slug":"315-2","status":"publish","type":"page","link":"https:\/\/www.lujasula.fi\/index.php\/315-2\/","title":{"rendered":"Hei, hauska tutustua!"},"content":{"rendered":"\n<p>Olen Janni Kr\u00f6ger, yritt\u00e4j\u00e4 Tmi Lujasulan takana. Olen my\u00f6s pitk\u00e4n linjan liikkuja &amp; koiraharrastaja, sertifioitu nopeusvalmentaja ja hyvinvoinnin &amp;  elintapamuutoksen asiantuntija.<\/p>\n\n\n\n<p>Agilityn ja koiraharrastamisen maailmaan sukelsin toden teolla menness\u00e4ni agilityn alkeiskurssille ensimm\u00e4isen koirani, walesinspringeri Epun kanssa vuonna 2004. Seuraavana vuonna jo kisasimme ja onnistuin kolmosluokkalaisen lainakoiran kanssa voittamaan junnujen SM-pronssia. Kelpie Rumon kanssa kilpailin arvokisatasolla siit\u00e4 kymmenen vuotta my\u00f6hemmin. Ja siell\u00e4 vuoden 2015 SM-kisojen karsintaradalla tajusinkin, ett\u00e4 n\u00e4in nopean koiran kanssa on pakko osata itsekin liikkua&#8230; <\/p>\n\n\n\n<p><a href=\"https:\/\/www.lujasula.fi\/index.php\/tietoja\/\">Tutustu minuun tarkemmin!<\/a><\/p>\n\n\n\n<figure class=\"wp-block-gallery has-nested-images columns-default is-cropped wp-block-gallery-1 is-layout-flex\">\n<figure class=\"wp-block-image size-large\"><img loading=\"lazy\" width=\"768\" height=\"1024\" data-id=\"321\"  src=\"https:\/\/www.lujasula.fi\/wp-content\/uploads\/2023\/03\/IMG_20230225_133959-1-768x1024.jpg\" alt=\"\" class=\"wp-image-321\" srcset=\"https:\/\/www.lujasula.fi\/wp-content\/uploads\/2023\/03\/IMG_20230225_133959-1-768x1024.jpg 768w, https:\/\/www.lujasula.fi\/wp-content\/uploads\/2023\/03\/IMG_20230225_133959-1-225x300.jpg 225w, https:\/\/www.lujasula.fi\/wp-content\/uploads\/2023\/03\/IMG_20230225_133959-1-1152x1536.jpg 1152w, https:\/\/www.lujasula.fi\/wp-content\/uploads\/2023\/03\/IMG_20230225_133959-1-1536x2048.jpg 1536w, https:\/\/www.lujasula.fi\/wp-content\/uploads\/2023\/03\/IMG_20230225_133959-1-scaled.jpg 1920w\" sizes=\"(max-width: 706px) 89vw, (max-width: 767px) 82vw, 740px\" \/><\/figure>\n\n\n\n<figure class=\"wp-block-image size-large\"><img loading=\"lazy\" width=\"683\" height=\"1024\" data-id=\"208\"  src=\"https:\/\/www.lujasula.fi\/wp-content\/uploads\/2022\/10\/DSCF3717-683x1024.jpg\" alt=\"\" class=\"wp-image-208\" srcset=\"https:\/\/www.lujasula.fi\/wp-content\/uploads\/2022\/10\/DSCF3717-683x1024.jpg 683w, https:\/\/www.lujasula.fi\/wp-content\/uploads\/2022\/10\/DSCF3717-200x300.jpg 200w, https:\/\/www.lujasula.fi\/wp-content\/uploads\/2022\/10\/DSCF3717-768x1152.jpg 768w, https:\/\/www.lujasula.fi\/wp-content\/uploads\/2022\/10\/DSCF3717-1024x1536.jpg 1024w, https:\/\/www.lujasula.fi\/wp-content\/uploads\/2022\/10\/DSCF3717-1365x2048.jpg 1365w, https:\/\/www.lujasula.fi\/wp-content\/uploads\/2022\/10\/DSCF3717-scaled.jpg 1707w\" sizes=\"(max-width: 683px) 100vw, 683px\" \/><\/figure>\n\n\n\n<figure class=\"wp-block-image size-large\"><img loading=\"lazy\" width=\"1024\" height=\"683\" data-id=\"296\"  src=\"https:\/\/www.lujasula.fi\/wp-content\/uploads\/2023\/03\/DSCF4207-1024x683.jpg\" alt=\"\" class=\"wp-image-296\" srcset=\"https:\/\/www.lujasula.fi\/wp-content\/uploads\/2023\/03\/DSCF4207-1024x683.jpg 1024w, https:\/\/www.lujasula.fi\/wp-content\/uploads\/2023\/03\/DSCF4207-300x200.jpg 300w, https:\/\/www.lujasula.fi\/wp-content\/uploads\/2023\/03\/DSCF4207-768x512.jpg 768w, https:\/\/www.lujasula.fi\/wp-content\/uploads\/2023\/03\/DSCF4207-1536x1024.jpg 1536w, https:\/\/www.lujasula.fi\/wp-content\/uploads\/2023\/03\/DSCF4207-2048x1365.jpg 2048w\" sizes=\"(max-width: 706px) 89vw, (max-width: 767px) 82vw, 740px\" \/><\/figure>\n<\/figure>\n","protected":false},"excerpt":{"rendered":"<p>Olen Janni Kr\u00f6ger, yritt\u00e4j\u00e4 Tmi Lujasulan takana. Olen my\u00f6s pitk\u00e4n linjan liikkuja &amp; koiraharrastaja, sertifioitu nopeusvalmentaja ja hyvinvoinnin &amp; elintapamuutoksen asiantuntija. Agilityn ja koiraharrastamisen maailmaan sukelsin toden teolla menness\u00e4ni agilityn alkeiskurssille ensimm\u00e4isen koirani, walesinspringeri Epun kanssa vuonna 2004. Seuraavana vuonna jo kisasimme ja onnistuin kolmosluokkalaisen lainakoiran kanssa voittamaan junnujen SM-pronssia. Kelpie Rumon kanssa kilpailin arvokisatasolla &hellip; <\/p>\n<p class=\"link-more\"><a href=\"https:\/\/www.lujasula.fi\/index.php\/315-2\/\" class=\"more-link\">Jatka lukemista<span class=\"screen-reader-text\"> &#8221;Hei, hauska tutustua!&#8221;<\/span><\/a><\/p>\n","protected":false},"author":1,"featured_media":767,"parent":0,"menu_order":0,"comment_status":"closed","ping_status":"closed","template":"","meta":[],"yoast_head":"<!-- This site is optimized with the Yoast SEO plugin v19.6.1 - https:\/\/yoast.com\/wordpress\/plugins\/seo\/ -->\n<title>Hei, hauska tutustua! - Lujasula<\/title>\n<meta name=\"robots\" content=\"index, follow, max-snippet:-1, max-image-preview:large, max-video-preview:-1\" \/>\n<link rel=\"canonical\" href=\"https:\/\/www.lujasula.fi\/index.php\/315-2\/\" \/>\n<meta property=\"og:locale\" content=\"fi_FI\" \/>\n<meta property=\"og:type\" content=\"article\" \/>\n<meta property=\"og:title\" content=\"Hei, hauska tutustua! - Lujasula\" \/>\n<meta property=\"og:description\" content=\"Olen Janni Kr\u00f6ger, yritt\u00e4j\u00e4 Tmi Lujasulan takana. Olen my\u00f6s pitk\u00e4n linjan liikkuja &amp; koiraharrastaja, sertifioitu nopeusvalmentaja ja hyvinvoinnin &amp; elintapamuutoksen asiantuntija. Agilityn ja koiraharrastamisen maailmaan sukelsin toden teolla menness\u00e4ni agilityn alkeiskurssille ensimm\u00e4isen koirani, walesinspringeri Epun kanssa vuonna 2004. Seuraavana vuonna jo kisasimme ja onnistuin kolmosluokkalaisen lainakoiran kanssa voittamaan junnujen SM-pronssia. Kelpie Rumon kanssa kilpailin arvokisatasolla &hellip; Jatka lukemista &quot;Hei, hauska tutustua!&quot;\" \/>\n<meta property=\"og:url\" content=\"https:\/\/www.lujasula.fi\/index.php\/315-2\/\" \/>\n<meta property=\"og:site_name\" content=\"Lujasula\" \/>\n<meta property=\"article:modified_time\" content=\"2025-04-01T11:27:30+00:00\" \/>\n<meta property=\"og:image\" content=\"https:\/\/www.lujasula.fi\/wp-content\/uploads\/2025\/04\/kuvaus6-scaled.jpg\" \/>\n\t<meta property=\"og:image:width\" content=\"2560\" \/>\n\t<meta property=\"og:image:height\" content=\"1707\" \/>\n\t<meta property=\"og:image:type\" content=\"image\/jpeg\" \/>\n<meta name=\"twitter:card\" content=\"summary_large_image\" \/>\n<script type=\"application\/ld+json\" class=\"yoast-schema-graph\">{\"@context\":\"https:\/\/schema.org\",\"@graph\":[{\"@type\":\"WebPage\",\"@id\":\"https:\/\/www.lujasula.fi\/index.php\/315-2\/\",\"url\":\"https:\/\/www.lujasula.fi\/index.php\/315-2\/\",\"name\":\"Hei, hauska tutustua! - Lujasula\",\"isPartOf\":{\"@id\":\"https:\/\/www.lujasula.fi\/#website\"},\"datePublished\":\"2023-03-04T16:23:43+00:00\",\"dateModified\":\"2025-04-01T11:27:30+00:00\",\"breadcrumb\":{\"@id\":\"https:\/\/www.lujasula.fi\/index.php\/315-2\/#breadcrumb\"},\"inLanguage\":\"fi\",\"potentialAction\":[{\"@type\":\"ReadAction\",\"target\":[\"https:\/\/www.lujasula.fi\/index.php\/315-2\/\"]}]},{\"@type\":\"BreadcrumbList\",\"@id\":\"https:\/\/www.lujasula.fi\/index.php\/315-2\/#breadcrumb\",\"itemListElement\":[{\"@type\":\"ListItem\",\"position\":1,\"name\":\"Etusivu\",\"item\":\"https:\/\/www.lujasula.fi\/\"},{\"@type\":\"ListItem\",\"position\":2,\"name\":\"Hei, hauska tutustua!\"}]},{\"@type\":\"WebSite\",\"@id\":\"https:\/\/www.lujasula.fi\/#website\",\"url\":\"https:\/\/www.lujasula.fi\/\",\"name\":\"Lujasula\",\"description\":\"Kovaa ja kevyesti - agilityurheilijan fysiikkavalmennusta\",\"publisher\":{\"@id\":\"https:\/\/www.lujasula.fi\/#organization\"},\"potentialAction\":[{\"@type\":\"SearchAction\",\"target\":{\"@type\":\"EntryPoint\",\"urlTemplate\":\"https:\/\/www.lujasula.fi\/?s={search_term_string}\"},\"query-input\":\"required name=search_term_string\"}],\"inLanguage\":\"fi\"},{\"@type\":\"Organization\",\"@id\":\"https:\/\/www.lujasula.fi\/#organization\",\"name\":\"tmi Lujasula\",\"url\":\"https:\/\/www.lujasula.fi\/\",\"sameAs\":[\"http:\/\/instagram.com\/jannikroger\"],\"logo\":{\"@type\":\"ImageObject\",\"inLanguage\":\"fi\",\"@id\":\"https:\/\/www.lujasula.fi\/#\/schema\/logo\/image\/\",\"url\":\"https:\/\/www.lujasula.fi\/wp-content\/uploads\/2021\/10\/Lujasula_vaaleanp.jpg\",\"contentUrl\":\"https:\/\/www.lujasula.fi\/wp-content\/uploads\/2021\/10\/Lujasula_vaaleanp.jpg\",\"width\":800,\"height\":800,\"caption\":\"tmi Lujasula\"},\"image\":{\"@id\":\"https:\/\/www.lujasula.fi\/#\/schema\/logo\/image\/\"}}]}<\/script>\n<!-- \/ Yoast SEO plugin. -->","yoast_head_json":{"title":"Hei, hauska tutustua! - Lujasula","robots":{"index":"index","follow":"follow","max-snippet":"max-snippet:-1","max-image-preview":"max-image-preview:large","max-video-preview":"max-video-preview:-1"},"canonical":"https:\/\/www.lujasula.fi\/index.php\/315-2\/","og_locale":"fi_FI","og_type":"article","og_title":"Hei, hauska tutustua! - Lujasula","og_description":"Olen Janni Kr\u00f6ger, yritt\u00e4j\u00e4 Tmi Lujasulan takana. Olen my\u00f6s pitk\u00e4n linjan liikkuja &amp; koiraharrastaja, sertifioitu nopeusvalmentaja ja hyvinvoinnin &amp; elintapamuutoksen asiantuntija. Agilityn ja koiraharrastamisen maailmaan sukelsin toden teolla menness\u00e4ni agilityn alkeiskurssille ensimm\u00e4isen koirani, walesinspringeri Epun kanssa vuonna 2004. Seuraavana vuonna jo kisasimme ja onnistuin kolmosluokkalaisen lainakoiran kanssa voittamaan junnujen SM-pronssia. Kelpie Rumon kanssa kilpailin arvokisatasolla &hellip; Jatka lukemista \"Hei, hauska tutustua!\"","og_url":"https:\/\/www.lujasula.fi\/index.php\/315-2\/","og_site_name":"Lujasula","article_modified_time":"2025-04-01T11:27:30+00:00","og_image":[{"width":2560,"height":1707,"url":"https:\/\/www.lujasula.fi\/wp-content\/uploads\/2025\/04\/kuvaus6-scaled.jpg","type":"image\/jpeg"}],"twitter_card":"summary_large_image","schema":{"@context":"https:\/\/schema.org","@graph":[{"@type":"WebPage","@id":"https:\/\/www.lujasula.fi\/index.php\/315-2\/","url":"https:\/\/www.lujasula.fi\/index.php\/315-2\/","name":"Hei, hauska tutustua! - Lujasula","isPartOf":{"@id":"https:\/\/www.lujasula.fi\/#website"},"datePublished":"2023-03-04T16:23:43+00:00","dateModified":"2025-04-01T11:27:30+00:00","breadcrumb":{"@id":"https:\/\/www.lujasula.fi\/index.php\/315-2\/#breadcrumb"},"inLanguage":"fi","potentialAction":[{"@type":"ReadAction","target":["https:\/\/www.lujasula.fi\/index.php\/315-2\/"]}]},{"@type":"BreadcrumbList","@id":"https:\/\/www.lujasula.fi\/index.php\/315-2\/#breadcrumb","itemListElement":[{"@type":"ListItem","position":1,"name":"Etusivu","item":"https:\/\/www.lujasula.fi\/"},{"@type":"ListItem","position":2,"name":"Hei, hauska tutustua!"}]},{"@type":"WebSite","@id":"https:\/\/www.lujasula.fi\/#website","url":"https:\/\/www.lujasula.fi\/","name":"Lujasula","description":"Kovaa ja kevyesti - agilityurheilijan fysiikkavalmennusta","publisher":{"@id":"https:\/\/www.lujasula.fi\/#organization"},"potentialAction":[{"@type":"SearchAction","target":{"@type":"EntryPoint","urlTemplate":"https:\/\/www.lujasula.fi\/?s={search_term_string}"},"query-input":"required name=search_term_string"}],"inLanguage":"fi"},{"@type":"Organization","@id":"https:\/\/www.lujasula.fi\/#organization","name":"tmi Lujasula","url":"https:\/\/www.lujasula.fi\/","sameAs":["http:\/\/instagram.com\/jannikroger"],"logo":{"@type":"ImageObject","inLanguage":"fi","@id":"https:\/\/www.lujasula.fi\/#\/schema\/logo\/image\/","url":"https:\/\/www.lujasula.fi\/wp-content\/uploads\/2021\/10\/Lujasula_vaaleanp.jpg","contentUrl":"https:\/\/www.lujasula.fi\/wp-content\/uploads\/2021\/10\/Lujasula_vaaleanp.jpg","width":800,"height":800,"caption":"tmi Lujasula"},"image":{"@id":"https:\/\/www.lujasula.fi\/#\/schema\/logo\/image\/"}}]}},"_links":{"self":[{"href":"https:\/\/www.lujasula.fi\/index.php\/wp-json\/wp\/v2\/pages\/315"}],"collection":[{"href":"https:\/\/www.lujasula.fi\/index.php\/wp-json\/wp\/v2\/pages"}],"about":[{"href":"https:\/\/www.lujasula.fi\/index.php\/wp-json\/wp\/v2\/types\/page"}],"author":[{"embeddable":true,"href":"https:\/\/www.lujasula.fi\/index.php\/wp-json\/wp\/v2\/users\/1"}],"replies":[{"embeddable":true,"href":"https:\/\/www.lujasula.fi\/index.php\/wp-json\/wp\/v2\/comments?post=315"}],"version-history":[{"count":4,"href":"https:\/\/www.lujasula.fi\/index.php\/wp-json\/wp\/v2\/pages\/315\/revisions"}],"predecessor-version":[{"id":670,"href":"https:\/\/www.lujasula.fi\/index.php\/wp-json\/wp\/v2\/pages\/315\/revisions\/670"}],"wp:featuredmedia":[{"embeddable":true,"href":"https:\/\/www.lujasula.fi\/index.php\/wp-json\/wp\/v2\/media\/767"}],"wp:attachment":[{"href":"https:\/\/www.lujasula.fi\/index.php\/wp-json\/wp\/v2\/media?parent=315"}],"curies":[{"name":"wp","href":"https:\/\/api.w.org\/{rel}","templated":true}]}}