{"id":360,"date":"2023-04-09T17:10:41","date_gmt":"2023-04-09T17:10:41","guid":{"rendered":"https:\/\/www.lujasula.fi\/?page_id=360"},"modified":"2025-11-06T07:44:17","modified_gmt":"2025-11-06T07:44:17","slug":"kraniosakraaliterapiaa-koirille-siilinjarvella","status":"publish","type":"page","link":"https:\/\/www.lujasula.fi\/index.php\/kraniosakraaliterapiaa-koirille-siilinjarvella\/","title":{"rendered":"Kraniosakraaliterapiaa koirille Siilinj\u00e4rvell\u00e4"},"content":{"rendered":"\n<p>Hell\u00e4varaista, mutta tehokasta manuaalista hoitoa urheilu- ja kotikoirille kotik\u00e4yntin\u00e4 alueella Siilinj\u00e4rvi-Kuopio-Maaninka-Pielavesi. <\/p>\n\n\n\n<p>Olen kraniosakraaliterapeutti, urheilukoirahieroja, agilityvalmentaja ja pitk\u00e4n linjan koiraurheilija, jolle koiran suorituskyky ja hyvinvointi on aktiivisen harrastamisen &amp; hyv\u00e4n arjen perusta. Minuun voit tutustua tarkemmin <a href=\"https:\/\/www.lujasula.fi\/index.php\/tietoja\/\">t\u00e4\u00e4ll\u00e4<\/a>.<\/p>\n\n\n\n<div class=\"wp-block-media-text alignwide is-stacked-on-mobile\"><figure class=\"wp-block-media-text__media\"><img loading=\"lazy\" width=\"769\" height=\"1024\" src=\"https:\/\/www.lujasula.fi\/wp-content\/uploads\/2023\/11\/IMG_20231123_122841_932-769x1024.jpg\" alt=\"\" class=\"wp-image-542 size-full\" srcset=\"https:\/\/www.lujasula.fi\/wp-content\/uploads\/2023\/11\/IMG_20231123_122841_932-769x1024.jpg 769w, https:\/\/www.lujasula.fi\/wp-content\/uploads\/2023\/11\/IMG_20231123_122841_932-225x300.jpg 225w, https:\/\/www.lujasula.fi\/wp-content\/uploads\/2023\/11\/IMG_20231123_122841_932-768x1022.jpg 768w, https:\/\/www.lujasula.fi\/wp-content\/uploads\/2023\/11\/IMG_20231123_122841_932.jpg 843w\" sizes=\"(max-width: 706px) 89vw, (max-width: 767px) 82vw, 740px\" \/><\/figure><div class=\"wp-block-media-text__content\">\n<p><strong>Kenelle?<\/strong><\/p>\n\n\n\n<p>Useimmiten asiakkaaksi p\u00e4\u00e4tyy koira, jolla on jokin fyysinen haaste vailla korjaamista, mutta hoito sopii my\u00f6s esimerkiksi urheilukoiran tilannekatsaukseksi tai pennun rentouttavaksi k\u00e4sittelyharjoitukseksi.<\/p>\n\n\n\n<p>Asiakaskoirilla on ollut mm. iliopsoas-vammoja, j\u00e4ykki\u00e4 selki\u00e4 ja niskoja, peitsaamista sek\u00e4 ontumista.<\/p>\n\n\n\n<p>Koiraa voidaan k\u00e4sitell\u00e4 hermostoa rauhoittavalla ja hell\u00e4varaisella kraniosakraaliterapialla, mutta tarvittaessa my\u00f6s hierontatekniikoilla.<\/p>\n\n\n\n<p>Neuvon mielell\u00e4ni my\u00f6s miten voit huoltaa omaa koiraasi kotona.<\/p>\n\n\n\n<p><\/p>\n<\/div><\/div>\n\n\n\n<p><a href=\"https:\/\/www.lujasula.fi\/index.php\/mika-kraniosakraaliterapia\/\">Lue lis\u00e4\u00e4 kraniosakraaliterapiasta.<\/a> T\u00e4m\u00e4 toimiva, lempe\u00e4sti hoidettavaan vaikuttava hoitomuoto vakuutti minut jo vuosia sitten ja toi hy\u00f6dyllist\u00e4 lis\u00e4osaamista hierontoihin. Koiral\u00e4ht\u00f6inen, kuunteleva k\u00e4sittely toimii kipuilevalle koiralle monesti hierontaa paremmin. Tarvittaessa ohjaan asiakkaan eteenp\u00e4in tarkempiin tutkimuksiin.<\/p>\n\n\n\n<h2 class=\"wp-block-heading\">Hinnasto<\/h2>\n\n\n\n<div class=\"wp-block-columns is-layout-flex wp-container-2\">\n<div class=\"wp-block-column is-layout-flow\" style=\"flex-basis:100%\">\n<figure class=\"wp-block-table\"><table><tbody><tr><td> Pitk\u00e4: noin 60 min<\/td><td>60 \u20ac&nbsp;<\/td><\/tr><tr><td> Lyhyt: noin 30 min<\/td><td>35 \u20ac<\/td><\/tr><\/tbody><\/table><\/figure>\n<\/div>\n<\/div>\n\n\n\n<p>Oireilevalle koiralle tai kokonaisvaltaiseen k\u00e4sittelyyn suosittelen varaamaan 60 min ajan. 30 min aika sopii rentouttavaksi k\u00e4sittelyharjoitukseksi (esim. pennuille) tai oireettoman koiran kevyemm\u00e4ksi tilannekatsaukseksi. Maksutapa k\u00e4teinen \/ lasku.<\/p>\n\n\n\n<h2 class=\"wp-block-heading\">Ajanvaraus ja tiedustelut<\/h2>\n\n\n\n<p>S\u00e4hk\u00f6postitse info(at)lujasula.fi<\/p>\n\n\n\n<p><\/p>\n\n\n\n<figure class=\"wp-block-image size-large\"><img loading=\"lazy\" width=\"1024\" height=\"683\" src=\"https:\/\/www.lujasula.fi\/wp-content\/uploads\/2023\/04\/IMG_3031-1024x683.jpg\" alt=\"\" class=\"wp-image-373\" srcset=\"https:\/\/www.lujasula.fi\/wp-content\/uploads\/2023\/04\/IMG_3031-1024x683.jpg 1024w, https:\/\/www.lujasula.fi\/wp-content\/uploads\/2023\/04\/IMG_3031-300x200.jpg 300w, https:\/\/www.lujasula.fi\/wp-content\/uploads\/2023\/04\/IMG_3031-768x512.jpg 768w, https:\/\/www.lujasula.fi\/wp-content\/uploads\/2023\/04\/IMG_3031-1536x1024.jpg 1536w, https:\/\/www.lujasula.fi\/wp-content\/uploads\/2023\/04\/IMG_3031-2048x1365.jpg 2048w\" sizes=\"(max-width: 706px) 89vw, (max-width: 767px) 82vw, 740px\" \/><\/figure>\n\n\n\n<p>Tmi Lujasula, y-tunnus 2551415-5<\/p>\n","protected":false},"excerpt":{"rendered":"<p>Hell\u00e4varaista, mutta tehokasta manuaalista hoitoa urheilu- ja kotikoirille kotik\u00e4yntin\u00e4 alueella Siilinj\u00e4rvi-Kuopio-Maaninka-Pielavesi. Olen kraniosakraaliterapeutti, urheilukoirahieroja, agilityvalmentaja ja pitk\u00e4n linjan koiraurheilija, jolle koiran suorituskyky ja hyvinvointi on aktiivisen harrastamisen &amp; hyv\u00e4n arjen perusta. Minuun voit tutustua tarkemmin t\u00e4\u00e4ll\u00e4. Kenelle? Useimmiten asiakkaaksi p\u00e4\u00e4tyy koira, jolla on jokin fyysinen haaste vailla korjaamista, mutta hoito sopii my\u00f6s esimerkiksi urheilukoiran tilannekatsaukseksi &hellip; <\/p>\n<p class=\"link-more\"><a href=\"https:\/\/www.lujasula.fi\/index.php\/kraniosakraaliterapiaa-koirille-siilinjarvella\/\" class=\"more-link\">Jatka lukemista<span class=\"screen-reader-text\"> &#8221;Kraniosakraaliterapiaa koirille Siilinj\u00e4rvell\u00e4&#8221;<\/span><\/a><\/p>\n","protected":false},"author":1,"featured_media":364,"parent":0,"menu_order":0,"comment_status":"closed","ping_status":"closed","template":"","meta":[],"yoast_head":"<!-- This site is optimized with the Yoast SEO plugin v19.6.1 - https:\/\/yoast.com\/wordpress\/plugins\/seo\/ -->\n<title>Kraniosakraaliterapiaa koirille Siilinj\u00e4rvell\u00e4 - Lujasula<\/title>\n<meta name=\"robots\" content=\"index, follow, max-snippet:-1, max-image-preview:large, max-video-preview:-1\" \/>\n<link rel=\"canonical\" href=\"https:\/\/www.lujasula.fi\/index.php\/kraniosakraaliterapiaa-koirille-siilinjarvella\/\" \/>\n<meta property=\"og:locale\" content=\"fi_FI\" \/>\n<meta property=\"og:type\" content=\"article\" \/>\n<meta property=\"og:title\" content=\"Kraniosakraaliterapiaa koirille Siilinj\u00e4rvell\u00e4 - Lujasula\" \/>\n<meta property=\"og:description\" content=\"Hell\u00e4varaista, mutta tehokasta manuaalista hoitoa urheilu- ja kotikoirille kotik\u00e4yntin\u00e4 alueella Siilinj\u00e4rvi-Kuopio-Maaninka-Pielavesi. Olen kraniosakraaliterapeutti, urheilukoirahieroja, agilityvalmentaja ja pitk\u00e4n linjan koiraurheilija, jolle koiran suorituskyky ja hyvinvointi on aktiivisen harrastamisen &amp; hyv\u00e4n arjen perusta. Minuun voit tutustua tarkemmin t\u00e4\u00e4ll\u00e4. Kenelle? Useimmiten asiakkaaksi p\u00e4\u00e4tyy koira, jolla on jokin fyysinen haaste vailla korjaamista, mutta hoito sopii my\u00f6s esimerkiksi urheilukoiran tilannekatsaukseksi &hellip; Jatka lukemista &quot;Kraniosakraaliterapiaa koirille Siilinj\u00e4rvell\u00e4&quot;\" \/>\n<meta property=\"og:url\" content=\"https:\/\/www.lujasula.fi\/index.php\/kraniosakraaliterapiaa-koirille-siilinjarvella\/\" \/>\n<meta property=\"og:site_name\" content=\"Lujasula\" \/>\n<meta property=\"article:modified_time\" content=\"2025-11-06T07:44:17+00:00\" \/>\n<meta property=\"og:image\" content=\"https:\/\/www.lujasula.fi\/wp-content\/uploads\/2023\/04\/DSCF0828-scaled.jpg\" \/>\n\t<meta property=\"og:image:width\" content=\"2560\" \/>\n\t<meta property=\"og:image:height\" content=\"1707\" \/>\n\t<meta property=\"og:image:type\" content=\"image\/jpeg\" \/>\n<meta name=\"twitter:card\" content=\"summary_large_image\" \/>\n<meta name=\"twitter:label1\" content=\"Arvioitu lukuaika\" \/>\n\t<meta name=\"twitter:data1\" content=\"1 minuutti\" \/>\n<script type=\"application\/ld+json\" class=\"yoast-schema-graph\">{\"@context\":\"https:\/\/schema.org\",\"@graph\":[{\"@type\":\"WebPage\",\"@id\":\"https:\/\/www.lujasula.fi\/index.php\/kraniosakraaliterapiaa-koirille-siilinjarvella\/\",\"url\":\"https:\/\/www.lujasula.fi\/index.php\/kraniosakraaliterapiaa-koirille-siilinjarvella\/\",\"name\":\"Kraniosakraaliterapiaa koirille Siilinj\u00e4rvell\u00e4 - Lujasula\",\"isPartOf\":{\"@id\":\"https:\/\/www.lujasula.fi\/#website\"},\"datePublished\":\"2023-04-09T17:10:41+00:00\",\"dateModified\":\"2025-11-06T07:44:17+00:00\",\"breadcrumb\":{\"@id\":\"https:\/\/www.lujasula.fi\/index.php\/kraniosakraaliterapiaa-koirille-siilinjarvella\/#breadcrumb\"},\"inLanguage\":\"fi\",\"potentialAction\":[{\"@type\":\"ReadAction\",\"target\":[\"https:\/\/www.lujasula.fi\/index.php\/kraniosakraaliterapiaa-koirille-siilinjarvella\/\"]}]},{\"@type\":\"BreadcrumbList\",\"@id\":\"https:\/\/www.lujasula.fi\/index.php\/kraniosakraaliterapiaa-koirille-siilinjarvella\/#breadcrumb\",\"itemListElement\":[{\"@type\":\"ListItem\",\"position\":1,\"name\":\"Etusivu\",\"item\":\"https:\/\/www.lujasula.fi\/\"},{\"@type\":\"ListItem\",\"position\":2,\"name\":\"Kraniosakraaliterapiaa koirille Siilinj\u00e4rvell\u00e4\"}]},{\"@type\":\"WebSite\",\"@id\":\"https:\/\/www.lujasula.fi\/#website\",\"url\":\"https:\/\/www.lujasula.fi\/\",\"name\":\"Lujasula\",\"description\":\"Kovaa ja kevyesti - agilityurheilijan fysiikkavalmennusta\",\"publisher\":{\"@id\":\"https:\/\/www.lujasula.fi\/#organization\"},\"potentialAction\":[{\"@type\":\"SearchAction\",\"target\":{\"@type\":\"EntryPoint\",\"urlTemplate\":\"https:\/\/www.lujasula.fi\/?s={search_term_string}\"},\"query-input\":\"required name=search_term_string\"}],\"inLanguage\":\"fi\"},{\"@type\":\"Organization\",\"@id\":\"https:\/\/www.lujasula.fi\/#organization\",\"name\":\"tmi Lujasula\",\"url\":\"https:\/\/www.lujasula.fi\/\",\"sameAs\":[\"http:\/\/instagram.com\/jannikroger\"],\"logo\":{\"@type\":\"ImageObject\",\"inLanguage\":\"fi\",\"@id\":\"https:\/\/www.lujasula.fi\/#\/schema\/logo\/image\/\",\"url\":\"https:\/\/www.lujasula.fi\/wp-content\/uploads\/2021\/10\/Lujasula_vaaleanp.jpg\",\"contentUrl\":\"https:\/\/www.lujasula.fi\/wp-content\/uploads\/2021\/10\/Lujasula_vaaleanp.jpg\",\"width\":800,\"height\":800,\"caption\":\"tmi Lujasula\"},\"image\":{\"@id\":\"https:\/\/www.lujasula.fi\/#\/schema\/logo\/image\/\"}}]}<\/script>\n<!-- \/ Yoast SEO plugin. -->","yoast_head_json":{"title":"Kraniosakraaliterapiaa koirille Siilinj\u00e4rvell\u00e4 - Lujasula","robots":{"index":"index","follow":"follow","max-snippet":"max-snippet:-1","max-image-preview":"max-image-preview:large","max-video-preview":"max-video-preview:-1"},"canonical":"https:\/\/www.lujasula.fi\/index.php\/kraniosakraaliterapiaa-koirille-siilinjarvella\/","og_locale":"fi_FI","og_type":"article","og_title":"Kraniosakraaliterapiaa koirille Siilinj\u00e4rvell\u00e4 - Lujasula","og_description":"Hell\u00e4varaista, mutta tehokasta manuaalista hoitoa urheilu- ja kotikoirille kotik\u00e4yntin\u00e4 alueella Siilinj\u00e4rvi-Kuopio-Maaninka-Pielavesi. Olen kraniosakraaliterapeutti, urheilukoirahieroja, agilityvalmentaja ja pitk\u00e4n linjan koiraurheilija, jolle koiran suorituskyky ja hyvinvointi on aktiivisen harrastamisen &amp; hyv\u00e4n arjen perusta. Minuun voit tutustua tarkemmin t\u00e4\u00e4ll\u00e4. Kenelle? Useimmiten asiakkaaksi p\u00e4\u00e4tyy koira, jolla on jokin fyysinen haaste vailla korjaamista, mutta hoito sopii my\u00f6s esimerkiksi urheilukoiran tilannekatsaukseksi &hellip; Jatka lukemista \"Kraniosakraaliterapiaa koirille Siilinj\u00e4rvell\u00e4\"","og_url":"https:\/\/www.lujasula.fi\/index.php\/kraniosakraaliterapiaa-koirille-siilinjarvella\/","og_site_name":"Lujasula","article_modified_time":"2025-11-06T07:44:17+00:00","og_image":[{"width":2560,"height":1707,"url":"https:\/\/www.lujasula.fi\/wp-content\/uploads\/2023\/04\/DSCF0828-scaled.jpg","type":"image\/jpeg"}],"twitter_card":"summary_large_image","twitter_misc":{"Arvioitu lukuaika":"1 minuutti"},"schema":{"@context":"https:\/\/schema.org","@graph":[{"@type":"WebPage","@id":"https:\/\/www.lujasula.fi\/index.php\/kraniosakraaliterapiaa-koirille-siilinjarvella\/","url":"https:\/\/www.lujasula.fi\/index.php\/kraniosakraaliterapiaa-koirille-siilinjarvella\/","name":"Kraniosakraaliterapiaa koirille Siilinj\u00e4rvell\u00e4 - Lujasula","isPartOf":{"@id":"https:\/\/www.lujasula.fi\/#website"},"datePublished":"2023-04-09T17:10:41+00:00","dateModified":"2025-11-06T07:44:17+00:00","breadcrumb":{"@id":"https:\/\/www.lujasula.fi\/index.php\/kraniosakraaliterapiaa-koirille-siilinjarvella\/#breadcrumb"},"inLanguage":"fi","potentialAction":[{"@type":"ReadAction","target":["https:\/\/www.lujasula.fi\/index.php\/kraniosakraaliterapiaa-koirille-siilinjarvella\/"]}]},{"@type":"BreadcrumbList","@id":"https:\/\/www.lujasula.fi\/index.php\/kraniosakraaliterapiaa-koirille-siilinjarvella\/#breadcrumb","itemListElement":[{"@type":"ListItem","position":1,"name":"Etusivu","item":"https:\/\/www.lujasula.fi\/"},{"@type":"ListItem","position":2,"name":"Kraniosakraaliterapiaa koirille Siilinj\u00e4rvell\u00e4"}]},{"@type":"WebSite","@id":"https:\/\/www.lujasula.fi\/#website","url":"https:\/\/www.lujasula.fi\/","name":"Lujasula","description":"Kovaa ja kevyesti - agilityurheilijan fysiikkavalmennusta","publisher":{"@id":"https:\/\/www.lujasula.fi\/#organization"},"potentialAction":[{"@type":"SearchAction","target":{"@type":"EntryPoint","urlTemplate":"https:\/\/www.lujasula.fi\/?s={search_term_string}"},"query-input":"required name=search_term_string"}],"inLanguage":"fi"},{"@type":"Organization","@id":"https:\/\/www.lujasula.fi\/#organization","name":"tmi Lujasula","url":"https:\/\/www.lujasula.fi\/","sameAs":["http:\/\/instagram.com\/jannikroger"],"logo":{"@type":"ImageObject","inLanguage":"fi","@id":"https:\/\/www.lujasula.fi\/#\/schema\/logo\/image\/","url":"https:\/\/www.lujasula.fi\/wp-content\/uploads\/2021\/10\/Lujasula_vaaleanp.jpg","contentUrl":"https:\/\/www.lujasula.fi\/wp-content\/uploads\/2021\/10\/Lujasula_vaaleanp.jpg","width":800,"height":800,"caption":"tmi Lujasula"},"image":{"@id":"https:\/\/www.lujasula.fi\/#\/schema\/logo\/image\/"}}]}},"_links":{"self":[{"href":"https:\/\/www.lujasula.fi\/index.php\/wp-json\/wp\/v2\/pages\/360"}],"collection":[{"href":"https:\/\/www.lujasula.fi\/index.php\/wp-json\/wp\/v2\/pages"}],"about":[{"href":"https:\/\/www.lujasula.fi\/index.php\/wp-json\/wp\/v2\/types\/page"}],"author":[{"embeddable":true,"href":"https:\/\/www.lujasula.fi\/index.php\/wp-json\/wp\/v2\/users\/1"}],"replies":[{"embeddable":true,"href":"https:\/\/www.lujasula.fi\/index.php\/wp-json\/wp\/v2\/comments?post=360"}],"version-history":[{"count":25,"href":"https:\/\/www.lujasula.fi\/index.php\/wp-json\/wp\/v2\/pages\/360\/revisions"}],"predecessor-version":[{"id":871,"href":"https:\/\/www.lujasula.fi\/index.php\/wp-json\/wp\/v2\/pages\/360\/revisions\/871"}],"wp:featuredmedia":[{"embeddable":true,"href":"https:\/\/www.lujasula.fi\/index.php\/wp-json\/wp\/v2\/media\/364"}],"wp:attachment":[{"href":"https:\/\/www.lujasula.fi\/index.php\/wp-json\/wp\/v2\/media?parent=360"}],"curies":[{"name":"wp","href":"https:\/\/api.w.org\/{rel}","templated":true}]}}