{"id":411,"date":"2023-05-02T17:55:37","date_gmt":"2023-05-02T17:55:37","guid":{"rendered":"https:\/\/www.lujasula.fi\/?page_id=411"},"modified":"2025-03-30T13:42:08","modified_gmt":"2025-03-30T13:42:08","slug":"justjoo-christon-kuninkaantekija-kuisma","status":"publish","type":"page","link":"https:\/\/www.lujasula.fi\/index.php\/justjoo-christon-kuninkaantekija-kuisma\/","title":{"rendered":"Justjoo Christon Kuninkaantekij\u00e4 &#8211; Kuisma"},"content":{"rendered":"\n<div class=\"wp-block-media-text alignwide is-stacked-on-mobile\"><figure class=\"wp-block-media-text__media\"><img loading=\"lazy\" width=\"683\" height=\"1024\" src=\"https:\/\/www.lujasula.fi\/wp-content\/uploads\/2023\/05\/DSCF5178-683x1024.jpg\" alt=\"\" class=\"wp-image-426 size-full\" srcset=\"https:\/\/www.lujasula.fi\/wp-content\/uploads\/2023\/05\/DSCF5178-683x1024.jpg 683w, https:\/\/www.lujasula.fi\/wp-content\/uploads\/2023\/05\/DSCF5178-200x300.jpg 200w, https:\/\/www.lujasula.fi\/wp-content\/uploads\/2023\/05\/DSCF5178-768x1152.jpg 768w, https:\/\/www.lujasula.fi\/wp-content\/uploads\/2023\/05\/DSCF5178-1024x1536.jpg 1024w, https:\/\/www.lujasula.fi\/wp-content\/uploads\/2023\/05\/DSCF5178-1365x2048.jpg 1365w, https:\/\/www.lujasula.fi\/wp-content\/uploads\/2023\/05\/DSCF5178-scaled.jpg 1707w\" sizes=\"(max-width: 683px) 100vw, 683px\" \/><\/figure><div class=\"wp-block-media-text__content\">\n<p>Pieniamerikanpaimenkoira<\/p>\n\n\n\n<p>Synt. 7.7.2021<\/p>\n\n\n\n<p>N\u00e4yttelyt: JUN-SERT, SERT<\/p>\n\n\n\n<p>Agility: Medi 1<\/p>\n\n\n\n<p>LTE: 138+++<\/p>\n\n\n\n<p><\/p>\n\n\n\n<p>Noin 41 cm \/ 14 kg<\/p>\n\n\n\n<p>Luusto: lonkat A\/A, polvet ja kyyn\u00e4r\u00e4t 0\/0, selk\u00e4 VA0, LTV1<\/p>\n\n\n\n<p>Geenitestit: HSF4 &#8211; CDPA &#8211; CDDY &#8211; IVDD risk N\/N (ei kantaja)<\/p>\n\n\n\n<p><a href=\"https:\/\/jalostus.kennelliitto.fi\/frmKoira.aspx?RekNo=ER48022%2F21&amp;R=367\">Kuisma jalostustietoj\u00e4rjestelm\u00e4ss\u00e4<\/a><\/p>\n<\/div><\/div>\n\n\n\n<div style=\"height:49px\" aria-hidden=\"true\" class=\"wp-block-spacer\"><\/div>\n\n\n\n<figure class=\"wp-block-image\"><img loading=\"lazy\" width=\"907\" height=\"412\" src=\"https:\/\/www.lujasula.fi\/wp-content\/uploads\/2025\/03\/Nayttokuva-2025-03-30-144342.jpg\" alt=\"\" class=\"wp-image-755\" srcset=\"https:\/\/www.lujasula.fi\/wp-content\/uploads\/2025\/03\/Nayttokuva-2025-03-30-144342.jpg 907w, https:\/\/www.lujasula.fi\/wp-content\/uploads\/2025\/03\/Nayttokuva-2025-03-30-144342-300x136.jpg 300w, https:\/\/www.lujasula.fi\/wp-content\/uploads\/2025\/03\/Nayttokuva-2025-03-30-144342-768x349.jpg 768w\" sizes=\"(max-width: 706px) 89vw, (max-width: 767px) 82vw, 740px\" \/><\/figure>\n\n\n\n<div style=\"height:27px\" aria-hidden=\"true\" class=\"wp-block-spacer\"><\/div>\n\n\n\n<p>Kuisma on vilkas ja kiihke\u00e4 ty\u00f6koiraluonne, onneksi my\u00f6s hyv\u00e4hermoinen ja sopivan tasapainoinen. Maaseudun rauhassa kasvanut Kuisma sopeutui v\u00e4liaikaiseen kaupungissa asumiseen vuotiaana erinomaisen hyvin. Uusiin paikkoihin, koiriin, ihmisiin, \u00e4\u00e4niin, alustoihin yms asioihin suhtautuu aina ongelmitta. Todella sosiaalisena koirana Kuisma haluaisi mieluiten moikata kaikki ihmiset ja koirat. <\/p>\n\n\n\n<p>Kuismalla ei ole allergioita eik\u00e4 sill\u00e4 ole ollut mit\u00e4\u00e4n muitakaan terveyshaasteita. Tasapainoisesti rakentuneena ja hyv\u00e4n\u00e4 kropank\u00e4ytt\u00e4j\u00e4n\u00e4 Kuisma ei herk\u00e4sti mene jumiin eik\u00e4 sille ole tullut juurikaan loukkaantumisia kovasta vauhdista huolimatta.<\/p>\n\n\n\n<p>Laukaukset, ukkoset ja ilotulitukset eiv\u00e4t aiheuta reaktioita, mutta imuria Kuisma j\u00e4nnitt\u00e4\u00e4. Ei vahdi, ei tuhoa yksinollessa eik\u00e4 muutenkaan aiheuta haasteita kotona vaan osaa rauhoittua hyvin. Viihtyy l\u00e4hell\u00e4 ja syliss\u00e4. Riistanhajut eiv\u00e4t erityisesti kiinnosta eik\u00e4 Kuisma jahtaa mit\u00e4\u00e4n el\u00e4imi\u00e4, se on ollut helppo asia opettaa. Kaikenlaiseen k\u00e4sittelyyn Kuisma rauhoittuu hyvin ja on helppo vied\u00e4 esimerkiksi el\u00e4inl\u00e4\u00e4k\u00e4riin reippaana ja sopeutuvana tyyppin\u00e4.<\/p>\n\n\n\n<p>Harrastuskoirana Kuismalla riitt\u00e4\u00e4 potentiaalia ja moottoria moneen. Kuisman p\u00e4\u00e4laji on agility, jossa Kuisman erinomainen kehonhallinta, nopeus ja asenne p\u00e4\u00e4sev\u00e4t oikeuksiinsa. Kuisma on aloittanut kisaamisen ykk\u00f6sluokassa ja korkeasta vireest\u00e4 huolimatta keskittyy ja tekee hienosti t\u00f6it\u00e4 radalla. Taistelua ja saalista l\u00f6ytyy todella paljon ja Kuisma on my\u00f6s sopivan ahne ruokapalkalle. Sosiaalinen palkka on my\u00f6s arvokas ja eri palkkojen v\u00e4lill\u00e4 vaihtaminen on helppoa.&nbsp;<\/p>\n\n\n\n<p>Agilityn lis\u00e4ksi on tehty tokoa ja erilaisia nen\u00e4nk\u00e4ytt\u00f6teht\u00e4vi\u00e4. J\u00e4ljell\u00e4 ja esine-etsinn\u00e4ss\u00e4 Kuisman mielet\u00f6n vireenhallinta ja kyky itsen\u00e4iseen tekemiseen tulevat hienosti esille. Kuisma asettaa viretilansa aina teht\u00e4v\u00e4\u00e4n sopivaksi, eik\u00e4 jalat l\u00e4hde miss\u00e4\u00e4n tilanteessa viem\u00e4\u00e4n nen\u00e4\u00e4 ja p\u00e4\u00e4t\u00e4 kovempaa. Kuisma ty\u00f6skentelee sinnikk\u00e4\u00e4sti eik\u00e4 kovin helposti pyyd\u00e4 apua. <\/p>\n\n\n\n<p>Kuisma on todella lupaava ja monipuolinen harrastuskoira, jonka vahva moottori ja intensiivinen luonne tekee siit\u00e4 omalla tavallaan my\u00f6s haastavan. Fiksuna ja itsen\u00e4isen\u00e4 koirana Kuisma ei aina ole kiinnostunut tottelemisesta tottelemisen vuoksi, mutta toisaalta helposti monella tapaa palkkautuvana sille on helppo esitell\u00e4 haluttuja asioita kannattavina. Intensiivinen tapa tehd\u00e4 vaatii ohjaajalta keskittymist\u00e4, Kuisma on reaktioissaan ja liikkeiss\u00e4\u00e4n salamannopea. Kuisman tyyppinen koira sopii parhaiten kokeneisiin k\u00e4siin harrastuskoiraksi ja siin\u00e4 roolissa onkin aivan omiaan.<\/p>\n\n\n\n<p>Kuisma on k\u00e4ytett\u00e4viss\u00e4 jalostukseen sopiville nartuille. Yhteydenotot s\u00e4hk\u00f6postitse janni.kroger(at)gmail.com.<\/p>\n\n\n\n<figure class=\"wp-block-gallery has-nested-images columns-default is-cropped wp-block-gallery-1 is-layout-flex\">\n<figure class=\"wp-block-image size-large\"><img loading=\"lazy\" width=\"1024\" height=\"576\" data-id=\"480\"  src=\"https:\/\/www.lujasula.fi\/wp-content\/uploads\/2023\/07\/DSCF5753-2-1024x576.jpg\" alt=\"\" class=\"wp-image-480\" srcset=\"https:\/\/www.lujasula.fi\/wp-content\/uploads\/2023\/07\/DSCF5753-2-1024x576.jpg 1024w, https:\/\/www.lujasula.fi\/wp-content\/uploads\/2023\/07\/DSCF5753-2-300x169.jpg 300w, https:\/\/www.lujasula.fi\/wp-content\/uploads\/2023\/07\/DSCF5753-2-768x432.jpg 768w, https:\/\/www.lujasula.fi\/wp-content\/uploads\/2023\/07\/DSCF5753-2-1536x864.jpg 1536w, https:\/\/www.lujasula.fi\/wp-content\/uploads\/2023\/07\/DSCF5753-2-2048x1153.jpg 2048w\" sizes=\"(max-width: 706px) 89vw, (max-width: 767px) 82vw, 740px\" \/><\/figure>\n<\/figure>\n\n\n\n<figure class=\"wp-block-image size-large\"><img loading=\"lazy\" width=\"1024\" height=\"683\" src=\"https:\/\/www.lujasula.fi\/wp-content\/uploads\/2023\/05\/DSCF3265-1024x683.jpg\" alt=\"\" class=\"wp-image-419\" srcset=\"https:\/\/www.lujasula.fi\/wp-content\/uploads\/2023\/05\/DSCF3265-1024x683.jpg 1024w, https:\/\/www.lujasula.fi\/wp-content\/uploads\/2023\/05\/DSCF3265-300x200.jpg 300w, https:\/\/www.lujasula.fi\/wp-content\/uploads\/2023\/05\/DSCF3265-768x512.jpg 768w, https:\/\/www.lujasula.fi\/wp-content\/uploads\/2023\/05\/DSCF3265-1536x1024.jpg 1536w, https:\/\/www.lujasula.fi\/wp-content\/uploads\/2023\/05\/DSCF3265-2048x1365.jpg 2048w\" sizes=\"(max-width: 706px) 89vw, (max-width: 767px) 82vw, 740px\" \/><\/figure>\n\n\n\n<figure class=\"wp-block-embed is-type-video is-provider-youtube wp-block-embed-youtube wp-embed-aspect-16-9 wp-has-aspect-ratio\"><div class=\"wp-block-embed__wrapper\">\n<iframe loading=\"lazy\" title=\"Kuisman agilitytreenej\u00e4\" width=\"525\" height=\"295\" src=\"https:\/\/www.youtube.com\/embed\/hDpvX00ALZI?feature=oembed\" frameborder=\"0\" allow=\"accelerometer; autoplay; clipboard-write; encrypted-media; gyroscope; picture-in-picture; web-share\" referrerpolicy=\"strict-origin-when-cross-origin\" allowfullscreen><\/iframe>\n<\/div><\/figure>\n\n\n\n<figure class=\"wp-block-gallery has-nested-images columns-default is-cropped wp-block-gallery-3 is-layout-flex\">\n<figure class=\"wp-block-image size-large\"><img loading=\"lazy\" width=\"683\" height=\"1024\" data-id=\"416\"  src=\"https:\/\/www.lujasula.fi\/wp-content\/uploads\/2023\/05\/DSCF0133-683x1024.jpg\" alt=\"\" class=\"wp-image-416\" srcset=\"https:\/\/www.lujasula.fi\/wp-content\/uploads\/2023\/05\/DSCF0133-683x1024.jpg 683w, https:\/\/www.lujasula.fi\/wp-content\/uploads\/2023\/05\/DSCF0133-200x300.jpg 200w, https:\/\/www.lujasula.fi\/wp-content\/uploads\/2023\/05\/DSCF0133-768x1152.jpg 768w, https:\/\/www.lujasula.fi\/wp-content\/uploads\/2023\/05\/DSCF0133-1024x1536.jpg 1024w, https:\/\/www.lujasula.fi\/wp-content\/uploads\/2023\/05\/DSCF0133-1365x2048.jpg 1365w, https:\/\/www.lujasula.fi\/wp-content\/uploads\/2023\/05\/DSCF0133-scaled.jpg 1707w\" sizes=\"(max-width: 683px) 100vw, 683px\" \/><\/figure>\n\n\n\n<figure class=\"wp-block-image size-large\"><img loading=\"lazy\" width=\"1024\" height=\"683\" data-id=\"418\"  src=\"https:\/\/www.lujasula.fi\/wp-content\/uploads\/2023\/05\/DSCF2267-1024x683.jpg\" alt=\"\" class=\"wp-image-418\" srcset=\"https:\/\/www.lujasula.fi\/wp-content\/uploads\/2023\/05\/DSCF2267-1024x683.jpg 1024w, https:\/\/www.lujasula.fi\/wp-content\/uploads\/2023\/05\/DSCF2267-300x200.jpg 300w, https:\/\/www.lujasula.fi\/wp-content\/uploads\/2023\/05\/DSCF2267-768x512.jpg 768w, https:\/\/www.lujasula.fi\/wp-content\/uploads\/2023\/05\/DSCF2267-1536x1024.jpg 1536w, https:\/\/www.lujasula.fi\/wp-content\/uploads\/2023\/05\/DSCF2267-2048x1365.jpg 2048w\" sizes=\"(max-width: 706px) 89vw, (max-width: 767px) 82vw, 740px\" \/><\/figure>\n\n\n\n<figure class=\"wp-block-image size-large\"><img loading=\"lazy\" width=\"683\" height=\"1024\" data-id=\"420\"  src=\"https:\/\/www.lujasula.fi\/wp-content\/uploads\/2023\/05\/DSCF3892-683x1024.jpg\" alt=\"\" class=\"wp-image-420\" srcset=\"https:\/\/www.lujasula.fi\/wp-content\/uploads\/2023\/05\/DSCF3892-683x1024.jpg 683w, https:\/\/www.lujasula.fi\/wp-content\/uploads\/2023\/05\/DSCF3892-200x300.jpg 200w, https:\/\/www.lujasula.fi\/wp-content\/uploads\/2023\/05\/DSCF3892-768x1152.jpg 768w, https:\/\/www.lujasula.fi\/wp-content\/uploads\/2023\/05\/DSCF3892-1024x1536.jpg 1024w, https:\/\/www.lujasula.fi\/wp-content\/uploads\/2023\/05\/DSCF3892-1365x2048.jpg 1365w, https:\/\/www.lujasula.fi\/wp-content\/uploads\/2023\/05\/DSCF3892-scaled.jpg 1707w\" sizes=\"(max-width: 683px) 100vw, 683px\" \/><\/figure>\n\n\n\n<figure class=\"wp-block-image size-large\"><img loading=\"lazy\" width=\"683\" height=\"1024\" data-id=\"421\"  src=\"https:\/\/www.lujasula.fi\/wp-content\/uploads\/2023\/05\/DSCF4027-683x1024.jpg\" alt=\"\" class=\"wp-image-421\" srcset=\"https:\/\/www.lujasula.fi\/wp-content\/uploads\/2023\/05\/DSCF4027-683x1024.jpg 683w, https:\/\/www.lujasula.fi\/wp-content\/uploads\/2023\/05\/DSCF4027-200x300.jpg 200w, https:\/\/www.lujasula.fi\/wp-content\/uploads\/2023\/05\/DSCF4027-768x1152.jpg 768w, https:\/\/www.lujasula.fi\/wp-content\/uploads\/2023\/05\/DSCF4027-1024x1536.jpg 1024w, https:\/\/www.lujasula.fi\/wp-content\/uploads\/2023\/05\/DSCF4027-1365x2048.jpg 1365w, https:\/\/www.lujasula.fi\/wp-content\/uploads\/2023\/05\/DSCF4027-scaled.jpg 1707w\" sizes=\"(max-width: 683px) 100vw, 683px\" \/><\/figure>\n\n\n\n<figure class=\"wp-block-image size-large\"><img loading=\"lazy\" width=\"683\" height=\"1024\" data-id=\"423\"  src=\"https:\/\/www.lujasula.fi\/wp-content\/uploads\/2023\/05\/DSCF4876-683x1024.jpg\" alt=\"\" class=\"wp-image-423\" srcset=\"https:\/\/www.lujasula.fi\/wp-content\/uploads\/2023\/05\/DSCF4876-683x1024.jpg 683w, https:\/\/www.lujasula.fi\/wp-content\/uploads\/2023\/05\/DSCF4876-200x300.jpg 200w, https:\/\/www.lujasula.fi\/wp-content\/uploads\/2023\/05\/DSCF4876-768x1152.jpg 768w, https:\/\/www.lujasula.fi\/wp-content\/uploads\/2023\/05\/DSCF4876-1024x1536.jpg 1024w, https:\/\/www.lujasula.fi\/wp-content\/uploads\/2023\/05\/DSCF4876-1365x2048.jpg 1365w, https:\/\/www.lujasula.fi\/wp-content\/uploads\/2023\/05\/DSCF4876-scaled.jpg 1707w\" sizes=\"(max-width: 683px) 100vw, 683px\" \/><\/figure>\n<\/figure>\n","protected":false},"excerpt":{"rendered":"<p>Pieniamerikanpaimenkoira Synt. 7.7.2021 N\u00e4yttelyt: JUN-SERT, SERT Agility: Medi 1 LTE: 138+++ Noin 41 cm \/ 14 kg Luusto: lonkat A\/A, polvet ja kyyn\u00e4r\u00e4t 0\/0, selk\u00e4 VA0, LTV1 Geenitestit: HSF4 &#8211; CDPA &#8211; CDDY &#8211; IVDD risk N\/N (ei kantaja) Kuisma jalostustietoj\u00e4rjestelm\u00e4ss\u00e4 Kuisma on vilkas ja kiihke\u00e4 ty\u00f6koiraluonne, onneksi my\u00f6s hyv\u00e4hermoinen ja sopivan tasapainoinen. Maaseudun rauhassa &hellip; <\/p>\n<p class=\"link-more\"><a href=\"https:\/\/www.lujasula.fi\/index.php\/justjoo-christon-kuninkaantekija-kuisma\/\" class=\"more-link\">Jatka lukemista<span class=\"screen-reader-text\"> &#8221;Justjoo Christon Kuninkaantekij\u00e4 &#8211; Kuisma&#8221;<\/span><\/a><\/p>\n","protected":false},"author":1,"featured_media":0,"parent":0,"menu_order":0,"comment_status":"closed","ping_status":"closed","template":"","meta":[],"yoast_head":"<!-- This site is optimized with the Yoast SEO plugin v19.6.1 - https:\/\/yoast.com\/wordpress\/plugins\/seo\/ -->\n<title>Justjoo Christon Kuninkaantekij\u00e4 - Kuisma - Lujasula<\/title>\n<meta name=\"robots\" content=\"index, follow, max-snippet:-1, max-image-preview:large, max-video-preview:-1\" \/>\n<link rel=\"canonical\" href=\"https:\/\/www.lujasula.fi\/index.php\/justjoo-christon-kuninkaantekija-kuisma\/\" \/>\n<meta property=\"og:locale\" content=\"fi_FI\" \/>\n<meta property=\"og:type\" content=\"article\" \/>\n<meta property=\"og:title\" content=\"Justjoo Christon Kuninkaantekij\u00e4 - Kuisma - Lujasula\" \/>\n<meta property=\"og:description\" content=\"Pieniamerikanpaimenkoira Synt. 7.7.2021 N\u00e4yttelyt: JUN-SERT, SERT Agility: Medi 1 LTE: 138+++ Noin 41 cm \/ 14 kg Luusto: lonkat A\/A, polvet ja kyyn\u00e4r\u00e4t 0\/0, selk\u00e4 VA0, LTV1 Geenitestit: HSF4 &#8211; CDPA &#8211; CDDY &#8211; IVDD risk N\/N (ei kantaja) Kuisma jalostustietoj\u00e4rjestelm\u00e4ss\u00e4 Kuisma on vilkas ja kiihke\u00e4 ty\u00f6koiraluonne, onneksi my\u00f6s hyv\u00e4hermoinen ja sopivan tasapainoinen. Maaseudun rauhassa &hellip; Jatka lukemista &quot;Justjoo Christon Kuninkaantekij\u00e4 &#8211; Kuisma&quot;\" \/>\n<meta property=\"og:url\" content=\"https:\/\/www.lujasula.fi\/index.php\/justjoo-christon-kuninkaantekija-kuisma\/\" \/>\n<meta property=\"og:site_name\" content=\"Lujasula\" \/>\n<meta property=\"article:modified_time\" content=\"2025-03-30T13:42:08+00:00\" \/>\n<meta property=\"og:image\" content=\"https:\/\/www.lujasula.fi\/wp-content\/uploads\/2023\/05\/DSCF5178-683x1024.jpg\" \/>\n<meta name=\"twitter:card\" content=\"summary_large_image\" \/>\n<meta name=\"twitter:label1\" content=\"Arvioitu lukuaika\" \/>\n\t<meta name=\"twitter:data1\" content=\"2 minuuttia\" \/>\n<script type=\"application\/ld+json\" class=\"yoast-schema-graph\">{\"@context\":\"https:\/\/schema.org\",\"@graph\":[{\"@type\":\"WebPage\",\"@id\":\"https:\/\/www.lujasula.fi\/index.php\/justjoo-christon-kuninkaantekija-kuisma\/\",\"url\":\"https:\/\/www.lujasula.fi\/index.php\/justjoo-christon-kuninkaantekija-kuisma\/\",\"name\":\"Justjoo Christon Kuninkaantekij\u00e4 - Kuisma - Lujasula\",\"isPartOf\":{\"@id\":\"https:\/\/www.lujasula.fi\/#website\"},\"datePublished\":\"2023-05-02T17:55:37+00:00\",\"dateModified\":\"2025-03-30T13:42:08+00:00\",\"breadcrumb\":{\"@id\":\"https:\/\/www.lujasula.fi\/index.php\/justjoo-christon-kuninkaantekija-kuisma\/#breadcrumb\"},\"inLanguage\":\"fi\",\"potentialAction\":[{\"@type\":\"ReadAction\",\"target\":[\"https:\/\/www.lujasula.fi\/index.php\/justjoo-christon-kuninkaantekija-kuisma\/\"]}]},{\"@type\":\"BreadcrumbList\",\"@id\":\"https:\/\/www.lujasula.fi\/index.php\/justjoo-christon-kuninkaantekija-kuisma\/#breadcrumb\",\"itemListElement\":[{\"@type\":\"ListItem\",\"position\":1,\"name\":\"Etusivu\",\"item\":\"https:\/\/www.lujasula.fi\/\"},{\"@type\":\"ListItem\",\"position\":2,\"name\":\"Justjoo Christon Kuninkaantekij\u00e4 &#8211; Kuisma\"}]},{\"@type\":\"WebSite\",\"@id\":\"https:\/\/www.lujasula.fi\/#website\",\"url\":\"https:\/\/www.lujasula.fi\/\",\"name\":\"Lujasula\",\"description\":\"Kovaa ja kevyesti - agilityurheilijan fysiikkavalmennusta\",\"publisher\":{\"@id\":\"https:\/\/www.lujasula.fi\/#organization\"},\"potentialAction\":[{\"@type\":\"SearchAction\",\"target\":{\"@type\":\"EntryPoint\",\"urlTemplate\":\"https:\/\/www.lujasula.fi\/?s={search_term_string}\"},\"query-input\":\"required name=search_term_string\"}],\"inLanguage\":\"fi\"},{\"@type\":\"Organization\",\"@id\":\"https:\/\/www.lujasula.fi\/#organization\",\"name\":\"tmi Lujasula\",\"url\":\"https:\/\/www.lujasula.fi\/\",\"sameAs\":[\"http:\/\/instagram.com\/jannikroger\"],\"logo\":{\"@type\":\"ImageObject\",\"inLanguage\":\"fi\",\"@id\":\"https:\/\/www.lujasula.fi\/#\/schema\/logo\/image\/\",\"url\":\"https:\/\/www.lujasula.fi\/wp-content\/uploads\/2021\/10\/Lujasula_vaaleanp.jpg\",\"contentUrl\":\"https:\/\/www.lujasula.fi\/wp-content\/uploads\/2021\/10\/Lujasula_vaaleanp.jpg\",\"width\":800,\"height\":800,\"caption\":\"tmi Lujasula\"},\"image\":{\"@id\":\"https:\/\/www.lujasula.fi\/#\/schema\/logo\/image\/\"}}]}<\/script>\n<!-- \/ Yoast SEO plugin. -->","yoast_head_json":{"title":"Justjoo Christon Kuninkaantekij\u00e4 - Kuisma - Lujasula","robots":{"index":"index","follow":"follow","max-snippet":"max-snippet:-1","max-image-preview":"max-image-preview:large","max-video-preview":"max-video-preview:-1"},"canonical":"https:\/\/www.lujasula.fi\/index.php\/justjoo-christon-kuninkaantekija-kuisma\/","og_locale":"fi_FI","og_type":"article","og_title":"Justjoo Christon Kuninkaantekij\u00e4 - Kuisma - Lujasula","og_description":"Pieniamerikanpaimenkoira Synt. 7.7.2021 N\u00e4yttelyt: JUN-SERT, SERT Agility: Medi 1 LTE: 138+++ Noin 41 cm \/ 14 kg Luusto: lonkat A\/A, polvet ja kyyn\u00e4r\u00e4t 0\/0, selk\u00e4 VA0, LTV1 Geenitestit: HSF4 &#8211; CDPA &#8211; CDDY &#8211; IVDD risk N\/N (ei kantaja) Kuisma jalostustietoj\u00e4rjestelm\u00e4ss\u00e4 Kuisma on vilkas ja kiihke\u00e4 ty\u00f6koiraluonne, onneksi my\u00f6s hyv\u00e4hermoinen ja sopivan tasapainoinen. Maaseudun rauhassa &hellip; Jatka lukemista \"Justjoo Christon Kuninkaantekij\u00e4 &#8211; Kuisma\"","og_url":"https:\/\/www.lujasula.fi\/index.php\/justjoo-christon-kuninkaantekija-kuisma\/","og_site_name":"Lujasula","article_modified_time":"2025-03-30T13:42:08+00:00","og_image":[{"url":"https:\/\/www.lujasula.fi\/wp-content\/uploads\/2023\/05\/DSCF5178-683x1024.jpg"}],"twitter_card":"summary_large_image","twitter_misc":{"Arvioitu lukuaika":"2 minuuttia"},"schema":{"@context":"https:\/\/schema.org","@graph":[{"@type":"WebPage","@id":"https:\/\/www.lujasula.fi\/index.php\/justjoo-christon-kuninkaantekija-kuisma\/","url":"https:\/\/www.lujasula.fi\/index.php\/justjoo-christon-kuninkaantekija-kuisma\/","name":"Justjoo Christon Kuninkaantekij\u00e4 - Kuisma - Lujasula","isPartOf":{"@id":"https:\/\/www.lujasula.fi\/#website"},"datePublished":"2023-05-02T17:55:37+00:00","dateModified":"2025-03-30T13:42:08+00:00","breadcrumb":{"@id":"https:\/\/www.lujasula.fi\/index.php\/justjoo-christon-kuninkaantekija-kuisma\/#breadcrumb"},"inLanguage":"fi","potentialAction":[{"@type":"ReadAction","target":["https:\/\/www.lujasula.fi\/index.php\/justjoo-christon-kuninkaantekija-kuisma\/"]}]},{"@type":"BreadcrumbList","@id":"https:\/\/www.lujasula.fi\/index.php\/justjoo-christon-kuninkaantekija-kuisma\/#breadcrumb","itemListElement":[{"@type":"ListItem","position":1,"name":"Etusivu","item":"https:\/\/www.lujasula.fi\/"},{"@type":"ListItem","position":2,"name":"Justjoo Christon Kuninkaantekij\u00e4 &#8211; Kuisma"}]},{"@type":"WebSite","@id":"https:\/\/www.lujasula.fi\/#website","url":"https:\/\/www.lujasula.fi\/","name":"Lujasula","description":"Kovaa ja kevyesti - agilityurheilijan fysiikkavalmennusta","publisher":{"@id":"https:\/\/www.lujasula.fi\/#organization"},"potentialAction":[{"@type":"SearchAction","target":{"@type":"EntryPoint","urlTemplate":"https:\/\/www.lujasula.fi\/?s={search_term_string}"},"query-input":"required name=search_term_string"}],"inLanguage":"fi"},{"@type":"Organization","@id":"https:\/\/www.lujasula.fi\/#organization","name":"tmi Lujasula","url":"https:\/\/www.lujasula.fi\/","sameAs":["http:\/\/instagram.com\/jannikroger"],"logo":{"@type":"ImageObject","inLanguage":"fi","@id":"https:\/\/www.lujasula.fi\/#\/schema\/logo\/image\/","url":"https:\/\/www.lujasula.fi\/wp-content\/uploads\/2021\/10\/Lujasula_vaaleanp.jpg","contentUrl":"https:\/\/www.lujasula.fi\/wp-content\/uploads\/2021\/10\/Lujasula_vaaleanp.jpg","width":800,"height":800,"caption":"tmi Lujasula"},"image":{"@id":"https:\/\/www.lujasula.fi\/#\/schema\/logo\/image\/"}}]}},"_links":{"self":[{"href":"https:\/\/www.lujasula.fi\/index.php\/wp-json\/wp\/v2\/pages\/411"}],"collection":[{"href":"https:\/\/www.lujasula.fi\/index.php\/wp-json\/wp\/v2\/pages"}],"about":[{"href":"https:\/\/www.lujasula.fi\/index.php\/wp-json\/wp\/v2\/types\/page"}],"author":[{"embeddable":true,"href":"https:\/\/www.lujasula.fi\/index.php\/wp-json\/wp\/v2\/users\/1"}],"replies":[{"embeddable":true,"href":"https:\/\/www.lujasula.fi\/index.php\/wp-json\/wp\/v2\/comments?post=411"}],"version-history":[{"count":10,"href":"https:\/\/www.lujasula.fi\/index.php\/wp-json\/wp\/v2\/pages\/411\/revisions"}],"predecessor-version":[{"id":756,"href":"https:\/\/www.lujasula.fi\/index.php\/wp-json\/wp\/v2\/pages\/411\/revisions\/756"}],"wp:attachment":[{"href":"https:\/\/www.lujasula.fi\/index.php\/wp-json\/wp\/v2\/media?parent=411"}],"curies":[{"name":"wp","href":"https:\/\/api.w.org\/{rel}","templated":true}]}}