{"id":448,"date":"2023-05-30T07:45:06","date_gmt":"2023-05-30T07:45:06","guid":{"rendered":"https:\/\/www.lujasula.fi\/?page_id=448"},"modified":"2025-11-06T07:42:28","modified_gmt":"2025-11-06T07:42:28","slug":"etavalmennus-koiranohjaajille-agility-leikki-motivaatio-seuraaminen","status":"publish","type":"page","link":"https:\/\/www.lujasula.fi\/index.php\/etavalmennus-koiranohjaajille-agility-leikki-motivaatio-seuraaminen\/","title":{"rendered":"Et\u00e4valmennus koiranohjaajille: agility, leikki &#038; motivaatio, seuraaminen"},"content":{"rendered":"\n<p>Kaipaatko uusia ideoita, selke\u00e4\u00e4 treenisuunnitelmaa ja tukea koirankoulutukseen? Tarpeesi voi olla lajitaidon opettamisessa tai vaikkapa nuoren koiran pohjataitojen harjoittelussa. Olen pitk\u00e4n linjan koiraharrastaja ja agilityurheilija. Agilityn kouluttamisen aloitin jo vuonna 2006 ja olen kouluttanut my\u00f6s muita lajeja. <\/p>\n\n\n\n<p>Valmennus toteutetaan t\u00e4ysin et\u00e4n\u00e4 ja sinulle sopivana kokonaisuutena! Alkukartoituksen voimme pit\u00e4\u00e4 google meet -tapaamisena ja sopia yhdess\u00e4, millaisen kokonaisuuden valmennuksesta rakennamme. Mik\u00e4li sinulla on mahdollisuus itsen\u00e4iseen harjoitteluun ja treenien videoimiseen, t\u00e4m\u00e4 kokonaisuus sopii sinulle.<\/p>\n\n\n\n<p>Lue alta lis\u00e4\u00e4 ja l\u00e4hde mukaan kehitt\u00e4v\u00e4\u00e4n, mielekk\u00e4\u00e4seen valmennukseen!<\/p>\n\n\n\n<hr class=\"wp-block-separator has-alpha-channel-opacity\"\/>\n\n\n\n<div class=\"wp-block-media-text alignwide is-stacked-on-mobile\" style=\"grid-template-columns:47% auto\"><figure class=\"wp-block-media-text__media\"><img loading=\"lazy\" width=\"864\" height=\"1024\" src=\"https:\/\/www.lujasula.fi\/wp-content\/uploads\/2023\/05\/IMG_20230123_103145-864x1024.jpg\" alt=\"\" class=\"wp-image-449 size-full\" srcset=\"https:\/\/www.lujasula.fi\/wp-content\/uploads\/2023\/05\/IMG_20230123_103145-864x1024.jpg 864w, https:\/\/www.lujasula.fi\/wp-content\/uploads\/2023\/05\/IMG_20230123_103145-253x300.jpg 253w, https:\/\/www.lujasula.fi\/wp-content\/uploads\/2023\/05\/IMG_20230123_103145-768x911.jpg 768w, https:\/\/www.lujasula.fi\/wp-content\/uploads\/2023\/05\/IMG_20230123_103145-1295x1536.jpg 1295w, https:\/\/www.lujasula.fi\/wp-content\/uploads\/2023\/05\/IMG_20230123_103145-1727x2048.jpg 1727w\" sizes=\"(max-width: 706px) 89vw, (max-width: 767px) 82vw, 740px\" \/><\/figure><div class=\"wp-block-media-text__content\">\n<p><strong>Yksil\u00f6llinen valmennuskokonaisuus vastaamaan juuri sinun tarpeisiisi<\/strong><\/p>\n\n\n\n<p>Alkukartoitusvaiheessa k\u00e4ymme yhdess\u00e4 l\u00e4pi tavoitteesi ja toiveesi, sek\u00e4 mietimme, millainen harjoittelu sopii sinulle ja koirallesi. Keskustelun pohjalta suunnittelen treeneille rungon, jota muokataan matkan varrella tarpeen mukaan.<\/p>\n\n\n\n<p>Koko valmennuksen ajan saa aina laittaa viesti\u00e4, olen tukenasi prosessin l\u00e4pi. Palautteet treeni-\/kisavideoista ja kuukausittainen et\u00e4palaveri kuuluu palveluun.<\/p>\n<\/div><\/div>\n\n\n\n<hr class=\"wp-block-separator has-alpha-channel-opacity\"\/>\n\n\n\n<p><strong>Miss\u00e4 voin auttaa sinua?<\/strong><\/p>\n\n\n\n<ul>\n<li>Agilityn lajitaidot: juoksukontaktit, pujottelun kouluttaminen (eri metodit onnistuu tarpeen mukaan), muu esteosaaminen, hyppyvihjeet, nopeus<\/li>\n\n\n\n<li>Agilityn pohjataidot ja nuoren koiran harjoitteet<\/li>\n\n\n\n<li>Agilityn ratatreeni, kilpailuihin valmistautuminen ja taitojen hiominen huippuunsa<\/li>\n\n\n\n<li>Leikkitaidot ja palkkaus<\/li>\n\n\n\n<li>Motivaatio, yhteisty\u00f6, treenikupla<\/li>\n\n\n\n<li>Seuraaminen alkeista kisavalmiiksi pk-lajeihin \/ tokoon<\/li>\n<\/ul>\n\n\n\n<hr class=\"wp-block-separator has-alpha-channel-opacity\"\/>\n\n\n\n<figure class=\"wp-block-image size-large\"><img loading=\"lazy\" width=\"1024\" height=\"577\" src=\"https:\/\/www.lujasula.fi\/wp-content\/uploads\/2023\/05\/Fashion-World-Facebook-Cover-1-1024x577.jpg\" alt=\"\" class=\"wp-image-450\" srcset=\"https:\/\/www.lujasula.fi\/wp-content\/uploads\/2023\/05\/Fashion-World-Facebook-Cover-1-1024x577.jpg 1024w, https:\/\/www.lujasula.fi\/wp-content\/uploads\/2023\/05\/Fashion-World-Facebook-Cover-1-300x169.jpg 300w, https:\/\/www.lujasula.fi\/wp-content\/uploads\/2023\/05\/Fashion-World-Facebook-Cover-1-768x433.jpg 768w, https:\/\/www.lujasula.fi\/wp-content\/uploads\/2023\/05\/Fashion-World-Facebook-Cover-1-1536x865.jpg 1536w, https:\/\/www.lujasula.fi\/wp-content\/uploads\/2023\/05\/Fashion-World-Facebook-Cover-1.jpg 1640w\" sizes=\"(max-width: 706px) 89vw, (max-width: 767px) 82vw, 740px\" \/><\/figure>\n\n\n\n<p>Aloitin agilityn ensimm\u00e4isen koirani, walesinspringeri Epun kanssa vuona 2004. Sittemmin olen harrastanut lajia useamman eri rotuisen kanssa ja kilpaillut arvokisatasolla. Aloin kouluttaa agilitya vuonna 2006 ja t\u00e4ll\u00e4 hetkell\u00e4 valmennan Siilinj\u00e4rvell\u00e4 Koiraurheilukeskus SAVOssa. <\/p>\n\n\n\n<p>Agilityn lis\u00e4ksi kaikki koirani ovat harrastaneet my\u00f6s muita lajeja. Spanielit ovat perehdytt\u00e4neet mets\u00e4styskoulutukseen ja mej\u00e4\u00e4n, kelpien kanssa k\u00e4ytiin paimentamassa ja malinoisien kanssa tie on vienyt mondioring-treeneihin. Olen kilpaillut tokossa parin eri koiran kanssa ja harrastanut jonkin verran eri pk-lajeja, pekoa ja rally-tokoa. <\/p>\n\n\n\n<p>Koirien kouluttamisessa minulle on t\u00e4rke\u00e4\u00e4 hyv\u00e4n mielentilan vaaliminen ja koiral\u00e4ht\u00f6inen tekeminen. Harjoittelu suunnitellaan koiran ominaisuuksien mukaan, vahvuuksia tukien. Pyrin aina l\u00f6yt\u00e4m\u00e4\u00e4n kyseiselle koiralle parhaan tavan treenata ja oppia. Urheilukoirahierojana ja kraniosakraaliterapeuttina ymm\u00e4rr\u00e4n hyvin my\u00f6s treenaamisen fyysisi\u00e4 vaatimuksia. Valmentajana haluan innostaa, auttaa huomaamaan positiiviset asiat ja vied\u00e4 rohkeasti tekemist\u00e4 eteenp\u00e4in. <\/p>\n\n\n\n<figure class=\"wp-block-embed is-type-video is-provider-youtube wp-block-embed-youtube wp-embed-aspect-16-9 wp-has-aspect-ratio\"><div class=\"wp-block-embed__wrapper\">\n<iframe loading=\"lazy\" title=\"Tapion juoksupuomi\" width=\"525\" height=\"295\" src=\"https:\/\/www.youtube.com\/embed\/WYbd5vgpZVI?feature=oembed\" frameborder=\"0\" allow=\"accelerometer; autoplay; clipboard-write; encrypted-media; gyroscope; picture-in-picture; web-share\" allowfullscreen><\/iframe>\n<\/div><\/figure>\n\n\n\n<hr class=\"wp-block-separator has-alpha-channel-opacity\"\/>\n\n\n\n<p><strong>Hinnasto<\/strong><\/p>\n\n\n\n<figure class=\"wp-block-table\"><table><tbody><tr><td>Et\u00e4valmennus 1 kk<\/td><td>90 euroa (sis. alv)<\/td><\/tr><tr><td>Et\u00e4valmennus 3 kk<\/td><td>240 euroa (sis. alv)<\/td><\/tr><\/tbody><\/table><\/figure>\n\n\n\n<p>Mik\u00e4li sinulla on kaksi koiraa ja haluat valmennuksen molemmille, saat sen yhden valmennuspaketin hinnalla mik\u00e4li treenien teema on sama. Siis jos tarkoituksenasi on kehitt\u00e4\u00e4 esimerkiksi molempien koirien seuraamista, saat treenit molemmille yhden hinnalla! Eri teemaan keskittyv\u00e4 valmennus toiselle koiralle lis\u00e4hintaan 40 euroa \/ kk.<\/p>\n\n\n\n<p><em>Haluatko mukaan?<\/em>\u00a0Laita s\u00e4hk\u00f6postia info(at)lujasula.fi niin jutellaan lis\u00e4\u00e4!<\/p>\n\n\n\n<figure class=\"wp-block-gallery has-nested-images columns-default is-cropped wp-block-gallery-1 is-layout-flex\">\n<figure class=\"wp-block-image size-large\"><img loading=\"lazy\" width=\"1024\" height=\"680\" data-id=\"455\"  src=\"https:\/\/www.lujasula.fi\/wp-content\/uploads\/2023\/05\/205-1024x680.jpg\" alt=\"\" class=\"wp-image-455\" srcset=\"https:\/\/www.lujasula.fi\/wp-content\/uploads\/2023\/05\/205-1024x680.jpg 1024w, https:\/\/www.lujasula.fi\/wp-content\/uploads\/2023\/05\/205-300x199.jpg 300w, https:\/\/www.lujasula.fi\/wp-content\/uploads\/2023\/05\/205-768x510.jpg 768w, https:\/\/www.lujasula.fi\/wp-content\/uploads\/2023\/05\/205-1536x1020.jpg 1536w, https:\/\/www.lujasula.fi\/wp-content\/uploads\/2023\/05\/205-2048x1360.jpg 2048w\" sizes=\"(max-width: 706px) 89vw, (max-width: 767px) 82vw, 740px\" \/><\/figure>\n\n\n\n<figure class=\"wp-block-image size-large\"><img loading=\"lazy\" width=\"942\" height=\"598\" data-id=\"456\"  src=\"https:\/\/www.lujasula.fi\/wp-content\/uploads\/2023\/05\/083.jpg\" alt=\"\" class=\"wp-image-456\" srcset=\"https:\/\/www.lujasula.fi\/wp-content\/uploads\/2023\/05\/083.jpg 942w, https:\/\/www.lujasula.fi\/wp-content\/uploads\/2023\/05\/083-300x190.jpg 300w, https:\/\/www.lujasula.fi\/wp-content\/uploads\/2023\/05\/083-768x488.jpg 768w\" sizes=\"(max-width: 706px) 89vw, (max-width: 767px) 82vw, 740px\" \/><\/figure>\n\n\n\n<figure class=\"wp-block-image size-large\"><img loading=\"lazy\" width=\"1024\" height=\"683\" data-id=\"242\"  src=\"https:\/\/www.lujasula.fi\/wp-content\/uploads\/2022\/12\/IMG_5847-1024x683.jpg\" alt=\"\" class=\"wp-image-242\" srcset=\"https:\/\/www.lujasula.fi\/wp-content\/uploads\/2022\/12\/IMG_5847-1024x683.jpg 1024w, https:\/\/www.lujasula.fi\/wp-content\/uploads\/2022\/12\/IMG_5847-300x200.jpg 300w, https:\/\/www.lujasula.fi\/wp-content\/uploads\/2022\/12\/IMG_5847-768x512.jpg 768w, https:\/\/www.lujasula.fi\/wp-content\/uploads\/2022\/12\/IMG_5847-1536x1024.jpg 1536w, https:\/\/www.lujasula.fi\/wp-content\/uploads\/2022\/12\/IMG_5847.jpg 2048w\" sizes=\"(max-width: 706px) 89vw, (max-width: 767px) 82vw, 740px\" \/><\/figure>\n\n\n\n<figure class=\"wp-block-image size-large\"><img loading=\"lazy\" width=\"683\" height=\"1024\" data-id=\"208\"  src=\"https:\/\/www.lujasula.fi\/wp-content\/uploads\/2022\/10\/DSCF3717-683x1024.jpg\" alt=\"\" class=\"wp-image-208\" srcset=\"https:\/\/www.lujasula.fi\/wp-content\/uploads\/2022\/10\/DSCF3717-683x1024.jpg 683w, https:\/\/www.lujasula.fi\/wp-content\/uploads\/2022\/10\/DSCF3717-200x300.jpg 200w, https:\/\/www.lujasula.fi\/wp-content\/uploads\/2022\/10\/DSCF3717-768x1152.jpg 768w, https:\/\/www.lujasula.fi\/wp-content\/uploads\/2022\/10\/DSCF3717-1024x1536.jpg 1024w, https:\/\/www.lujasula.fi\/wp-content\/uploads\/2022\/10\/DSCF3717-1365x2048.jpg 1365w, https:\/\/www.lujasula.fi\/wp-content\/uploads\/2022\/10\/DSCF3717-scaled.jpg 1707w\" sizes=\"(max-width: 683px) 100vw, 683px\" \/><\/figure>\n\n\n\n<figure class=\"wp-block-image size-large\"><img loading=\"lazy\" width=\"1024\" height=\"681\" data-id=\"127\"  src=\"https:\/\/www.lujasula.fi\/wp-content\/uploads\/2022\/03\/ruuagi-1024x681.jpg\" alt=\"\" class=\"wp-image-127\" srcset=\"https:\/\/www.lujasula.fi\/wp-content\/uploads\/2022\/03\/ruuagi-1024x681.jpg 1024w, https:\/\/www.lujasula.fi\/wp-content\/uploads\/2022\/03\/ruuagi-300x199.jpg 300w, https:\/\/www.lujasula.fi\/wp-content\/uploads\/2022\/03\/ruuagi-768x511.jpg 768w, https:\/\/www.lujasula.fi\/wp-content\/uploads\/2022\/03\/ruuagi-450x300.jpg 450w, https:\/\/www.lujasula.fi\/wp-content\/uploads\/2022\/03\/ruuagi-90x60.jpg 90w, https:\/\/www.lujasula.fi\/wp-content\/uploads\/2022\/03\/ruuagi.jpg 1504w\" sizes=\"(max-width: 706px) 89vw, (max-width: 767px) 82vw, 740px\" \/><\/figure>\n\n\n\n<figure class=\"wp-block-image size-large\"><img loading=\"lazy\" width=\"1024\" height=\"678\" data-id=\"65\"  src=\"https:\/\/www.lujasula.fi\/wp-content\/uploads\/2021\/11\/DSC_4463-1024x678.jpg\" alt=\"\" class=\"wp-image-65\" srcset=\"https:\/\/www.lujasula.fi\/wp-content\/uploads\/2021\/11\/DSC_4463-1024x678.jpg 1024w, https:\/\/www.lujasula.fi\/wp-content\/uploads\/2021\/11\/DSC_4463-300x199.jpg 300w, https:\/\/www.lujasula.fi\/wp-content\/uploads\/2021\/11\/DSC_4463-768x509.jpg 768w, https:\/\/www.lujasula.fi\/wp-content\/uploads\/2021\/11\/DSC_4463-1536x1017.jpg 1536w, https:\/\/www.lujasula.fi\/wp-content\/uploads\/2021\/11\/DSC_4463-2048x1356.jpg 2048w, https:\/\/www.lujasula.fi\/wp-content\/uploads\/2021\/11\/DSC_4463-91x60.jpg 91w\" sizes=\"(max-width: 706px) 89vw, (max-width: 767px) 82vw, 740px\" \/><\/figure>\n\n\n\n<figure class=\"wp-block-image size-large\"><img loading=\"lazy\" width=\"600\" height=\"883\" data-id=\"454\"  src=\"https:\/\/www.lujasula.fi\/wp-content\/uploads\/2023\/05\/DSC_0179.jpg\" alt=\"\" class=\"wp-image-454\" srcset=\"https:\/\/www.lujasula.fi\/wp-content\/uploads\/2023\/05\/DSC_0179.jpg 600w, https:\/\/www.lujasula.fi\/wp-content\/uploads\/2023\/05\/DSC_0179-204x300.jpg 204w\" sizes=\"(max-width: 600px) 100vw, 600px\" \/><\/figure>\n\n\n\n<figure class=\"wp-block-image size-large\"><img loading=\"lazy\" width=\"768\" height=\"1024\" data-id=\"395\"  src=\"https:\/\/www.lujasula.fi\/wp-content\/uploads\/2023\/04\/IMG_20230411_110105-768x1024.jpg\" alt=\"\" class=\"wp-image-395\" srcset=\"https:\/\/www.lujasula.fi\/wp-content\/uploads\/2023\/04\/IMG_20230411_110105-768x1024.jpg 768w, https:\/\/www.lujasula.fi\/wp-content\/uploads\/2023\/04\/IMG_20230411_110105-225x300.jpg 225w, https:\/\/www.lujasula.fi\/wp-content\/uploads\/2023\/04\/IMG_20230411_110105-1152x1536.jpg 1152w, https:\/\/www.lujasula.fi\/wp-content\/uploads\/2023\/04\/IMG_20230411_110105-1536x2048.jpg 1536w, https:\/\/www.lujasula.fi\/wp-content\/uploads\/2023\/04\/IMG_20230411_110105-scaled.jpg 1920w\" sizes=\"(max-width: 706px) 89vw, (max-width: 767px) 82vw, 740px\" \/><\/figure>\n\n\n\n<figure class=\"wp-block-image size-large\"><img loading=\"lazy\" width=\"700\" height=\"465\" data-id=\"451\"  src=\"https:\/\/www.lujasula.fi\/wp-content\/uploads\/2023\/05\/masiseuraa-1.jpg\" alt=\"\" class=\"wp-image-451\" srcset=\"https:\/\/www.lujasula.fi\/wp-content\/uploads\/2023\/05\/masiseuraa-1.jpg 700w, https:\/\/www.lujasula.fi\/wp-content\/uploads\/2023\/05\/masiseuraa-1-300x199.jpg 300w\" sizes=\"(max-width: 700px) 100vw, 700px\" \/><\/figure>\n<\/figure>\n","protected":false},"excerpt":{"rendered":"<p>Kaipaatko uusia ideoita, selke\u00e4\u00e4 treenisuunnitelmaa ja tukea koirankoulutukseen? Tarpeesi voi olla lajitaidon opettamisessa tai vaikkapa nuoren koiran pohjataitojen harjoittelussa. Olen pitk\u00e4n linjan koiraharrastaja ja agilityurheilija. Agilityn kouluttamisen aloitin jo vuonna 2006 ja olen kouluttanut my\u00f6s muita lajeja. Valmennus toteutetaan t\u00e4ysin et\u00e4n\u00e4 ja sinulle sopivana kokonaisuutena! Alkukartoituksen voimme pit\u00e4\u00e4 google meet -tapaamisena ja sopia yhdess\u00e4, millaisen &hellip; <\/p>\n<p class=\"link-more\"><a href=\"https:\/\/www.lujasula.fi\/index.php\/etavalmennus-koiranohjaajille-agility-leikki-motivaatio-seuraaminen\/\" class=\"more-link\">Jatka lukemista<span class=\"screen-reader-text\"> &#8221;Et\u00e4valmennus koiranohjaajille: agility, leikki &#038; motivaatio, seuraaminen&#8221;<\/span><\/a><\/p>\n","protected":false},"author":1,"featured_media":0,"parent":0,"menu_order":0,"comment_status":"closed","ping_status":"closed","template":"","meta":[],"yoast_head":"<!-- This site is optimized with the Yoast SEO plugin v19.6.1 - https:\/\/yoast.com\/wordpress\/plugins\/seo\/ -->\n<title>Et\u00e4valmennus koiranohjaajille: agility, leikki &amp; motivaatio, seuraaminen - Lujasula<\/title>\n<meta name=\"robots\" content=\"index, follow, max-snippet:-1, max-image-preview:large, max-video-preview:-1\" \/>\n<link rel=\"canonical\" href=\"https:\/\/www.lujasula.fi\/index.php\/etavalmennus-koiranohjaajille-agility-leikki-motivaatio-seuraaminen\/\" \/>\n<meta property=\"og:locale\" content=\"fi_FI\" \/>\n<meta property=\"og:type\" content=\"article\" \/>\n<meta property=\"og:title\" content=\"Et\u00e4valmennus koiranohjaajille: agility, leikki &amp; motivaatio, seuraaminen - Lujasula\" \/>\n<meta property=\"og:description\" content=\"Kaipaatko uusia ideoita, selke\u00e4\u00e4 treenisuunnitelmaa ja tukea koirankoulutukseen? Tarpeesi voi olla lajitaidon opettamisessa tai vaikkapa nuoren koiran pohjataitojen harjoittelussa. Olen pitk\u00e4n linjan koiraharrastaja ja agilityurheilija. Agilityn kouluttamisen aloitin jo vuonna 2006 ja olen kouluttanut my\u00f6s muita lajeja. Valmennus toteutetaan t\u00e4ysin et\u00e4n\u00e4 ja sinulle sopivana kokonaisuutena! Alkukartoituksen voimme pit\u00e4\u00e4 google meet -tapaamisena ja sopia yhdess\u00e4, millaisen &hellip; Jatka lukemista &quot;Et\u00e4valmennus koiranohjaajille: agility, leikki &#038; motivaatio, seuraaminen&quot;\" \/>\n<meta property=\"og:url\" content=\"https:\/\/www.lujasula.fi\/index.php\/etavalmennus-koiranohjaajille-agility-leikki-motivaatio-seuraaminen\/\" \/>\n<meta property=\"og:site_name\" content=\"Lujasula\" \/>\n<meta property=\"article:modified_time\" content=\"2025-11-06T07:42:28+00:00\" \/>\n<meta property=\"og:image\" content=\"https:\/\/www.lujasula.fi\/wp-content\/uploads\/2023\/05\/IMG_20230123_103145-864x1024.jpg\" \/>\n<meta name=\"twitter:card\" content=\"summary_large_image\" \/>\n<meta name=\"twitter:label1\" content=\"Arvioitu lukuaika\" \/>\n\t<meta name=\"twitter:data1\" content=\"2 minuuttia\" \/>\n<script type=\"application\/ld+json\" class=\"yoast-schema-graph\">{\"@context\":\"https:\/\/schema.org\",\"@graph\":[{\"@type\":\"WebPage\",\"@id\":\"https:\/\/www.lujasula.fi\/index.php\/etavalmennus-koiranohjaajille-agility-leikki-motivaatio-seuraaminen\/\",\"url\":\"https:\/\/www.lujasula.fi\/index.php\/etavalmennus-koiranohjaajille-agility-leikki-motivaatio-seuraaminen\/\",\"name\":\"Et\u00e4valmennus koiranohjaajille: agility, leikki & motivaatio, seuraaminen - Lujasula\",\"isPartOf\":{\"@id\":\"https:\/\/www.lujasula.fi\/#website\"},\"datePublished\":\"2023-05-30T07:45:06+00:00\",\"dateModified\":\"2025-11-06T07:42:28+00:00\",\"breadcrumb\":{\"@id\":\"https:\/\/www.lujasula.fi\/index.php\/etavalmennus-koiranohjaajille-agility-leikki-motivaatio-seuraaminen\/#breadcrumb\"},\"inLanguage\":\"fi\",\"potentialAction\":[{\"@type\":\"ReadAction\",\"target\":[\"https:\/\/www.lujasula.fi\/index.php\/etavalmennus-koiranohjaajille-agility-leikki-motivaatio-seuraaminen\/\"]}]},{\"@type\":\"BreadcrumbList\",\"@id\":\"https:\/\/www.lujasula.fi\/index.php\/etavalmennus-koiranohjaajille-agility-leikki-motivaatio-seuraaminen\/#breadcrumb\",\"itemListElement\":[{\"@type\":\"ListItem\",\"position\":1,\"name\":\"Etusivu\",\"item\":\"https:\/\/www.lujasula.fi\/\"},{\"@type\":\"ListItem\",\"position\":2,\"name\":\"Et\u00e4valmennus agilityyn ja muihin lajeihin\"}]},{\"@type\":\"WebSite\",\"@id\":\"https:\/\/www.lujasula.fi\/#website\",\"url\":\"https:\/\/www.lujasula.fi\/\",\"name\":\"Lujasula\",\"description\":\"Kovaa ja kevyesti - agilityurheilijan fysiikkavalmennusta\",\"publisher\":{\"@id\":\"https:\/\/www.lujasula.fi\/#organization\"},\"potentialAction\":[{\"@type\":\"SearchAction\",\"target\":{\"@type\":\"EntryPoint\",\"urlTemplate\":\"https:\/\/www.lujasula.fi\/?s={search_term_string}\"},\"query-input\":\"required name=search_term_string\"}],\"inLanguage\":\"fi\"},{\"@type\":\"Organization\",\"@id\":\"https:\/\/www.lujasula.fi\/#organization\",\"name\":\"tmi Lujasula\",\"url\":\"https:\/\/www.lujasula.fi\/\",\"sameAs\":[\"http:\/\/instagram.com\/jannikroger\"],\"logo\":{\"@type\":\"ImageObject\",\"inLanguage\":\"fi\",\"@id\":\"https:\/\/www.lujasula.fi\/#\/schema\/logo\/image\/\",\"url\":\"https:\/\/www.lujasula.fi\/wp-content\/uploads\/2021\/10\/Lujasula_vaaleanp.jpg\",\"contentUrl\":\"https:\/\/www.lujasula.fi\/wp-content\/uploads\/2021\/10\/Lujasula_vaaleanp.jpg\",\"width\":800,\"height\":800,\"caption\":\"tmi Lujasula\"},\"image\":{\"@id\":\"https:\/\/www.lujasula.fi\/#\/schema\/logo\/image\/\"}}]}<\/script>\n<!-- \/ Yoast SEO plugin. -->","yoast_head_json":{"title":"Et\u00e4valmennus koiranohjaajille: agility, leikki & motivaatio, seuraaminen - Lujasula","robots":{"index":"index","follow":"follow","max-snippet":"max-snippet:-1","max-image-preview":"max-image-preview:large","max-video-preview":"max-video-preview:-1"},"canonical":"https:\/\/www.lujasula.fi\/index.php\/etavalmennus-koiranohjaajille-agility-leikki-motivaatio-seuraaminen\/","og_locale":"fi_FI","og_type":"article","og_title":"Et\u00e4valmennus koiranohjaajille: agility, leikki & motivaatio, seuraaminen - Lujasula","og_description":"Kaipaatko uusia ideoita, selke\u00e4\u00e4 treenisuunnitelmaa ja tukea koirankoulutukseen? Tarpeesi voi olla lajitaidon opettamisessa tai vaikkapa nuoren koiran pohjataitojen harjoittelussa. Olen pitk\u00e4n linjan koiraharrastaja ja agilityurheilija. Agilityn kouluttamisen aloitin jo vuonna 2006 ja olen kouluttanut my\u00f6s muita lajeja. Valmennus toteutetaan t\u00e4ysin et\u00e4n\u00e4 ja sinulle sopivana kokonaisuutena! Alkukartoituksen voimme pit\u00e4\u00e4 google meet -tapaamisena ja sopia yhdess\u00e4, millaisen &hellip; Jatka lukemista \"Et\u00e4valmennus koiranohjaajille: agility, leikki &#038; motivaatio, seuraaminen\"","og_url":"https:\/\/www.lujasula.fi\/index.php\/etavalmennus-koiranohjaajille-agility-leikki-motivaatio-seuraaminen\/","og_site_name":"Lujasula","article_modified_time":"2025-11-06T07:42:28+00:00","og_image":[{"url":"https:\/\/www.lujasula.fi\/wp-content\/uploads\/2023\/05\/IMG_20230123_103145-864x1024.jpg"}],"twitter_card":"summary_large_image","twitter_misc":{"Arvioitu lukuaika":"2 minuuttia"},"schema":{"@context":"https:\/\/schema.org","@graph":[{"@type":"WebPage","@id":"https:\/\/www.lujasula.fi\/index.php\/etavalmennus-koiranohjaajille-agility-leikki-motivaatio-seuraaminen\/","url":"https:\/\/www.lujasula.fi\/index.php\/etavalmennus-koiranohjaajille-agility-leikki-motivaatio-seuraaminen\/","name":"Et\u00e4valmennus koiranohjaajille: agility, leikki & motivaatio, seuraaminen - Lujasula","isPartOf":{"@id":"https:\/\/www.lujasula.fi\/#website"},"datePublished":"2023-05-30T07:45:06+00:00","dateModified":"2025-11-06T07:42:28+00:00","breadcrumb":{"@id":"https:\/\/www.lujasula.fi\/index.php\/etavalmennus-koiranohjaajille-agility-leikki-motivaatio-seuraaminen\/#breadcrumb"},"inLanguage":"fi","potentialAction":[{"@type":"ReadAction","target":["https:\/\/www.lujasula.fi\/index.php\/etavalmennus-koiranohjaajille-agility-leikki-motivaatio-seuraaminen\/"]}]},{"@type":"BreadcrumbList","@id":"https:\/\/www.lujasula.fi\/index.php\/etavalmennus-koiranohjaajille-agility-leikki-motivaatio-seuraaminen\/#breadcrumb","itemListElement":[{"@type":"ListItem","position":1,"name":"Etusivu","item":"https:\/\/www.lujasula.fi\/"},{"@type":"ListItem","position":2,"name":"Et\u00e4valmennus agilityyn ja muihin lajeihin"}]},{"@type":"WebSite","@id":"https:\/\/www.lujasula.fi\/#website","url":"https:\/\/www.lujasula.fi\/","name":"Lujasula","description":"Kovaa ja kevyesti - agilityurheilijan fysiikkavalmennusta","publisher":{"@id":"https:\/\/www.lujasula.fi\/#organization"},"potentialAction":[{"@type":"SearchAction","target":{"@type":"EntryPoint","urlTemplate":"https:\/\/www.lujasula.fi\/?s={search_term_string}"},"query-input":"required name=search_term_string"}],"inLanguage":"fi"},{"@type":"Organization","@id":"https:\/\/www.lujasula.fi\/#organization","name":"tmi Lujasula","url":"https:\/\/www.lujasula.fi\/","sameAs":["http:\/\/instagram.com\/jannikroger"],"logo":{"@type":"ImageObject","inLanguage":"fi","@id":"https:\/\/www.lujasula.fi\/#\/schema\/logo\/image\/","url":"https:\/\/www.lujasula.fi\/wp-content\/uploads\/2021\/10\/Lujasula_vaaleanp.jpg","contentUrl":"https:\/\/www.lujasula.fi\/wp-content\/uploads\/2021\/10\/Lujasula_vaaleanp.jpg","width":800,"height":800,"caption":"tmi Lujasula"},"image":{"@id":"https:\/\/www.lujasula.fi\/#\/schema\/logo\/image\/"}}]}},"_links":{"self":[{"href":"https:\/\/www.lujasula.fi\/index.php\/wp-json\/wp\/v2\/pages\/448"}],"collection":[{"href":"https:\/\/www.lujasula.fi\/index.php\/wp-json\/wp\/v2\/pages"}],"about":[{"href":"https:\/\/www.lujasula.fi\/index.php\/wp-json\/wp\/v2\/types\/page"}],"author":[{"embeddable":true,"href":"https:\/\/www.lujasula.fi\/index.php\/wp-json\/wp\/v2\/users\/1"}],"replies":[{"embeddable":true,"href":"https:\/\/www.lujasula.fi\/index.php\/wp-json\/wp\/v2\/comments?post=448"}],"version-history":[{"count":6,"href":"https:\/\/www.lujasula.fi\/index.php\/wp-json\/wp\/v2\/pages\/448\/revisions"}],"predecessor-version":[{"id":868,"href":"https:\/\/www.lujasula.fi\/index.php\/wp-json\/wp\/v2\/pages\/448\/revisions\/868"}],"wp:attachment":[{"href":"https:\/\/www.lujasula.fi\/index.php\/wp-json\/wp\/v2\/media?parent=448"}],"curies":[{"name":"wp","href":"https:\/\/api.w.org\/{rel}","templated":true}]}}