{"id":518,"date":"2023-11-16T08:16:45","date_gmt":"2023-11-16T08:16:45","guid":{"rendered":"https:\/\/www.lujasula.fi\/?page_id=518"},"modified":"2025-09-03T10:07:45","modified_gmt":"2025-09-03T10:07:45","slug":"opi-hieromaan-koiraasi-opas","status":"publish","type":"page","link":"https:\/\/www.lujasula.fi\/index.php\/opi-hieromaan-koiraasi-opas\/","title":{"rendered":"Opi hieromaan koiraasi"},"content":{"rendered":"\n<p><\/p>\n\n\n\n<p>Haluatko oppia k\u00e4sittelem\u00e4\u00e4n koirasi l\u00e4pi jumien varalta? Kiinnostaako kehitt\u00e4\u00e4 tarkempaa silm\u00e4\u00e4 ja sormia mahdollisten tuki- ja liikuntaelinhaasteiden havaitsemiseen ajoissa? Opi hieromaan koiraasi on verkkokurssi, jota voit k\u00e4yd\u00e4 omassa tahdissasi ja kehitt\u00e4\u00e4 silm\u00e4\u00e4 &amp; hoitavia k\u00e4si\u00e4 huoltamaan koiraasi entist\u00e4 paremmin.<\/p>\n\n\n\n<div style=\"height:37px\" aria-hidden=\"true\" class=\"wp-block-spacer\"><\/div>\n\n\n\n<div class=\"wp-block-media-text alignwide is-stacked-on-mobile\"><figure class=\"wp-block-media-text__media\"><img loading=\"lazy\" width=\"864\" height=\"1024\" src=\"https:\/\/www.lujasula.fi\/wp-content\/uploads\/2023\/05\/IMG_20230123_103145-864x1024.jpg\" alt=\"\" class=\"wp-image-449 size-full\" srcset=\"https:\/\/www.lujasula.fi\/wp-content\/uploads\/2023\/05\/IMG_20230123_103145-864x1024.jpg 864w, https:\/\/www.lujasula.fi\/wp-content\/uploads\/2023\/05\/IMG_20230123_103145-253x300.jpg 253w, https:\/\/www.lujasula.fi\/wp-content\/uploads\/2023\/05\/IMG_20230123_103145-768x911.jpg 768w, https:\/\/www.lujasula.fi\/wp-content\/uploads\/2023\/05\/IMG_20230123_103145-1295x1536.jpg 1295w, https:\/\/www.lujasula.fi\/wp-content\/uploads\/2023\/05\/IMG_20230123_103145-1727x2048.jpg 1727w\" sizes=\"(max-width: 706px) 89vw, (max-width: 767px) 82vw, 740px\" \/><\/figure><div class=\"wp-block-media-text__content\">\n<p><strong>Sis\u00e4lt\u00f6:<\/strong><\/p>\n\n\n\n<ul>\n<li>Milloin ja miten koiraa hierotaan<\/li>\n\n\n\n<li>Miten tehd\u00e4 tilanteesta koiralle miellytt\u00e4v\u00e4<\/li>\n\n\n\n<li>Miten koira ilment\u00e4\u00e4 kipua<\/li>\n\n\n\n<li>Miten tarkkailet ja tutkit koiraasi kiputilojen ja muiden ongelmien varalta<\/li>\n\n\n\n<li>Hieronta k\u00e4yt\u00e4nn\u00f6ss\u00e4, k\u00e4sitelt\u00e4v\u00e4t alueet ja tekniikat kuvallisin ohjein<\/li>\n\n\n\n<li>18 minuutin mittainen video, jolla n\u00e4yt\u00e4n koiran palpaatiota &amp; hierontaktekniikoita k\u00e4yt\u00e4nn\u00f6ss\u00e4<\/li>\n<\/ul>\n<\/div><\/div>\n\n\n\n<div style=\"height:44px\" aria-hidden=\"true\" class=\"wp-block-spacer\"><\/div>\n\n\n\n<p>T\u00e4ll\u00e4 kurssilla opit havainnoimaan omaa koiraasi ja sen kehon tilaa sek\u00e4 katsomalla ett\u00e4 tunnustelemalla, sek\u00e4 tunnistat tyypillisimpi\u00e4 kivun merkkej\u00e4 koiran k\u00e4yt\u00f6ksest\u00e4. Kurssin k\u00e4yty\u00e4si tied\u00e4t, miksi hieronta kannattaa ja miss\u00e4 tilanteissa se on hy\u00f6dyllist\u00e4 &#8211; ja milloin taas kannattaa k\u00e4\u00e4nty\u00e4 ammattilaisen puoleen. Opit k\u00e4ytt\u00e4m\u00e4\u00e4n hierontatekniikoita, luomaan rentouttavan huoltorutiinin koirallesi ja k\u00e4sittelem\u00e4\u00e4n sen lihaksistoa oikein.<\/p>\n\n\n\n<p>Verkkokurssi on helppok\u00e4ytt\u00f6isell\u00e4 alustalla, jolle saat pysyv\u00e4n k\u00e4ytt\u00f6oikeuden. Kurssi toimii hyvin sek\u00e4 verkossa ett\u00e4 mobiilissa. <\/p>\n\n\n\n<div style=\"height:47px\" aria-hidden=\"true\" class=\"wp-block-spacer\"><\/div>\n\n\n\n<figure class=\"wp-block-image size-large\"><img loading=\"lazy\" width=\"1024\" height=\"683\" src=\"https:\/\/www.lujasula.fi\/wp-content\/uploads\/2025\/04\/kuvaus7-1024x683.jpg\" alt=\"\" class=\"wp-image-768\" srcset=\"https:\/\/www.lujasula.fi\/wp-content\/uploads\/2025\/04\/kuvaus7-1024x683.jpg 1024w, https:\/\/www.lujasula.fi\/wp-content\/uploads\/2025\/04\/kuvaus7-300x200.jpg 300w, https:\/\/www.lujasula.fi\/wp-content\/uploads\/2025\/04\/kuvaus7-768x512.jpg 768w\" sizes=\"(max-width: 706px) 89vw, (max-width: 767px) 82vw, 740px\" \/><figcaption class=\"wp-element-caption\">Kuva: Hanna Dunder<\/figcaption><\/figure>\n\n\n\n<div style=\"height:39px\" aria-hidden=\"true\" class=\"wp-block-spacer\"><\/div>\n\n\n\n<p><strong>Oppaanasi kurssilla<\/strong><\/p>\n\n\n\n<p>Olen Janni Kr\u00f6ger, koiran hyvinvoinnin ammattilainen. Aloitin koiraurheilun 20 vuotta sitten ja siit\u00e4 asti koirien hyvinvointi, terveys ja suorituskyvyn edist\u00e4minen on kiinnostanut minua. Opiskelin urheilukoirahierojaksi Suomen el\u00e4interveydenhuolto-opistossa 2010 ja siit\u00e4 l\u00e4htien olen huoltanut sek\u00e4 omia, ett\u00e4 muiden koiria. Jatkoin opiskeluita 2016 kraniosakraaliterapian parissa ja se onkin tuonut hyv\u00e4\u00e4 syvyytt\u00e4 omaan osaamiseen. Omien, aktiivisesti harrastavien koirien lihashuolto on kirkastanut arjen toiminnan merkityst\u00e4 ja huolellisen tarkkailun ja huoltamisen pitk\u00e4aikaisia vaikutuksia. Voisikin sanoa, ett\u00e4 eniten olen oppinut omilta koiriltani. <\/p>\n\n\n\n<p>Haluaisitko sin\u00e4kin oppia lis\u00e4\u00e4 koirasi huoltamisesta silt\u00e4 omalta koiraltasi?<\/p>\n\n\n\n<div class=\"wp-block-buttons is-layout-flex\">\n<div class=\"wp-block-button\"><a class=\"wp-block-button__link wp-element-button\" href=\"https:\/\/janni-kroger.systeme.io\/abad8bdf\">Osta verkkokurssi<\/a><\/div>\n<\/div>\n\n\n\n<div style=\"height:53px\" aria-hidden=\"true\" class=\"wp-block-spacer\"><\/div>\n\n\n\n<p>Tmi Lujasula, Y-tunnus 2551415-5<\/p>\n","protected":false},"excerpt":{"rendered":"<p>Haluatko oppia k\u00e4sittelem\u00e4\u00e4n koirasi l\u00e4pi jumien varalta? Kiinnostaako kehitt\u00e4\u00e4 tarkempaa silm\u00e4\u00e4 ja sormia mahdollisten tuki- ja liikuntaelinhaasteiden havaitsemiseen ajoissa? Opi hieromaan koiraasi on verkkokurssi, jota voit k\u00e4yd\u00e4 omassa tahdissasi ja kehitt\u00e4\u00e4 silm\u00e4\u00e4 &amp; hoitavia k\u00e4si\u00e4 huoltamaan koiraasi entist\u00e4 paremmin. T\u00e4ll\u00e4 kurssilla opit havainnoimaan omaa koiraasi ja sen kehon tilaa sek\u00e4 katsomalla ett\u00e4 tunnustelemalla, sek\u00e4 tunnistat &hellip; <\/p>\n<p class=\"link-more\"><a href=\"https:\/\/www.lujasula.fi\/index.php\/opi-hieromaan-koiraasi-opas\/\" class=\"more-link\">Jatka lukemista<span class=\"screen-reader-text\"> &#8221;Opi hieromaan koiraasi&#8221;<\/span><\/a><\/p>\n","protected":false},"author":1,"featured_media":0,"parent":0,"menu_order":0,"comment_status":"closed","ping_status":"closed","template":"","meta":[],"yoast_head":"<!-- This site is optimized with the Yoast SEO plugin v19.6.1 - https:\/\/yoast.com\/wordpress\/plugins\/seo\/ -->\n<title>Opi hieromaan koiraasi - Lujasula<\/title>\n<meta name=\"robots\" content=\"index, follow, max-snippet:-1, max-image-preview:large, max-video-preview:-1\" \/>\n<link rel=\"canonical\" href=\"https:\/\/www.lujasula.fi\/index.php\/opi-hieromaan-koiraasi-opas\/\" \/>\n<meta property=\"og:locale\" content=\"fi_FI\" \/>\n<meta property=\"og:type\" content=\"article\" \/>\n<meta property=\"og:title\" content=\"Opi hieromaan koiraasi - Lujasula\" \/>\n<meta property=\"og:description\" content=\"Haluatko oppia k\u00e4sittelem\u00e4\u00e4n koirasi l\u00e4pi jumien varalta? Kiinnostaako kehitt\u00e4\u00e4 tarkempaa silm\u00e4\u00e4 ja sormia mahdollisten tuki- ja liikuntaelinhaasteiden havaitsemiseen ajoissa? Opi hieromaan koiraasi on verkkokurssi, jota voit k\u00e4yd\u00e4 omassa tahdissasi ja kehitt\u00e4\u00e4 silm\u00e4\u00e4 &amp; hoitavia k\u00e4si\u00e4 huoltamaan koiraasi entist\u00e4 paremmin. T\u00e4ll\u00e4 kurssilla opit havainnoimaan omaa koiraasi ja sen kehon tilaa sek\u00e4 katsomalla ett\u00e4 tunnustelemalla, sek\u00e4 tunnistat &hellip; Jatka lukemista &quot;Opi hieromaan koiraasi&quot;\" \/>\n<meta property=\"og:url\" content=\"https:\/\/www.lujasula.fi\/index.php\/opi-hieromaan-koiraasi-opas\/\" \/>\n<meta property=\"og:site_name\" content=\"Lujasula\" \/>\n<meta property=\"article:modified_time\" content=\"2025-09-03T10:07:45+00:00\" \/>\n<meta property=\"og:image\" content=\"https:\/\/www.lujasula.fi\/wp-content\/uploads\/2023\/05\/IMG_20230123_103145-864x1024.jpg\" \/>\n<meta name=\"twitter:card\" content=\"summary_large_image\" \/>\n<meta name=\"twitter:label1\" content=\"Arvioitu lukuaika\" \/>\n\t<meta name=\"twitter:data1\" content=\"1 minuutti\" \/>\n<script type=\"application\/ld+json\" class=\"yoast-schema-graph\">{\"@context\":\"https:\/\/schema.org\",\"@graph\":[{\"@type\":\"WebPage\",\"@id\":\"https:\/\/www.lujasula.fi\/index.php\/opi-hieromaan-koiraasi-opas\/\",\"url\":\"https:\/\/www.lujasula.fi\/index.php\/opi-hieromaan-koiraasi-opas\/\",\"name\":\"Opi hieromaan koiraasi - Lujasula\",\"isPartOf\":{\"@id\":\"https:\/\/www.lujasula.fi\/#website\"},\"datePublished\":\"2023-11-16T08:16:45+00:00\",\"dateModified\":\"2025-09-03T10:07:45+00:00\",\"breadcrumb\":{\"@id\":\"https:\/\/www.lujasula.fi\/index.php\/opi-hieromaan-koiraasi-opas\/#breadcrumb\"},\"inLanguage\":\"fi\",\"potentialAction\":[{\"@type\":\"ReadAction\",\"target\":[\"https:\/\/www.lujasula.fi\/index.php\/opi-hieromaan-koiraasi-opas\/\"]}]},{\"@type\":\"BreadcrumbList\",\"@id\":\"https:\/\/www.lujasula.fi\/index.php\/opi-hieromaan-koiraasi-opas\/#breadcrumb\",\"itemListElement\":[{\"@type\":\"ListItem\",\"position\":1,\"name\":\"Etusivu\",\"item\":\"https:\/\/www.lujasula.fi\/\"},{\"@type\":\"ListItem\",\"position\":2,\"name\":\"Opi hieromaan koiraasi\"}]},{\"@type\":\"WebSite\",\"@id\":\"https:\/\/www.lujasula.fi\/#website\",\"url\":\"https:\/\/www.lujasula.fi\/\",\"name\":\"Lujasula\",\"description\":\"Kovaa ja kevyesti - agilityurheilijan fysiikkavalmennusta\",\"publisher\":{\"@id\":\"https:\/\/www.lujasula.fi\/#organization\"},\"potentialAction\":[{\"@type\":\"SearchAction\",\"target\":{\"@type\":\"EntryPoint\",\"urlTemplate\":\"https:\/\/www.lujasula.fi\/?s={search_term_string}\"},\"query-input\":\"required name=search_term_string\"}],\"inLanguage\":\"fi\"},{\"@type\":\"Organization\",\"@id\":\"https:\/\/www.lujasula.fi\/#organization\",\"name\":\"tmi Lujasula\",\"url\":\"https:\/\/www.lujasula.fi\/\",\"sameAs\":[\"http:\/\/instagram.com\/jannikroger\"],\"logo\":{\"@type\":\"ImageObject\",\"inLanguage\":\"fi\",\"@id\":\"https:\/\/www.lujasula.fi\/#\/schema\/logo\/image\/\",\"url\":\"https:\/\/www.lujasula.fi\/wp-content\/uploads\/2021\/10\/Lujasula_vaaleanp.jpg\",\"contentUrl\":\"https:\/\/www.lujasula.fi\/wp-content\/uploads\/2021\/10\/Lujasula_vaaleanp.jpg\",\"width\":800,\"height\":800,\"caption\":\"tmi Lujasula\"},\"image\":{\"@id\":\"https:\/\/www.lujasula.fi\/#\/schema\/logo\/image\/\"}}]}<\/script>\n<!-- \/ Yoast SEO plugin. -->","yoast_head_json":{"title":"Opi hieromaan koiraasi - Lujasula","robots":{"index":"index","follow":"follow","max-snippet":"max-snippet:-1","max-image-preview":"max-image-preview:large","max-video-preview":"max-video-preview:-1"},"canonical":"https:\/\/www.lujasula.fi\/index.php\/opi-hieromaan-koiraasi-opas\/","og_locale":"fi_FI","og_type":"article","og_title":"Opi hieromaan koiraasi - Lujasula","og_description":"Haluatko oppia k\u00e4sittelem\u00e4\u00e4n koirasi l\u00e4pi jumien varalta? Kiinnostaako kehitt\u00e4\u00e4 tarkempaa silm\u00e4\u00e4 ja sormia mahdollisten tuki- ja liikuntaelinhaasteiden havaitsemiseen ajoissa? Opi hieromaan koiraasi on verkkokurssi, jota voit k\u00e4yd\u00e4 omassa tahdissasi ja kehitt\u00e4\u00e4 silm\u00e4\u00e4 &amp; hoitavia k\u00e4si\u00e4 huoltamaan koiraasi entist\u00e4 paremmin. T\u00e4ll\u00e4 kurssilla opit havainnoimaan omaa koiraasi ja sen kehon tilaa sek\u00e4 katsomalla ett\u00e4 tunnustelemalla, sek\u00e4 tunnistat &hellip; Jatka lukemista \"Opi hieromaan koiraasi\"","og_url":"https:\/\/www.lujasula.fi\/index.php\/opi-hieromaan-koiraasi-opas\/","og_site_name":"Lujasula","article_modified_time":"2025-09-03T10:07:45+00:00","og_image":[{"url":"https:\/\/www.lujasula.fi\/wp-content\/uploads\/2023\/05\/IMG_20230123_103145-864x1024.jpg"}],"twitter_card":"summary_large_image","twitter_misc":{"Arvioitu lukuaika":"1 minuutti"},"schema":{"@context":"https:\/\/schema.org","@graph":[{"@type":"WebPage","@id":"https:\/\/www.lujasula.fi\/index.php\/opi-hieromaan-koiraasi-opas\/","url":"https:\/\/www.lujasula.fi\/index.php\/opi-hieromaan-koiraasi-opas\/","name":"Opi hieromaan koiraasi - Lujasula","isPartOf":{"@id":"https:\/\/www.lujasula.fi\/#website"},"datePublished":"2023-11-16T08:16:45+00:00","dateModified":"2025-09-03T10:07:45+00:00","breadcrumb":{"@id":"https:\/\/www.lujasula.fi\/index.php\/opi-hieromaan-koiraasi-opas\/#breadcrumb"},"inLanguage":"fi","potentialAction":[{"@type":"ReadAction","target":["https:\/\/www.lujasula.fi\/index.php\/opi-hieromaan-koiraasi-opas\/"]}]},{"@type":"BreadcrumbList","@id":"https:\/\/www.lujasula.fi\/index.php\/opi-hieromaan-koiraasi-opas\/#breadcrumb","itemListElement":[{"@type":"ListItem","position":1,"name":"Etusivu","item":"https:\/\/www.lujasula.fi\/"},{"@type":"ListItem","position":2,"name":"Opi hieromaan koiraasi"}]},{"@type":"WebSite","@id":"https:\/\/www.lujasula.fi\/#website","url":"https:\/\/www.lujasula.fi\/","name":"Lujasula","description":"Kovaa ja kevyesti - agilityurheilijan fysiikkavalmennusta","publisher":{"@id":"https:\/\/www.lujasula.fi\/#organization"},"potentialAction":[{"@type":"SearchAction","target":{"@type":"EntryPoint","urlTemplate":"https:\/\/www.lujasula.fi\/?s={search_term_string}"},"query-input":"required name=search_term_string"}],"inLanguage":"fi"},{"@type":"Organization","@id":"https:\/\/www.lujasula.fi\/#organization","name":"tmi Lujasula","url":"https:\/\/www.lujasula.fi\/","sameAs":["http:\/\/instagram.com\/jannikroger"],"logo":{"@type":"ImageObject","inLanguage":"fi","@id":"https:\/\/www.lujasula.fi\/#\/schema\/logo\/image\/","url":"https:\/\/www.lujasula.fi\/wp-content\/uploads\/2021\/10\/Lujasula_vaaleanp.jpg","contentUrl":"https:\/\/www.lujasula.fi\/wp-content\/uploads\/2021\/10\/Lujasula_vaaleanp.jpg","width":800,"height":800,"caption":"tmi Lujasula"},"image":{"@id":"https:\/\/www.lujasula.fi\/#\/schema\/logo\/image\/"}}]}},"_links":{"self":[{"href":"https:\/\/www.lujasula.fi\/index.php\/wp-json\/wp\/v2\/pages\/518"}],"collection":[{"href":"https:\/\/www.lujasula.fi\/index.php\/wp-json\/wp\/v2\/pages"}],"about":[{"href":"https:\/\/www.lujasula.fi\/index.php\/wp-json\/wp\/v2\/types\/page"}],"author":[{"embeddable":true,"href":"https:\/\/www.lujasula.fi\/index.php\/wp-json\/wp\/v2\/users\/1"}],"replies":[{"embeddable":true,"href":"https:\/\/www.lujasula.fi\/index.php\/wp-json\/wp\/v2\/comments?post=518"}],"version-history":[{"count":7,"href":"https:\/\/www.lujasula.fi\/index.php\/wp-json\/wp\/v2\/pages\/518\/revisions"}],"predecessor-version":[{"id":841,"href":"https:\/\/www.lujasula.fi\/index.php\/wp-json\/wp\/v2\/pages\/518\/revisions\/841"}],"wp:attachment":[{"href":"https:\/\/www.lujasula.fi\/index.php\/wp-json\/wp\/v2\/media?parent=518"}],"curies":[{"name":"wp","href":"https:\/\/api.w.org\/{rel}","templated":true}]}}