{"id":531,"date":"2023-11-23T09:31:36","date_gmt":"2023-11-23T09:31:36","guid":{"rendered":"https:\/\/www.lujasula.fi\/?page_id=531"},"modified":"2023-11-23T09:31:37","modified_gmt":"2023-11-23T09:31:37","slug":"koirasi-hyvinvoinnin-huoltaja","status":"publish","type":"page","link":"https:\/\/www.lujasula.fi\/index.php\/koirasi-hyvinvoinnin-huoltaja\/","title":{"rendered":"Koirasi hyvinvoinnin huoltaja"},"content":{"rendered":"\n<p>Moi! Olen Janni Kr\u00f6ger, pitk\u00e4n linjan koiraurheilija, koiran hyvinvoinnista huolehtija ja ehk\u00e4 sinunkin koirasi apuri joustavan kehon ja paremman suorituskyvyn yll\u00e4pit\u00e4misess\u00e4. <\/p>\n\n\n\n<p>Opiskelin urheilukoirahierojaksi Suomen el\u00e4interveydenhuolto-opistossa 2010. Sain kipin\u00e4n alalle innokkaasta koiraharrastamisesta ja yh\u00e4 syvenev\u00e4st\u00e4 kiinnostuksesta koiran hyvinvointia ja suorituskyky\u00e4 kohtaan. Halusin ennen kaikkea osata auttaa omia urheilukoiriani pysym\u00e4\u00e4n vetrein\u00e4 ja hyv\u00e4ss\u00e4 kunnossa &#8211; mutta miten mahtavaa onkaan, ett\u00e4 osaamisella voi auttaa my\u00f6s muita! <\/p>\n\n\n\n<p>Pelkk\u00e4 hierontaosaaminen ei kuitenkaan tuntunut riitt\u00e4v\u00e4lt\u00e4 ja halusin monipuolistaa ty\u00f6kalupakkiani. Sitten n\u00e4in kokeneen kraniosakraaliterapeutti Pekka Kannuksen ty\u00f6skentelem\u00e4ss\u00e4 hankalasti jumiutuneen hevosen kanssa ja olin vaikuttunut siit\u00e4, miten kireydet sulivat silmien edess\u00e4 todella kevyen n\u00e4k\u00f6isell\u00e4 k\u00e4sittelyll\u00e4. Kevytt\u00e4h\u00e4n se kraniointi onkin, lihaksia ei koskaan k\u00e4sitell\u00e4 v\u00e4kisin eik\u00e4 voimalla auki. Mutta silti se toimii! Pekka Kannus otti minut kurssilleen mukaan opiskelemaan kraniosakraalihoitoa 2016 ja sille tielle j\u00e4in. Harjoittelin ihmisill\u00e4, hevosilla ja koirilla, mutta nykyisin hoidan l\u00e4hinn\u00e4 koiria. <\/p>\n\n\n\n<p>Vastaanotollani on vuosien saatossa k\u00e4ynyt erirotuisia ja -ik\u00e4isi\u00e4 koiria, joista osa on ollut harrastus- tai ty\u00f6koiria ja osa kotikoiria. On muun muassa availtu jumeja, selvitelty ontumisia ja rauhoitettu vilkasta hermostoa. Kaikenlaiset koira-asiakkaat ovat tervetulleita!<\/p>\n","protected":false},"excerpt":{"rendered":"<p>Moi! Olen Janni Kr\u00f6ger, pitk\u00e4n linjan koiraurheilija, koiran hyvinvoinnista huolehtija ja ehk\u00e4 sinunkin koirasi apuri joustavan kehon ja paremman suorituskyvyn yll\u00e4pit\u00e4misess\u00e4. Opiskelin urheilukoirahierojaksi Suomen el\u00e4interveydenhuolto-opistossa 2010. Sain kipin\u00e4n alalle innokkaasta koiraharrastamisesta ja yh\u00e4 syvenev\u00e4st\u00e4 kiinnostuksesta koiran hyvinvointia ja suorituskyky\u00e4 kohtaan. Halusin ennen kaikkea osata auttaa omia urheilukoiriani pysym\u00e4\u00e4n vetrein\u00e4 ja hyv\u00e4ss\u00e4 kunnossa &#8211; mutta miten &hellip; <\/p>\n<p class=\"link-more\"><a href=\"https:\/\/www.lujasula.fi\/index.php\/koirasi-hyvinvoinnin-huoltaja\/\" class=\"more-link\">Jatka lukemista<span class=\"screen-reader-text\"> &#8221;Koirasi hyvinvoinnin huoltaja&#8221;<\/span><\/a><\/p>\n","protected":false},"author":1,"featured_media":0,"parent":0,"menu_order":0,"comment_status":"closed","ping_status":"closed","template":"","meta":[],"yoast_head":"<!-- This site is optimized with the Yoast SEO plugin v19.6.1 - https:\/\/yoast.com\/wordpress\/plugins\/seo\/ -->\n<title>Koirasi hyvinvoinnin huoltaja - Lujasula<\/title>\n<meta name=\"robots\" content=\"index, follow, max-snippet:-1, max-image-preview:large, max-video-preview:-1\" \/>\n<link rel=\"canonical\" href=\"https:\/\/www.lujasula.fi\/index.php\/koirasi-hyvinvoinnin-huoltaja\/\" \/>\n<meta property=\"og:locale\" content=\"fi_FI\" \/>\n<meta property=\"og:type\" content=\"article\" \/>\n<meta property=\"og:title\" content=\"Koirasi hyvinvoinnin huoltaja - Lujasula\" \/>\n<meta property=\"og:description\" content=\"Moi! Olen Janni Kr\u00f6ger, pitk\u00e4n linjan koiraurheilija, koiran hyvinvoinnista huolehtija ja ehk\u00e4 sinunkin koirasi apuri joustavan kehon ja paremman suorituskyvyn yll\u00e4pit\u00e4misess\u00e4. Opiskelin urheilukoirahierojaksi Suomen el\u00e4interveydenhuolto-opistossa 2010. Sain kipin\u00e4n alalle innokkaasta koiraharrastamisesta ja yh\u00e4 syvenev\u00e4st\u00e4 kiinnostuksesta koiran hyvinvointia ja suorituskyky\u00e4 kohtaan. Halusin ennen kaikkea osata auttaa omia urheilukoiriani pysym\u00e4\u00e4n vetrein\u00e4 ja hyv\u00e4ss\u00e4 kunnossa &#8211; mutta miten &hellip; Jatka lukemista &quot;Koirasi hyvinvoinnin huoltaja&quot;\" \/>\n<meta property=\"og:url\" content=\"https:\/\/www.lujasula.fi\/index.php\/koirasi-hyvinvoinnin-huoltaja\/\" \/>\n<meta property=\"og:site_name\" content=\"Lujasula\" \/>\n<meta property=\"article:modified_time\" content=\"2023-11-23T09:31:37+00:00\" \/>\n<meta name=\"twitter:card\" content=\"summary_large_image\" \/>\n<meta name=\"twitter:label1\" content=\"Arvioitu lukuaika\" \/>\n\t<meta name=\"twitter:data1\" content=\"1 minuutti\" \/>\n<script type=\"application\/ld+json\" class=\"yoast-schema-graph\">{\"@context\":\"https:\/\/schema.org\",\"@graph\":[{\"@type\":\"WebPage\",\"@id\":\"https:\/\/www.lujasula.fi\/index.php\/koirasi-hyvinvoinnin-huoltaja\/\",\"url\":\"https:\/\/www.lujasula.fi\/index.php\/koirasi-hyvinvoinnin-huoltaja\/\",\"name\":\"Koirasi hyvinvoinnin huoltaja - Lujasula\",\"isPartOf\":{\"@id\":\"https:\/\/www.lujasula.fi\/#website\"},\"datePublished\":\"2023-11-23T09:31:36+00:00\",\"dateModified\":\"2023-11-23T09:31:37+00:00\",\"breadcrumb\":{\"@id\":\"https:\/\/www.lujasula.fi\/index.php\/koirasi-hyvinvoinnin-huoltaja\/#breadcrumb\"},\"inLanguage\":\"fi\",\"potentialAction\":[{\"@type\":\"ReadAction\",\"target\":[\"https:\/\/www.lujasula.fi\/index.php\/koirasi-hyvinvoinnin-huoltaja\/\"]}]},{\"@type\":\"BreadcrumbList\",\"@id\":\"https:\/\/www.lujasula.fi\/index.php\/koirasi-hyvinvoinnin-huoltaja\/#breadcrumb\",\"itemListElement\":[{\"@type\":\"ListItem\",\"position\":1,\"name\":\"Etusivu\",\"item\":\"https:\/\/www.lujasula.fi\/\"},{\"@type\":\"ListItem\",\"position\":2,\"name\":\"Koirasi hyvinvoinnin huoltaja\"}]},{\"@type\":\"WebSite\",\"@id\":\"https:\/\/www.lujasula.fi\/#website\",\"url\":\"https:\/\/www.lujasula.fi\/\",\"name\":\"Lujasula\",\"description\":\"Kovaa ja kevyesti - agilityurheilijan fysiikkavalmennusta\",\"publisher\":{\"@id\":\"https:\/\/www.lujasula.fi\/#organization\"},\"potentialAction\":[{\"@type\":\"SearchAction\",\"target\":{\"@type\":\"EntryPoint\",\"urlTemplate\":\"https:\/\/www.lujasula.fi\/?s={search_term_string}\"},\"query-input\":\"required name=search_term_string\"}],\"inLanguage\":\"fi\"},{\"@type\":\"Organization\",\"@id\":\"https:\/\/www.lujasula.fi\/#organization\",\"name\":\"tmi Lujasula\",\"url\":\"https:\/\/www.lujasula.fi\/\",\"sameAs\":[\"http:\/\/instagram.com\/jannikroger\"],\"logo\":{\"@type\":\"ImageObject\",\"inLanguage\":\"fi\",\"@id\":\"https:\/\/www.lujasula.fi\/#\/schema\/logo\/image\/\",\"url\":\"https:\/\/www.lujasula.fi\/wp-content\/uploads\/2021\/10\/Lujasula_vaaleanp.jpg\",\"contentUrl\":\"https:\/\/www.lujasula.fi\/wp-content\/uploads\/2021\/10\/Lujasula_vaaleanp.jpg\",\"width\":800,\"height\":800,\"caption\":\"tmi Lujasula\"},\"image\":{\"@id\":\"https:\/\/www.lujasula.fi\/#\/schema\/logo\/image\/\"}}]}<\/script>\n<!-- \/ Yoast SEO plugin. -->","yoast_head_json":{"title":"Koirasi hyvinvoinnin huoltaja - Lujasula","robots":{"index":"index","follow":"follow","max-snippet":"max-snippet:-1","max-image-preview":"max-image-preview:large","max-video-preview":"max-video-preview:-1"},"canonical":"https:\/\/www.lujasula.fi\/index.php\/koirasi-hyvinvoinnin-huoltaja\/","og_locale":"fi_FI","og_type":"article","og_title":"Koirasi hyvinvoinnin huoltaja - Lujasula","og_description":"Moi! Olen Janni Kr\u00f6ger, pitk\u00e4n linjan koiraurheilija, koiran hyvinvoinnista huolehtija ja ehk\u00e4 sinunkin koirasi apuri joustavan kehon ja paremman suorituskyvyn yll\u00e4pit\u00e4misess\u00e4. Opiskelin urheilukoirahierojaksi Suomen el\u00e4interveydenhuolto-opistossa 2010. Sain kipin\u00e4n alalle innokkaasta koiraharrastamisesta ja yh\u00e4 syvenev\u00e4st\u00e4 kiinnostuksesta koiran hyvinvointia ja suorituskyky\u00e4 kohtaan. Halusin ennen kaikkea osata auttaa omia urheilukoiriani pysym\u00e4\u00e4n vetrein\u00e4 ja hyv\u00e4ss\u00e4 kunnossa &#8211; mutta miten &hellip; Jatka lukemista \"Koirasi hyvinvoinnin huoltaja\"","og_url":"https:\/\/www.lujasula.fi\/index.php\/koirasi-hyvinvoinnin-huoltaja\/","og_site_name":"Lujasula","article_modified_time":"2023-11-23T09:31:37+00:00","twitter_card":"summary_large_image","twitter_misc":{"Arvioitu lukuaika":"1 minuutti"},"schema":{"@context":"https:\/\/schema.org","@graph":[{"@type":"WebPage","@id":"https:\/\/www.lujasula.fi\/index.php\/koirasi-hyvinvoinnin-huoltaja\/","url":"https:\/\/www.lujasula.fi\/index.php\/koirasi-hyvinvoinnin-huoltaja\/","name":"Koirasi hyvinvoinnin huoltaja - Lujasula","isPartOf":{"@id":"https:\/\/www.lujasula.fi\/#website"},"datePublished":"2023-11-23T09:31:36+00:00","dateModified":"2023-11-23T09:31:37+00:00","breadcrumb":{"@id":"https:\/\/www.lujasula.fi\/index.php\/koirasi-hyvinvoinnin-huoltaja\/#breadcrumb"},"inLanguage":"fi","potentialAction":[{"@type":"ReadAction","target":["https:\/\/www.lujasula.fi\/index.php\/koirasi-hyvinvoinnin-huoltaja\/"]}]},{"@type":"BreadcrumbList","@id":"https:\/\/www.lujasula.fi\/index.php\/koirasi-hyvinvoinnin-huoltaja\/#breadcrumb","itemListElement":[{"@type":"ListItem","position":1,"name":"Etusivu","item":"https:\/\/www.lujasula.fi\/"},{"@type":"ListItem","position":2,"name":"Koirasi hyvinvoinnin huoltaja"}]},{"@type":"WebSite","@id":"https:\/\/www.lujasula.fi\/#website","url":"https:\/\/www.lujasula.fi\/","name":"Lujasula","description":"Kovaa ja kevyesti - agilityurheilijan fysiikkavalmennusta","publisher":{"@id":"https:\/\/www.lujasula.fi\/#organization"},"potentialAction":[{"@type":"SearchAction","target":{"@type":"EntryPoint","urlTemplate":"https:\/\/www.lujasula.fi\/?s={search_term_string}"},"query-input":"required name=search_term_string"}],"inLanguage":"fi"},{"@type":"Organization","@id":"https:\/\/www.lujasula.fi\/#organization","name":"tmi Lujasula","url":"https:\/\/www.lujasula.fi\/","sameAs":["http:\/\/instagram.com\/jannikroger"],"logo":{"@type":"ImageObject","inLanguage":"fi","@id":"https:\/\/www.lujasula.fi\/#\/schema\/logo\/image\/","url":"https:\/\/www.lujasula.fi\/wp-content\/uploads\/2021\/10\/Lujasula_vaaleanp.jpg","contentUrl":"https:\/\/www.lujasula.fi\/wp-content\/uploads\/2021\/10\/Lujasula_vaaleanp.jpg","width":800,"height":800,"caption":"tmi Lujasula"},"image":{"@id":"https:\/\/www.lujasula.fi\/#\/schema\/logo\/image\/"}}]}},"_links":{"self":[{"href":"https:\/\/www.lujasula.fi\/index.php\/wp-json\/wp\/v2\/pages\/531"}],"collection":[{"href":"https:\/\/www.lujasula.fi\/index.php\/wp-json\/wp\/v2\/pages"}],"about":[{"href":"https:\/\/www.lujasula.fi\/index.php\/wp-json\/wp\/v2\/types\/page"}],"author":[{"embeddable":true,"href":"https:\/\/www.lujasula.fi\/index.php\/wp-json\/wp\/v2\/users\/1"}],"replies":[{"embeddable":true,"href":"https:\/\/www.lujasula.fi\/index.php\/wp-json\/wp\/v2\/comments?post=531"}],"version-history":[{"count":1,"href":"https:\/\/www.lujasula.fi\/index.php\/wp-json\/wp\/v2\/pages\/531\/revisions"}],"predecessor-version":[{"id":532,"href":"https:\/\/www.lujasula.fi\/index.php\/wp-json\/wp\/v2\/pages\/531\/revisions\/532"}],"wp:attachment":[{"href":"https:\/\/www.lujasula.fi\/index.php\/wp-json\/wp\/v2\/media?parent=531"}],"curies":[{"name":"wp","href":"https:\/\/api.w.org\/{rel}","templated":true}]}}