{"id":680,"date":"2024-10-29T08:34:35","date_gmt":"2024-10-29T08:34:35","guid":{"rendered":"https:\/\/www.lujasula.fi\/?page_id=680"},"modified":"2025-11-06T07:44:48","modified_gmt":"2025-11-06T07:44:48","slug":"maistuisiko-helposti-toteutettava-tasmaisku-oman-lajitekemisen-kehittamiseen","status":"publish","type":"page","link":"https:\/\/www.lujasula.fi\/index.php\/maistuisiko-helposti-toteutettava-tasmaisku-oman-lajitekemisen-kehittamiseen\/","title":{"rendered":"Maistuisiko helposti toteutettava t\u00e4sm\u00e4isku oman lajitekemisen kehitt\u00e4miseen?"},"content":{"rendered":"\n<h1 class=\"wp-block-heading has-pale-pink-color has-text-color\" style=\"font-size:40px\">Kovaa &amp; kevyesti kohti parempia tuloksia agilityradoilla<\/h1>\n\n\n\n<p>L\u00e4hde mukaan yksil\u00f6valmennukseen ja kerron sinulle, miten kehit\u00e4t agilityn lajinomaista liikkumistasi kohti kevyempi\u00e4, tehokkaampia ja taloudellisempia suorituksia. Yksil\u00f6idyll\u00e4, agilityssa tarvittavia ominaisuuksia kehitt\u00e4v\u00e4ll\u00e4 treeniohjelmalla et tuhlaa aikaasi turhiin treeneihin tai tyls\u00e4\u00e4n tekemiseen. Pureudumme juuri niihin ominaisuuksiin, joita sin\u00e4 tarvitset menestymiseen ja viemme harjoittelun ainutlaatuisen l\u00e4helle agilitya &#8211; oikeastaan ihan sinne lajitekemiseen asti. <\/p>\n\n\n\n<div class=\"wp-block-buttons is-layout-flex\">\n<div class=\"wp-block-button is-style-fill\"><a class=\"wp-block-button__link has-light-green-cyan-background-color has-background wp-element-button\" href=\"https:\/\/www.lujasula.fi\/index.php\/ottamalla-yhteytta-paaset-aloittamaan-treenit\/\">T\u00e4st\u00e4 mukaan!<\/a><\/div>\n<\/div>\n\n\n\n<div style=\"height:60px\" aria-hidden=\"true\" class=\"wp-block-spacer\"><\/div>\n\n\n\n<h2 class=\"wp-block-heading has-pale-pink-color has-text-color\">Yksil\u00f6llist\u00e4 fysiikkavalmennusta agilityurheilijoille<\/h2>\n\n\n\n<p>Oletko agilityharrastaja ja haluat kehitt\u00e4\u00e4 omaa fyysist\u00e4 suorituskyky\u00e4si? T\u00e4ss\u00e4 valmennuksessa saat asiantuntijan suunnitteleman ohjelman, joka sopeutetaan sinun arkeesi toimivaksi. Valmennuksessa keskitymme agilityn vaatimuksiin ja p\u00e4\u00e4set kasvattamaan tarpeen ja tavoitteiden mukaan nopeutta, voimaa, liikkuvuutta ja liikkumisen taitoa. Kovaa &amp; kevyesti kohti nopeita nollia!<\/p>\n\n\n\n<p>Yksil\u00f6valmennukseen kuuluu:<\/p>\n\n\n\n<ul>\n<li><strong>Alkukartoitus<\/strong>: K\u00e4yd\u00e4\u00e4n et\u00e4yhteyksien avulla yhdess\u00e4 l\u00e4pi nykytilanteesi, tavoitteesi ja toiveesi harjoittelun suhteen. Valmennuskokonaisuus ja ohjelmointi suunnitellaan vastaamaan sinun tarpeisiisi.<\/li>\n\n\n\n<li><strong>Treeniohjelma<\/strong>: Saat sinulle r\u00e4\u00e4t\u00e4l\u00f6idyn treeniohjelman, jota p\u00e4ivitet\u00e4\u00e4n kuukausittain tai tarpeen mukaan. Ohjelmaan voi sis\u00e4lty\u00e4 1-5 treeni\u00e4 per viikko ja ne voivat olla juoksutekniikkaharjoituksia, salitreenej\u00e4, kotijumppia,&#8230; Sellaisia treenej\u00e4, joita sin\u00e4 toivot ja tarvitset!<\/li>\n\n\n\n<li><strong>Valmentajan tuki: <\/strong>Saat laittaa minulle viestill\u00e4 kysymyksi\u00e4, oivalluksia, treenivideoita kommentoitavaksi, tai vaikka hehkuttaa onnistumisen kokemuksia. Vaikka valmennus toteutetaan et\u00e4n\u00e4, olen mukana matkallasi.<\/li>\n<\/ul>\n\n\n\n<p>Voit treenata juuri silloin ja siell\u00e4, miss\u00e4 sinulle parhaiten sopii, mutta t\u00e4sm\u00e4llisell\u00e4, ammattilaisen suunnittelemalla ohjelmalla &#8211; ja apu on aina yhden viestin p\u00e4\u00e4ss\u00e4. Valmennus sopii kaikentasoisille agilityurheilijoille, aloittelevista harrastajista kokeneisiin kilpailijoihin.<\/p>\n\n\n\n<div class=\"wp-block-buttons is-layout-flex\">\n<div class=\"wp-block-button\"><a class=\"wp-block-button__link has-light-green-cyan-background-color has-background wp-element-button\" href=\"https:\/\/www.lujasula.fi\/index.php\/henkilokohtainen-valmennus-agilityurheilijalle\/\">Tutustu valmennukseen<\/a><\/div>\n<\/div>\n\n\n\n<div style=\"height:60px\" aria-hidden=\"true\" class=\"wp-block-spacer\"><\/div>\n\n\n\n<h2 class=\"wp-block-heading has-pale-pink-color has-text-color\">Valmentajasi &#8211; Janni Kr\u00f6ger<\/h2>\n\n\n\n<p>20 vuoden agilitykokemus, monipuolinen urheilutausta ja vahva koulutuspohja tuovat osaamiseeni syvyytt\u00e4 ja aitoa ymm\u00e4rryst\u00e4 lajin vaatimuksista. Agilityn lajinomaisen liikkumisen taidon kehitt\u00e4minen ja sit\u00e4 tukevien fyysisten ominaisuuksien rakentaminen on ollut yksi isoimpia intohimojani jo l\u00e4hes kymmenen vuoden ajan. Tavoitteeni on auttaa sinua oivaltamaan uutta omasta liikkumisestasi ja ottamaan potentiaalisi entist\u00e4 tehokkaammin k\u00e4ytt\u00f6\u00f6n radoilla. <\/p>\n\n\n\n<p><em>Tausta ja osaaminen:<\/em><\/p>\n\n\n\n<ul>\n<li>Sertifioitu nopeusvalmentaja (Certified Speed &amp; Agility Coach, NSPA)<\/li>\n\n\n\n<li>Koulutusta yksil\u00f6valmentamiseen, voimaharjoitteluun ja elintapamuutosten toteuttamiseen<\/li>\n\n\n\n<li>Erikoistuminen agilityurheilijoiden harjoitteluun ja suorituskyvyn kehitt\u00e4miseen<\/li>\n\n\n\n<li>Laaja kokemus sek\u00e4 urheilusta, ett\u00e4 valmentamisesta<\/li>\n<\/ul>\n\n\n\n<p>K\u00e4yt\u00e4nn\u00f6nl\u00e4heisell\u00e4 ja motivoivalla valmennustyylill\u00e4 varmistan, ett\u00e4 et vain seuraa suunnitelmaa, vaan ymm\u00e4rr\u00e4t harjoitusten hy\u00f6dyt ja kehityt agilityurheilijana mielekk\u00e4\u00e4sti kohti tavoitteitasi.<\/p>\n\n\n\n<div class=\"wp-block-buttons is-layout-flex\">\n<div class=\"wp-block-button\"><a class=\"wp-block-button__link has-light-green-cyan-background-color has-background wp-element-button\" href=\"https:\/\/www.lujasula.fi\/index.php\/tietoja\/\">Tutustu tarkemmin<\/a><\/div>\n<\/div>\n\n\n\n<div style=\"height:60px\" aria-hidden=\"true\" class=\"wp-block-spacer\"><\/div>\n\n\n\n<h2 class=\"wp-block-heading has-text-color\" style=\"color:#f36286c4\">Parempia tuloksia agilityyn r\u00e4\u00e4t\u00e4l\u00f6idyll\u00e4 valmennuksella<\/h2>\n\n\n\n<p>Valmennuksessa keskitymme kehitt\u00e4m\u00e4\u00e4n agilityssa tarpeellisia ominaisuuksia mielekk\u00e4\u00e4sti, omaan arkeen sopivasti ja tutkitusti kehitt\u00e4vill\u00e4 metodeilla. T\u00e4ss\u00e4 muutamia syit\u00e4, miksi valmennukseen kannattaa l\u00e4hte\u00e4 mukaan:<\/p>\n\n\n\n<ul>\n<li><strong>Agilitykeskeinen harjoittelu<\/strong>: Jokainen harjoitus on suunniteltu parantamaan agilitysuoritustasi ja kehitt\u00e4m\u00e4\u00e4n niit\u00e4 ominaisuuksia, joita haluat parantaa.<\/li>\n\n\n\n<li><strong>Eteneminen omassa tahdissa<\/strong>: Olitpa vasta-alkaja tai kokenut, ohjelma mukautuu sinun tasoosi. Mietit\u00e4\u00e4n yhdess\u00e4, miten saavutamme tavoitteesi mielekk\u00e4ill\u00e4 treeneill\u00e4.<\/li>\n\n\n\n<li><strong>Kattava tuki<\/strong>: Saat valmentajalta asiantuntevaa ohjausta, k\u00e4yt\u00e4nn\u00f6n vinkkej\u00e4 ja tsemppausta. Olen aina yhden viestin p\u00e4\u00e4ss\u00e4. <\/li>\n\n\n\n<li><strong>Joustava ja verkkopohjainen<\/strong>: Ei en\u00e4\u00e4 aikataulutettuja treenej\u00e4 \u2013 harjoittele silloin kun sinulle sopii. Tarvittaessa autan sinua aikatauluttamaan tekemist\u00e4, mutta t\u00e4rkeint\u00e4 on, ett\u00e4 harjoittelu sopii arkeesi.<\/li>\n\n\n\n<li><strong>Tekemisen vieminen lajiin asti<\/strong>: T\u00e4t\u00e4 et saa muualta. Nopea-valmennuskokonaisuudessa kehit\u00e4mme lajinomaista liikkumistasi, nopeaa voimantuottoasi ja juoksutekniikkaasi vieden harjoittelun ihan sinne lajitreeneihin ja kisaradoille asti. <\/li>\n<\/ul>\n\n\n\n<div class=\"wp-block-buttons is-layout-flex\">\n<div class=\"wp-block-button\"><a class=\"wp-block-button__link has-light-green-cyan-background-color has-background wp-element-button\" href=\"https:\/\/www.lujasula.fi\/index.php\/ottamalla-yhteytta-paaset-aloittamaan-treenit\/\">L\u00e4hde mukaan<\/a><\/div>\n<\/div>\n\n\n\n<div style=\"height:60px\" aria-hidden=\"true\" class=\"wp-block-spacer\"><\/div>\n\n\n\n<h2 class=\"wp-block-heading has-pale-pink-color has-text-color\">Valmennettavien palautteita<\/h2>\n\n\n\n<p>&#8221;En ois uskonut, ett\u00e4 treenaamisesta voi saada n\u00e4in hauskaa.&#8221;<\/p>\n\n\n\n<p>&#8221;Ihan parasta, kun treeneiss\u00e4 on valinnanvaraa ja mahdollisuuksia mietti\u00e4, mit\u00e4 kerkee just t\u00e4ll\u00e4 viikolla teh\u00e4!&#8221;<\/p>\n\n\n\n<p>&#8221;N\u00e4\u00e4 siun suunnittelemat treenit on saanu miut ymm\u00e4rt\u00e4m\u00e4\u00e4n, ett\u00e4 tekemisen ei tarvii olla aina sit\u00e4 hampaat irvess\u00e4 repimist\u00e4 ja pelkk\u00e4\u00e4 painojen nostamista.&#8221;<\/p>\n\n\n\n<div style=\"height:60px\" aria-hidden=\"true\" class=\"wp-block-spacer\"><\/div>\n\n\n\n<h2 class=\"wp-block-heading has-pale-pink-color has-text-color\">Kysytt\u00e4v\u00e4\u00e4? Laita minulle viesti\u00e4, niin jutellaan tarkemmin!<\/h2>\n\n\n\n<p>Allaolevan linkin kautta p\u00e4\u00e4set laittamaan minulle viesti\u00e4 lomakkeen kautta, mutta voit halutessasi l\u00e4hesty\u00e4 minua my\u00f6s s\u00e4hk\u00f6postitse info(at)lujasula.fi. Vastaan sinulle mahdollisimman pian, eik\u00e4 tiedustelu viel\u00e4 sido sinua mihink\u00e4\u00e4n. <\/p>\n\n\n\n<div class=\"wp-block-buttons is-layout-flex\">\n<div class=\"wp-block-button\"><a class=\"wp-block-button__link has-light-green-cyan-background-color has-background wp-element-button\" href=\"https:\/\/www.lujasula.fi\/index.php\/ottamalla-yhteytta-paaset-aloittamaan-treenit\/\">Ota yhteytt\u00e4<\/a><\/div>\n<\/div>\n","protected":false},"excerpt":{"rendered":"<p>Kovaa &amp; kevyesti kohti parempia tuloksia agilityradoilla L\u00e4hde mukaan yksil\u00f6valmennukseen ja kerron sinulle, miten kehit\u00e4t agilityn lajinomaista liikkumistasi kohti kevyempi\u00e4, tehokkaampia ja taloudellisempia suorituksia. Yksil\u00f6idyll\u00e4, agilityssa tarvittavia ominaisuuksia kehitt\u00e4v\u00e4ll\u00e4 treeniohjelmalla et tuhlaa aikaasi turhiin treeneihin tai tyls\u00e4\u00e4n tekemiseen. Pureudumme juuri niihin ominaisuuksiin, joita sin\u00e4 tarvitset menestymiseen ja viemme harjoittelun ainutlaatuisen l\u00e4helle agilitya &#8211; oikeastaan ihan &hellip; <\/p>\n<p class=\"link-more\"><a href=\"https:\/\/www.lujasula.fi\/index.php\/maistuisiko-helposti-toteutettava-tasmaisku-oman-lajitekemisen-kehittamiseen\/\" class=\"more-link\">Jatka lukemista<span class=\"screen-reader-text\"> &#8221;Maistuisiko helposti toteutettava t\u00e4sm\u00e4isku oman lajitekemisen kehitt\u00e4miseen?&#8221;<\/span><\/a><\/p>\n","protected":false},"author":1,"featured_media":0,"parent":0,"menu_order":0,"comment_status":"closed","ping_status":"closed","template":"","meta":[],"yoast_head":"<!-- This site is optimized with the Yoast SEO plugin v19.6.1 - https:\/\/yoast.com\/wordpress\/plugins\/seo\/ -->\n<title>Maistuisiko helposti toteutettava t\u00e4sm\u00e4isku oman lajitekemisen kehitt\u00e4miseen? - Lujasula<\/title>\n<meta name=\"robots\" content=\"index, follow, max-snippet:-1, max-image-preview:large, max-video-preview:-1\" \/>\n<link rel=\"canonical\" href=\"https:\/\/www.lujasula.fi\/index.php\/maistuisiko-helposti-toteutettava-tasmaisku-oman-lajitekemisen-kehittamiseen\/\" \/>\n<meta property=\"og:locale\" content=\"fi_FI\" \/>\n<meta property=\"og:type\" content=\"article\" \/>\n<meta property=\"og:title\" content=\"Maistuisiko helposti toteutettava t\u00e4sm\u00e4isku oman lajitekemisen kehitt\u00e4miseen? - Lujasula\" \/>\n<meta property=\"og:description\" content=\"Kovaa &amp; kevyesti kohti parempia tuloksia agilityradoilla L\u00e4hde mukaan yksil\u00f6valmennukseen ja kerron sinulle, miten kehit\u00e4t agilityn lajinomaista liikkumistasi kohti kevyempi\u00e4, tehokkaampia ja taloudellisempia suorituksia. Yksil\u00f6idyll\u00e4, agilityssa tarvittavia ominaisuuksia kehitt\u00e4v\u00e4ll\u00e4 treeniohjelmalla et tuhlaa aikaasi turhiin treeneihin tai tyls\u00e4\u00e4n tekemiseen. Pureudumme juuri niihin ominaisuuksiin, joita sin\u00e4 tarvitset menestymiseen ja viemme harjoittelun ainutlaatuisen l\u00e4helle agilitya &#8211; oikeastaan ihan &hellip; Jatka lukemista &quot;Maistuisiko helposti toteutettava t\u00e4sm\u00e4isku oman lajitekemisen kehitt\u00e4miseen?&quot;\" \/>\n<meta property=\"og:url\" content=\"https:\/\/www.lujasula.fi\/index.php\/maistuisiko-helposti-toteutettava-tasmaisku-oman-lajitekemisen-kehittamiseen\/\" \/>\n<meta property=\"og:site_name\" content=\"Lujasula\" \/>\n<meta property=\"article:modified_time\" content=\"2025-11-06T07:44:48+00:00\" \/>\n<meta name=\"twitter:card\" content=\"summary_large_image\" \/>\n<meta name=\"twitter:label1\" content=\"Arvioitu lukuaika\" \/>\n\t<meta name=\"twitter:data1\" content=\"3 minuuttia\" \/>\n<script type=\"application\/ld+json\" class=\"yoast-schema-graph\">{\"@context\":\"https:\/\/schema.org\",\"@graph\":[{\"@type\":\"WebPage\",\"@id\":\"https:\/\/www.lujasula.fi\/index.php\/maistuisiko-helposti-toteutettava-tasmaisku-oman-lajitekemisen-kehittamiseen\/\",\"url\":\"https:\/\/www.lujasula.fi\/index.php\/maistuisiko-helposti-toteutettava-tasmaisku-oman-lajitekemisen-kehittamiseen\/\",\"name\":\"Maistuisiko helposti toteutettava t\u00e4sm\u00e4isku oman lajitekemisen kehitt\u00e4miseen? - Lujasula\",\"isPartOf\":{\"@id\":\"https:\/\/www.lujasula.fi\/#website\"},\"datePublished\":\"2024-10-29T08:34:35+00:00\",\"dateModified\":\"2025-11-06T07:44:48+00:00\",\"breadcrumb\":{\"@id\":\"https:\/\/www.lujasula.fi\/index.php\/maistuisiko-helposti-toteutettava-tasmaisku-oman-lajitekemisen-kehittamiseen\/#breadcrumb\"},\"inLanguage\":\"fi\",\"potentialAction\":[{\"@type\":\"ReadAction\",\"target\":[\"https:\/\/www.lujasula.fi\/index.php\/maistuisiko-helposti-toteutettava-tasmaisku-oman-lajitekemisen-kehittamiseen\/\"]}]},{\"@type\":\"BreadcrumbList\",\"@id\":\"https:\/\/www.lujasula.fi\/index.php\/maistuisiko-helposti-toteutettava-tasmaisku-oman-lajitekemisen-kehittamiseen\/#breadcrumb\",\"itemListElement\":[{\"@type\":\"ListItem\",\"position\":1,\"name\":\"Etusivu\",\"item\":\"https:\/\/www.lujasula.fi\/\"},{\"@type\":\"ListItem\",\"position\":2,\"name\":\"Maistuisiko helposti toteutettava t\u00e4sm\u00e4isku oman lajitekemisen kehitt\u00e4miseen?\"}]},{\"@type\":\"WebSite\",\"@id\":\"https:\/\/www.lujasula.fi\/#website\",\"url\":\"https:\/\/www.lujasula.fi\/\",\"name\":\"Lujasula\",\"description\":\"Kovaa ja kevyesti - agilityurheilijan fysiikkavalmennusta\",\"publisher\":{\"@id\":\"https:\/\/www.lujasula.fi\/#organization\"},\"potentialAction\":[{\"@type\":\"SearchAction\",\"target\":{\"@type\":\"EntryPoint\",\"urlTemplate\":\"https:\/\/www.lujasula.fi\/?s={search_term_string}\"},\"query-input\":\"required name=search_term_string\"}],\"inLanguage\":\"fi\"},{\"@type\":\"Organization\",\"@id\":\"https:\/\/www.lujasula.fi\/#organization\",\"name\":\"tmi Lujasula\",\"url\":\"https:\/\/www.lujasula.fi\/\",\"sameAs\":[\"http:\/\/instagram.com\/jannikroger\"],\"logo\":{\"@type\":\"ImageObject\",\"inLanguage\":\"fi\",\"@id\":\"https:\/\/www.lujasula.fi\/#\/schema\/logo\/image\/\",\"url\":\"https:\/\/www.lujasula.fi\/wp-content\/uploads\/2021\/10\/Lujasula_vaaleanp.jpg\",\"contentUrl\":\"https:\/\/www.lujasula.fi\/wp-content\/uploads\/2021\/10\/Lujasula_vaaleanp.jpg\",\"width\":800,\"height\":800,\"caption\":\"tmi Lujasula\"},\"image\":{\"@id\":\"https:\/\/www.lujasula.fi\/#\/schema\/logo\/image\/\"}}]}<\/script>\n<!-- \/ Yoast SEO plugin. -->","yoast_head_json":{"title":"Maistuisiko helposti toteutettava t\u00e4sm\u00e4isku oman lajitekemisen kehitt\u00e4miseen? - Lujasula","robots":{"index":"index","follow":"follow","max-snippet":"max-snippet:-1","max-image-preview":"max-image-preview:large","max-video-preview":"max-video-preview:-1"},"canonical":"https:\/\/www.lujasula.fi\/index.php\/maistuisiko-helposti-toteutettava-tasmaisku-oman-lajitekemisen-kehittamiseen\/","og_locale":"fi_FI","og_type":"article","og_title":"Maistuisiko helposti toteutettava t\u00e4sm\u00e4isku oman lajitekemisen kehitt\u00e4miseen? - Lujasula","og_description":"Kovaa &amp; kevyesti kohti parempia tuloksia agilityradoilla L\u00e4hde mukaan yksil\u00f6valmennukseen ja kerron sinulle, miten kehit\u00e4t agilityn lajinomaista liikkumistasi kohti kevyempi\u00e4, tehokkaampia ja taloudellisempia suorituksia. Yksil\u00f6idyll\u00e4, agilityssa tarvittavia ominaisuuksia kehitt\u00e4v\u00e4ll\u00e4 treeniohjelmalla et tuhlaa aikaasi turhiin treeneihin tai tyls\u00e4\u00e4n tekemiseen. Pureudumme juuri niihin ominaisuuksiin, joita sin\u00e4 tarvitset menestymiseen ja viemme harjoittelun ainutlaatuisen l\u00e4helle agilitya &#8211; oikeastaan ihan &hellip; Jatka lukemista \"Maistuisiko helposti toteutettava t\u00e4sm\u00e4isku oman lajitekemisen kehitt\u00e4miseen?\"","og_url":"https:\/\/www.lujasula.fi\/index.php\/maistuisiko-helposti-toteutettava-tasmaisku-oman-lajitekemisen-kehittamiseen\/","og_site_name":"Lujasula","article_modified_time":"2025-11-06T07:44:48+00:00","twitter_card":"summary_large_image","twitter_misc":{"Arvioitu lukuaika":"3 minuuttia"},"schema":{"@context":"https:\/\/schema.org","@graph":[{"@type":"WebPage","@id":"https:\/\/www.lujasula.fi\/index.php\/maistuisiko-helposti-toteutettava-tasmaisku-oman-lajitekemisen-kehittamiseen\/","url":"https:\/\/www.lujasula.fi\/index.php\/maistuisiko-helposti-toteutettava-tasmaisku-oman-lajitekemisen-kehittamiseen\/","name":"Maistuisiko helposti toteutettava t\u00e4sm\u00e4isku oman lajitekemisen kehitt\u00e4miseen? - Lujasula","isPartOf":{"@id":"https:\/\/www.lujasula.fi\/#website"},"datePublished":"2024-10-29T08:34:35+00:00","dateModified":"2025-11-06T07:44:48+00:00","breadcrumb":{"@id":"https:\/\/www.lujasula.fi\/index.php\/maistuisiko-helposti-toteutettava-tasmaisku-oman-lajitekemisen-kehittamiseen\/#breadcrumb"},"inLanguage":"fi","potentialAction":[{"@type":"ReadAction","target":["https:\/\/www.lujasula.fi\/index.php\/maistuisiko-helposti-toteutettava-tasmaisku-oman-lajitekemisen-kehittamiseen\/"]}]},{"@type":"BreadcrumbList","@id":"https:\/\/www.lujasula.fi\/index.php\/maistuisiko-helposti-toteutettava-tasmaisku-oman-lajitekemisen-kehittamiseen\/#breadcrumb","itemListElement":[{"@type":"ListItem","position":1,"name":"Etusivu","item":"https:\/\/www.lujasula.fi\/"},{"@type":"ListItem","position":2,"name":"Maistuisiko helposti toteutettava t\u00e4sm\u00e4isku oman lajitekemisen kehitt\u00e4miseen?"}]},{"@type":"WebSite","@id":"https:\/\/www.lujasula.fi\/#website","url":"https:\/\/www.lujasula.fi\/","name":"Lujasula","description":"Kovaa ja kevyesti - agilityurheilijan fysiikkavalmennusta","publisher":{"@id":"https:\/\/www.lujasula.fi\/#organization"},"potentialAction":[{"@type":"SearchAction","target":{"@type":"EntryPoint","urlTemplate":"https:\/\/www.lujasula.fi\/?s={search_term_string}"},"query-input":"required name=search_term_string"}],"inLanguage":"fi"},{"@type":"Organization","@id":"https:\/\/www.lujasula.fi\/#organization","name":"tmi Lujasula","url":"https:\/\/www.lujasula.fi\/","sameAs":["http:\/\/instagram.com\/jannikroger"],"logo":{"@type":"ImageObject","inLanguage":"fi","@id":"https:\/\/www.lujasula.fi\/#\/schema\/logo\/image\/","url":"https:\/\/www.lujasula.fi\/wp-content\/uploads\/2021\/10\/Lujasula_vaaleanp.jpg","contentUrl":"https:\/\/www.lujasula.fi\/wp-content\/uploads\/2021\/10\/Lujasula_vaaleanp.jpg","width":800,"height":800,"caption":"tmi Lujasula"},"image":{"@id":"https:\/\/www.lujasula.fi\/#\/schema\/logo\/image\/"}}]}},"_links":{"self":[{"href":"https:\/\/www.lujasula.fi\/index.php\/wp-json\/wp\/v2\/pages\/680"}],"collection":[{"href":"https:\/\/www.lujasula.fi\/index.php\/wp-json\/wp\/v2\/pages"}],"about":[{"href":"https:\/\/www.lujasula.fi\/index.php\/wp-json\/wp\/v2\/types\/page"}],"author":[{"embeddable":true,"href":"https:\/\/www.lujasula.fi\/index.php\/wp-json\/wp\/v2\/users\/1"}],"replies":[{"embeddable":true,"href":"https:\/\/www.lujasula.fi\/index.php\/wp-json\/wp\/v2\/comments?post=680"}],"version-history":[{"count":11,"href":"https:\/\/www.lujasula.fi\/index.php\/wp-json\/wp\/v2\/pages\/680\/revisions"}],"predecessor-version":[{"id":872,"href":"https:\/\/www.lujasula.fi\/index.php\/wp-json\/wp\/v2\/pages\/680\/revisions\/872"}],"wp:attachment":[{"href":"https:\/\/www.lujasula.fi\/index.php\/wp-json\/wp\/v2\/media?parent=680"}],"curies":[{"name":"wp","href":"https:\/\/api.w.org\/{rel}","templated":true}]}}