{"id":849,"date":"2025-10-18T16:50:23","date_gmt":"2025-10-18T16:50:23","guid":{"rendered":"https:\/\/www.lujasula.fi\/?page_id=849"},"modified":"2025-10-18T17:02:07","modified_gmt":"2025-10-18T17:02:07","slug":"tavoitteena-agilitykentat","status":"publish","type":"page","link":"https:\/\/www.lujasula.fi\/index.php\/tavoitteena-agilitykentat\/","title":{"rendered":"Tavoitteena agilitykent\u00e4t?"},"content":{"rendered":"\n<h1 class=\"wp-block-heading has-pale-pink-color has-text-color has-x-large-font-size\">Harrastuskoiran pohjataidot -verkkokurssi<\/h1>\n\n\n\n<p>T\u00e4m\u00e4n omaan tahtiin suoritettavan verkkokurssin avulla rakennat pennullesi t\u00e4rkeit\u00e4 pohjataitoja tulevaisuuden harrastukentti\u00e4 varten, ja erityisesti agilitya silm\u00e4ll\u00e4 pit\u00e4en. Opit kehitt\u00e4m\u00e4\u00e4n yhteisty\u00f6t\u00e4, rakentamaan laadukkaita treenikokonaisuuksia ja kouluttamaan taitoja, jotka tukevat tulevaa harrastusuraa. <\/p>\n\n\n\n<p>Kurssilla k\u00e4sitell\u00e4\u00e4n asioita aina treenikuplasta ja palkkausten rakentamisesta hyviin treenirutiineihin ja ohjaajaa kohti aktivoitumisen opettamiseen, sek\u00e4 k\u00e4yd\u00e4\u00e4n l\u00e4pi t\u00e4rkeimpien agilityn pohjataitojen kouluttaminen. Loogisesti etenev\u00e4 kurssi sis\u00e4lt\u00e4\u00e4 esimerkkivideoita joka osiossa n\u00e4ytt\u00e4m\u00e4\u00e4n konkreettisesti, miten rakennat sujuvaa yhteisty\u00f6t\u00e4, keskittymist\u00e4, hyv\u00e4\u00e4 mielentilaa ja tarpeellisia pohjataitoja. <\/p>\n\n\n\n<p class=\"has-pale-pink-color has-text-color\">Verkkokurssin hinta 39 euroa.<\/p>\n\n\n\n<div class=\"wp-block-buttons is-layout-flex\">\n<div class=\"wp-block-button\"><a class=\"wp-block-button__link has-light-green-cyan-background-color has-background wp-element-button\" href=\"https:\/\/janni-kroger.systeme.io\/a54aa809\">Mukana!<\/a><\/div>\n<\/div>\n\n\n\n<h2 class=\"wp-block-heading has-pale-pink-color has-text-color\">Mit\u00e4 kurssi sis\u00e4lt\u00e4\u00e4?<\/h2>\n\n\n\n<p>Kurssin sis\u00e4lt\u00f6 on rakennettu johdonmukaisesti etenev\u00e4ksi kokonaisuudeksi, josta saat t\u00e4rkeimm\u00e4t avaimet oleellisimpien asioiden harjoitteluun:<\/p>\n\n\n\n<ul>\n<li><strong>Laadukkaan treenaamisen peruspilarit<\/strong><br>Toistom\u00e4\u00e4r\u00e4t, treenikupla, h\u00e4iri\u00f6nsieto, mielentila, vireenhallinta,&#8230;<\/li>\n\n\n\n<li><strong>Sujuvan &amp; innostavan yhteisty\u00f6n rakentaminen<\/strong><br>Ohjaajaa kohti aktivoituminen ja palkkaukset taitoina, motivaation &amp; yhteisty\u00f6n edist\u00e4minen<\/li>\n\n\n\n<li><strong>T\u00e4rkeimm\u00e4t agilityn pohjataidot<\/strong><br>Paikallaolo, kohdety\u00f6skentely, katsefokus, irtoaminen, k\u00e4sikosketus, ohjauksiin tuleminen, kartion kierto &amp; kehonhallinta<\/li>\n\n\n\n<li><strong>Kehitt\u00e4v\u00e4t treenit juuri sinun koirallesi<\/strong><br>Ohjeita siihen, mit\u00e4 asioita erityyppisten koirien kanssa tulee ottaa huomioon ja vinkkej\u00e4 harjoittelun muokkaamiseen eri tarpeisiin sopivaksi<br><\/li>\n<\/ul>\n\n\n\n<div style=\"height:40px\" aria-hidden=\"true\" class=\"wp-block-spacer\"><\/div>\n\n\n\n<h2 class=\"wp-block-heading has-pale-pink-color has-text-color\">Valmentajasi &#8211; Janni Kr\u00f6ger<\/h2>\n\n\n\n<p>Olen kouluttanut erirotuisia koirapersoonia agilityyn ja muihin lajeihin yli 20 vuoden ajan, sek\u00e4 ohjannut agilitya muille l\u00e4hes yht\u00e4 kauan. Kolme omaa koiraani ovat kilpailleet agilityn ylimm\u00e4ss\u00e4 luokassa ja olen kisannut kansallisissa arvokisoissa. <\/p>\n\n\n\n<p>Valmennan agilitya ja ved\u00e4n pentukursseja viikottain. Valmennan my\u00f6s leikkitaitoja ja harrastan omien koirieni kanssa agilityn lis\u00e4ksi muitakin lajeja. Erilaiset koirat ja eri lajeihin syventyminen ovat tuoneet osaamista mielentilan, leikin ja lajitaitojen kouluttamisen soveltamiseen yksil\u00f6llisesti &#8211; sek\u00e4 vahvistaneet ymm\u00e4rryst\u00e4ni pohjataitojen t\u00e4rkeydest\u00e4. Valmennusosaamiseni on entisest\u00e4\u00e4n syventynyt p\u00e4iv\u00e4t\u00f6iss\u00e4 liikunnan ja urheilun valmentamisen parissa.<\/p>\n\n\n\n<div class=\"wp-block-buttons is-layout-flex\">\n<div class=\"wp-block-button\"><a class=\"wp-block-button__link has-light-green-cyan-background-color has-background wp-element-button\" href=\"https:\/\/www.lujasula.fi\/index.php\/tietoja\/\">Tutustu tarkemmin<\/a><\/div>\n<\/div>\n\n\n\n<div style=\"height:40px\" aria-hidden=\"true\" class=\"wp-block-spacer\"><\/div>\n\n\n\n<figure class=\"wp-block-image size-large\"><img loading=\"lazy\" width=\"1024\" height=\"683\" src=\"https:\/\/www.lujasula.fi\/wp-content\/uploads\/2025\/10\/IMG_4678-1024x683.jpeg\" alt=\"\" class=\"wp-image-850\" srcset=\"https:\/\/www.lujasula.fi\/wp-content\/uploads\/2025\/10\/IMG_4678-1024x683.jpeg 1024w, https:\/\/www.lujasula.fi\/wp-content\/uploads\/2025\/10\/IMG_4678-300x200.jpeg 300w, https:\/\/www.lujasula.fi\/wp-content\/uploads\/2025\/10\/IMG_4678-768x512.jpeg 768w, https:\/\/www.lujasula.fi\/wp-content\/uploads\/2025\/10\/IMG_4678-1536x1024.jpeg 1536w, https:\/\/www.lujasula.fi\/wp-content\/uploads\/2025\/10\/IMG_4678-2048x1365.jpeg 2048w\" sizes=\"(max-width: 706px) 89vw, (max-width: 767px) 82vw, 740px\" \/><figcaption class=\"wp-element-caption\">Kuva: Hanna Dunder<\/figcaption><\/figure>\n\n\n\n<h2 class=\"wp-block-heading has-pale-pink-color has-text-color\">Kenelle kurssi sopii?<\/h2>\n\n\n\n<p>T\u00e4m\u00e4 kurssi on suunniteltu agilitysta kiinnostuneille koiraharrastajille, jotka haluavat:<\/p>\n\n\n\n<ul>\n<li>Aloittaa pennun kanssa harjoittelun turvallisesti &amp; kehitt\u00e4v\u00e4sti<\/li>\n\n\n\n<li>Perehty\u00e4 pohjataitojen ty\u00f6st\u00e4miseen aikuisen koiran kanssa<\/li>\n\n\n\n<li>Oppia mit\u00e4, miten ja miksi agilityssa tarvittavia taitoja kannattaa rakentaa<\/li>\n<\/ul>\n\n\n\n<p>Kurssin harjoitukset ovat teht\u00e4viss\u00e4 kotona tai treenikent\u00e4ll\u00e4. Treenit on suunniteltu niin, ett\u00e4 ne voi toteuttaa mahdollisimman vaivattomasti. Kurssin k\u00e4ymiseen ei ole aikarajaa.<\/p>\n\n\n\n<div style=\"height:40px\" aria-hidden=\"true\" class=\"wp-block-spacer\"><\/div>\n\n\n\n<div class=\"wp-block-buttons is-layout-flex\">\n<div class=\"wp-block-button\"><a class=\"wp-block-button__link has-light-green-cyan-background-color has-background wp-element-button\" href=\"https:\/\/janni-kroger.systeme.io\/a54aa809\">Osta kurssi t\u00e4st\u00e4<\/a><\/div>\n<\/div>\n","protected":false},"excerpt":{"rendered":"<p>Harrastuskoiran pohjataidot -verkkokurssi T\u00e4m\u00e4n omaan tahtiin suoritettavan verkkokurssin avulla rakennat pennullesi t\u00e4rkeit\u00e4 pohjataitoja tulevaisuuden harrastukentti\u00e4 varten, ja erityisesti agilitya silm\u00e4ll\u00e4 pit\u00e4en. Opit kehitt\u00e4m\u00e4\u00e4n yhteisty\u00f6t\u00e4, rakentamaan laadukkaita treenikokonaisuuksia ja kouluttamaan taitoja, jotka tukevat tulevaa harrastusuraa. Kurssilla k\u00e4sitell\u00e4\u00e4n asioita aina treenikuplasta ja palkkausten rakentamisesta hyviin treenirutiineihin ja ohjaajaa kohti aktivoitumisen opettamiseen, sek\u00e4 k\u00e4yd\u00e4\u00e4n l\u00e4pi t\u00e4rkeimpien agilityn pohjataitojen &hellip; <\/p>\n<p class=\"link-more\"><a href=\"https:\/\/www.lujasula.fi\/index.php\/tavoitteena-agilitykentat\/\" class=\"more-link\">Jatka lukemista<span class=\"screen-reader-text\"> &#8221;Tavoitteena agilitykent\u00e4t?&#8221;<\/span><\/a><\/p>\n","protected":false},"author":1,"featured_media":0,"parent":0,"menu_order":0,"comment_status":"closed","ping_status":"closed","template":"","meta":[],"yoast_head":"<!-- This site is optimized with the Yoast SEO plugin v19.6.1 - https:\/\/yoast.com\/wordpress\/plugins\/seo\/ -->\n<title>Tavoitteena agilitykent\u00e4t? - Lujasula<\/title>\n<meta name=\"robots\" content=\"index, follow, max-snippet:-1, max-image-preview:large, max-video-preview:-1\" \/>\n<link rel=\"canonical\" href=\"https:\/\/www.lujasula.fi\/index.php\/tavoitteena-agilitykentat\/\" \/>\n<meta property=\"og:locale\" content=\"fi_FI\" \/>\n<meta property=\"og:type\" content=\"article\" \/>\n<meta property=\"og:title\" content=\"Tavoitteena agilitykent\u00e4t? - Lujasula\" \/>\n<meta property=\"og:description\" content=\"Harrastuskoiran pohjataidot -verkkokurssi T\u00e4m\u00e4n omaan tahtiin suoritettavan verkkokurssin avulla rakennat pennullesi t\u00e4rkeit\u00e4 pohjataitoja tulevaisuuden harrastukentti\u00e4 varten, ja erityisesti agilitya silm\u00e4ll\u00e4 pit\u00e4en. Opit kehitt\u00e4m\u00e4\u00e4n yhteisty\u00f6t\u00e4, rakentamaan laadukkaita treenikokonaisuuksia ja kouluttamaan taitoja, jotka tukevat tulevaa harrastusuraa. Kurssilla k\u00e4sitell\u00e4\u00e4n asioita aina treenikuplasta ja palkkausten rakentamisesta hyviin treenirutiineihin ja ohjaajaa kohti aktivoitumisen opettamiseen, sek\u00e4 k\u00e4yd\u00e4\u00e4n l\u00e4pi t\u00e4rkeimpien agilityn pohjataitojen &hellip; Jatka lukemista &quot;Tavoitteena agilitykent\u00e4t?&quot;\" \/>\n<meta property=\"og:url\" content=\"https:\/\/www.lujasula.fi\/index.php\/tavoitteena-agilitykentat\/\" \/>\n<meta property=\"og:site_name\" content=\"Lujasula\" \/>\n<meta property=\"article:modified_time\" content=\"2025-10-18T17:02:07+00:00\" \/>\n<meta property=\"og:image\" content=\"https:\/\/www.lujasula.fi\/wp-content\/uploads\/2025\/10\/IMG_4678-1024x683.jpeg\" \/>\n<meta name=\"twitter:card\" content=\"summary_large_image\" \/>\n<meta name=\"twitter:label1\" content=\"Arvioitu lukuaika\" \/>\n\t<meta name=\"twitter:data1\" content=\"2 minuuttia\" \/>\n<script type=\"application\/ld+json\" class=\"yoast-schema-graph\">{\"@context\":\"https:\/\/schema.org\",\"@graph\":[{\"@type\":\"WebPage\",\"@id\":\"https:\/\/www.lujasula.fi\/index.php\/tavoitteena-agilitykentat\/\",\"url\":\"https:\/\/www.lujasula.fi\/index.php\/tavoitteena-agilitykentat\/\",\"name\":\"Tavoitteena agilitykent\u00e4t? - Lujasula\",\"isPartOf\":{\"@id\":\"https:\/\/www.lujasula.fi\/#website\"},\"datePublished\":\"2025-10-18T16:50:23+00:00\",\"dateModified\":\"2025-10-18T17:02:07+00:00\",\"breadcrumb\":{\"@id\":\"https:\/\/www.lujasula.fi\/index.php\/tavoitteena-agilitykentat\/#breadcrumb\"},\"inLanguage\":\"fi\",\"potentialAction\":[{\"@type\":\"ReadAction\",\"target\":[\"https:\/\/www.lujasula.fi\/index.php\/tavoitteena-agilitykentat\/\"]}]},{\"@type\":\"BreadcrumbList\",\"@id\":\"https:\/\/www.lujasula.fi\/index.php\/tavoitteena-agilitykentat\/#breadcrumb\",\"itemListElement\":[{\"@type\":\"ListItem\",\"position\":1,\"name\":\"Etusivu\",\"item\":\"https:\/\/www.lujasula.fi\/\"},{\"@type\":\"ListItem\",\"position\":2,\"name\":\"Tavoitteena agilitykent\u00e4t?\"}]},{\"@type\":\"WebSite\",\"@id\":\"https:\/\/www.lujasula.fi\/#website\",\"url\":\"https:\/\/www.lujasula.fi\/\",\"name\":\"Lujasula\",\"description\":\"Kovaa ja kevyesti - agilityurheilijan fysiikkavalmennusta\",\"publisher\":{\"@id\":\"https:\/\/www.lujasula.fi\/#organization\"},\"potentialAction\":[{\"@type\":\"SearchAction\",\"target\":{\"@type\":\"EntryPoint\",\"urlTemplate\":\"https:\/\/www.lujasula.fi\/?s={search_term_string}\"},\"query-input\":\"required name=search_term_string\"}],\"inLanguage\":\"fi\"},{\"@type\":\"Organization\",\"@id\":\"https:\/\/www.lujasula.fi\/#organization\",\"name\":\"tmi Lujasula\",\"url\":\"https:\/\/www.lujasula.fi\/\",\"sameAs\":[\"http:\/\/instagram.com\/jannikroger\"],\"logo\":{\"@type\":\"ImageObject\",\"inLanguage\":\"fi\",\"@id\":\"https:\/\/www.lujasula.fi\/#\/schema\/logo\/image\/\",\"url\":\"https:\/\/www.lujasula.fi\/wp-content\/uploads\/2021\/10\/Lujasula_vaaleanp.jpg\",\"contentUrl\":\"https:\/\/www.lujasula.fi\/wp-content\/uploads\/2021\/10\/Lujasula_vaaleanp.jpg\",\"width\":800,\"height\":800,\"caption\":\"tmi Lujasula\"},\"image\":{\"@id\":\"https:\/\/www.lujasula.fi\/#\/schema\/logo\/image\/\"}}]}<\/script>\n<!-- \/ Yoast SEO plugin. -->","yoast_head_json":{"title":"Tavoitteena agilitykent\u00e4t? - Lujasula","robots":{"index":"index","follow":"follow","max-snippet":"max-snippet:-1","max-image-preview":"max-image-preview:large","max-video-preview":"max-video-preview:-1"},"canonical":"https:\/\/www.lujasula.fi\/index.php\/tavoitteena-agilitykentat\/","og_locale":"fi_FI","og_type":"article","og_title":"Tavoitteena agilitykent\u00e4t? - Lujasula","og_description":"Harrastuskoiran pohjataidot -verkkokurssi T\u00e4m\u00e4n omaan tahtiin suoritettavan verkkokurssin avulla rakennat pennullesi t\u00e4rkeit\u00e4 pohjataitoja tulevaisuuden harrastukentti\u00e4 varten, ja erityisesti agilitya silm\u00e4ll\u00e4 pit\u00e4en. Opit kehitt\u00e4m\u00e4\u00e4n yhteisty\u00f6t\u00e4, rakentamaan laadukkaita treenikokonaisuuksia ja kouluttamaan taitoja, jotka tukevat tulevaa harrastusuraa. Kurssilla k\u00e4sitell\u00e4\u00e4n asioita aina treenikuplasta ja palkkausten rakentamisesta hyviin treenirutiineihin ja ohjaajaa kohti aktivoitumisen opettamiseen, sek\u00e4 k\u00e4yd\u00e4\u00e4n l\u00e4pi t\u00e4rkeimpien agilityn pohjataitojen &hellip; Jatka lukemista \"Tavoitteena agilitykent\u00e4t?\"","og_url":"https:\/\/www.lujasula.fi\/index.php\/tavoitteena-agilitykentat\/","og_site_name":"Lujasula","article_modified_time":"2025-10-18T17:02:07+00:00","og_image":[{"url":"https:\/\/www.lujasula.fi\/wp-content\/uploads\/2025\/10\/IMG_4678-1024x683.jpeg"}],"twitter_card":"summary_large_image","twitter_misc":{"Arvioitu lukuaika":"2 minuuttia"},"schema":{"@context":"https:\/\/schema.org","@graph":[{"@type":"WebPage","@id":"https:\/\/www.lujasula.fi\/index.php\/tavoitteena-agilitykentat\/","url":"https:\/\/www.lujasula.fi\/index.php\/tavoitteena-agilitykentat\/","name":"Tavoitteena agilitykent\u00e4t? - Lujasula","isPartOf":{"@id":"https:\/\/www.lujasula.fi\/#website"},"datePublished":"2025-10-18T16:50:23+00:00","dateModified":"2025-10-18T17:02:07+00:00","breadcrumb":{"@id":"https:\/\/www.lujasula.fi\/index.php\/tavoitteena-agilitykentat\/#breadcrumb"},"inLanguage":"fi","potentialAction":[{"@type":"ReadAction","target":["https:\/\/www.lujasula.fi\/index.php\/tavoitteena-agilitykentat\/"]}]},{"@type":"BreadcrumbList","@id":"https:\/\/www.lujasula.fi\/index.php\/tavoitteena-agilitykentat\/#breadcrumb","itemListElement":[{"@type":"ListItem","position":1,"name":"Etusivu","item":"https:\/\/www.lujasula.fi\/"},{"@type":"ListItem","position":2,"name":"Tavoitteena agilitykent\u00e4t?"}]},{"@type":"WebSite","@id":"https:\/\/www.lujasula.fi\/#website","url":"https:\/\/www.lujasula.fi\/","name":"Lujasula","description":"Kovaa ja kevyesti - agilityurheilijan fysiikkavalmennusta","publisher":{"@id":"https:\/\/www.lujasula.fi\/#organization"},"potentialAction":[{"@type":"SearchAction","target":{"@type":"EntryPoint","urlTemplate":"https:\/\/www.lujasula.fi\/?s={search_term_string}"},"query-input":"required name=search_term_string"}],"inLanguage":"fi"},{"@type":"Organization","@id":"https:\/\/www.lujasula.fi\/#organization","name":"tmi Lujasula","url":"https:\/\/www.lujasula.fi\/","sameAs":["http:\/\/instagram.com\/jannikroger"],"logo":{"@type":"ImageObject","inLanguage":"fi","@id":"https:\/\/www.lujasula.fi\/#\/schema\/logo\/image\/","url":"https:\/\/www.lujasula.fi\/wp-content\/uploads\/2021\/10\/Lujasula_vaaleanp.jpg","contentUrl":"https:\/\/www.lujasula.fi\/wp-content\/uploads\/2021\/10\/Lujasula_vaaleanp.jpg","width":800,"height":800,"caption":"tmi Lujasula"},"image":{"@id":"https:\/\/www.lujasula.fi\/#\/schema\/logo\/image\/"}}]}},"_links":{"self":[{"href":"https:\/\/www.lujasula.fi\/index.php\/wp-json\/wp\/v2\/pages\/849"}],"collection":[{"href":"https:\/\/www.lujasula.fi\/index.php\/wp-json\/wp\/v2\/pages"}],"about":[{"href":"https:\/\/www.lujasula.fi\/index.php\/wp-json\/wp\/v2\/types\/page"}],"author":[{"embeddable":true,"href":"https:\/\/www.lujasula.fi\/index.php\/wp-json\/wp\/v2\/users\/1"}],"replies":[{"embeddable":true,"href":"https:\/\/www.lujasula.fi\/index.php\/wp-json\/wp\/v2\/comments?post=849"}],"version-history":[{"count":3,"href":"https:\/\/www.lujasula.fi\/index.php\/wp-json\/wp\/v2\/pages\/849\/revisions"}],"predecessor-version":[{"id":853,"href":"https:\/\/www.lujasula.fi\/index.php\/wp-json\/wp\/v2\/pages\/849\/revisions\/853"}],"wp:attachment":[{"href":"https:\/\/www.lujasula.fi\/index.php\/wp-json\/wp\/v2\/media?parent=849"}],"curies":[{"name":"wp","href":"https:\/\/api.w.org\/{rel}","templated":true}]}}