{"id":902,"date":"2026-01-30T14:04:29","date_gmt":"2026-01-30T14:04:29","guid":{"rendered":"https:\/\/www.lujasula.fi\/?page_id=902"},"modified":"2026-01-31T07:29:25","modified_gmt":"2026-01-31T07:29:25","slug":"yksilollinen-treeniohjelma-agilityurheilijalle","status":"publish","type":"page","link":"https:\/\/www.lujasula.fi\/index.php\/yksilollinen-treeniohjelma-agilityurheilijalle\/","title":{"rendered":"Yksil\u00f6llinen treeniohjelma agilityurheilijalle"},"content":{"rendered":"\n<p>Kaipaatko t\u00e4sm\u00e4llist\u00e4 ja kehitt\u00e4v\u00e4\u00e4 harjoitusohjelmaa agilityn lajinomaisen kunnon kehitt\u00e4miseen? Nyt sellaisen saa 89 eurolla, t\u00e4yt\u00e4 vaan alle linkitetty lomake ja p\u00e4\u00e4set tuota pikaa aloittamaan treenit! Voit maksaa my\u00f6s liikuntaeduilla.<\/p>\n\n\n\n<p>Kahdeksan viikon treeniohjelma r\u00e4\u00e4t\u00e4l\u00f6id\u00e4\u00e4n tarpeisiisi sopivaksi, kehitt\u00e4v\u00e4ksi kokonaisuudeksi. Voit treenata valintasi mukaan kotona, kuntosalilla tai agilityhallilla &#8211; tai v\u00e4h\u00e4n kaikkialla. Treenej\u00e4 saat viikkoon 1-3 ja toiveidesi mukaan voimme keskitty\u00e4 nopeuteen, voimaan, juoksutekniikkaan, kest\u00e4vyyteen tai kehonhallintaan. Tai ehk\u00e4 hieman n\u00e4ihin kaikkiin? Sin\u00e4 p\u00e4\u00e4t\u00e4t!<\/p>\n\n\n\n<p>Kaupan p\u00e4\u00e4lle saat analyysin juoksutekniikastasi ja radalla liikkumisestasi, mik\u00e4li laitat lomakkeeseen mukaan videoita ratasuorittamisesta ja\/tai juoksuvedoista. <\/p>\n\n\n\n<div class=\"wp-block-buttons is-layout-flex\">\n<div class=\"wp-block-button\"><a class=\"wp-block-button__link wp-element-button\" href=\"https:\/\/forms.gle\/Tc28LC8d8eEm5gTy6\" target=\"_blank\" rel=\"noreferrer noopener\">Mukana!<\/a><\/div>\n<\/div>\n\n\n\n<div style=\"height:32px\" aria-hidden=\"true\" class=\"wp-block-spacer\"><\/div>\n\n\n\n<p>Kahdeksan viikon treeniohjelma sis\u00e4lt\u00e4\u00e4<\/p>\n\n\n\n<ul>\n<li>Agilityurheilijan lajinomaisen kunnon kehitt\u00e4miseen r\u00e4\u00e4t\u00e4l\u00f6idyt treenit<\/li>\n\n\n\n<li>Voimaa, nopeutta, juoksutekniikkaa, kehonhallintaa, kest\u00e4vyytt\u00e4&#8230; Mit\u00e4 tarvitsetkaan!<\/li>\n\n\n\n<li>Valintasi mukaan 1-3 treeni\u00e4 viikossa<\/li>\n\n\n\n<li>Kirjalliset ohjeet videoesimerkkeineen helposti s\u00e4hk\u00f6postitse<\/li>\n\n\n\n<li>Ohjeet liikkeiden skaalaamiseen ja progressiiviseen kehittymiseen<\/li>\n\n\n\n<li>Videoanalyysi liikkumisestasi ja sen pohjalta suunnitellut treenit<\/li>\n\n\n\n<li>Omaan arkeen sopiva ohjelma, joka on helppo toteuttaa<\/li>\n\n\n\n<li>Aidosti lajitekemist\u00e4 hy\u00f6dytt\u00e4vi\u00e4 harjoituksia, joita et saa muualta<\/li>\n<\/ul>\n\n\n\n<p>Kahdeksan viikon j\u00e4lkeen sinulla on mahdollisuus saada p\u00e4ivitetty ohjelma seuraavalle kahdeksalle viikolle hintaan 69 euroa. <\/p>\n\n\n\n<figure class=\"wp-block-embed is-type-video is-provider-youtube wp-block-embed-youtube wp-embed-aspect-16-9 wp-has-aspect-ratio\"><div class=\"wp-block-embed__wrapper\">\n<iframe loading=\"lazy\" title=\"Juoksuharjoituksia\" width=\"525\" height=\"295\" src=\"https:\/\/www.youtube.com\/embed\/J5fBxfxpj2w?feature=oembed\" frameborder=\"0\" allow=\"accelerometer; autoplay; clipboard-write; encrypted-media; gyroscope; picture-in-picture; web-share\" referrerpolicy=\"strict-origin-when-cross-origin\" allowfullscreen><\/iframe>\n<\/div><\/figure>\n\n\n\n<div style=\"height:43px\" aria-hidden=\"true\" class=\"wp-block-spacer\"><\/div>\n\n\n\n<p>Mietitk\u00f6 viel\u00e4? Jos kysytt\u00e4v\u00e4\u00e4 her\u00e4si, laitahan s\u00e4hk\u00f6postia osoitteeseen info(at)lujasula.fi. Mik\u00e4li kaikki on selv\u00e4\u00e4 ja ohjelmalle on tarvetta, l\u00e4hde mukaan!<\/p>\n\n\n\n<div class=\"wp-block-buttons is-layout-flex\">\n<div class=\"wp-block-button\"><a class=\"wp-block-button__link wp-element-button\" href=\"https:\/\/forms.gle\/A4gG8jgxu28Mq7Bp9\" target=\"_blank\" rel=\"noreferrer noopener\">Ilmoittautumaan<\/a><\/div>\n<\/div>\n","protected":false},"excerpt":{"rendered":"<p>Kaipaatko t\u00e4sm\u00e4llist\u00e4 ja kehitt\u00e4v\u00e4\u00e4 harjoitusohjelmaa agilityn lajinomaisen kunnon kehitt\u00e4miseen? Nyt sellaisen saa 89 eurolla, t\u00e4yt\u00e4 vaan alle linkitetty lomake ja p\u00e4\u00e4set tuota pikaa aloittamaan treenit! Voit maksaa my\u00f6s liikuntaeduilla. Kahdeksan viikon treeniohjelma r\u00e4\u00e4t\u00e4l\u00f6id\u00e4\u00e4n tarpeisiisi sopivaksi, kehitt\u00e4v\u00e4ksi kokonaisuudeksi. Voit treenata valintasi mukaan kotona, kuntosalilla tai agilityhallilla &#8211; tai v\u00e4h\u00e4n kaikkialla. Treenej\u00e4 saat viikkoon 1-3 ja toiveidesi &hellip; <\/p>\n<p class=\"link-more\"><a href=\"https:\/\/www.lujasula.fi\/index.php\/yksilollinen-treeniohjelma-agilityurheilijalle\/\" class=\"more-link\">Jatka lukemista<span class=\"screen-reader-text\"> &#8221;Yksil\u00f6llinen treeniohjelma agilityurheilijalle&#8221;<\/span><\/a><\/p>\n","protected":false},"author":1,"featured_media":0,"parent":0,"menu_order":0,"comment_status":"closed","ping_status":"closed","template":"","meta":[],"yoast_head":"<!-- This site is optimized with the Yoast SEO plugin v19.6.1 - https:\/\/yoast.com\/wordpress\/plugins\/seo\/ -->\n<title>Yksil\u00f6llinen treeniohjelma agilityurheilijalle - Lujasula<\/title>\n<meta name=\"robots\" content=\"index, follow, max-snippet:-1, max-image-preview:large, max-video-preview:-1\" \/>\n<link rel=\"canonical\" href=\"https:\/\/www.lujasula.fi\/index.php\/yksilollinen-treeniohjelma-agilityurheilijalle\/\" \/>\n<meta property=\"og:locale\" content=\"fi_FI\" \/>\n<meta property=\"og:type\" content=\"article\" \/>\n<meta property=\"og:title\" content=\"Yksil\u00f6llinen treeniohjelma agilityurheilijalle - Lujasula\" \/>\n<meta property=\"og:description\" content=\"Kaipaatko t\u00e4sm\u00e4llist\u00e4 ja kehitt\u00e4v\u00e4\u00e4 harjoitusohjelmaa agilityn lajinomaisen kunnon kehitt\u00e4miseen? Nyt sellaisen saa 89 eurolla, t\u00e4yt\u00e4 vaan alle linkitetty lomake ja p\u00e4\u00e4set tuota pikaa aloittamaan treenit! Voit maksaa my\u00f6s liikuntaeduilla. Kahdeksan viikon treeniohjelma r\u00e4\u00e4t\u00e4l\u00f6id\u00e4\u00e4n tarpeisiisi sopivaksi, kehitt\u00e4v\u00e4ksi kokonaisuudeksi. Voit treenata valintasi mukaan kotona, kuntosalilla tai agilityhallilla &#8211; tai v\u00e4h\u00e4n kaikkialla. Treenej\u00e4 saat viikkoon 1-3 ja toiveidesi &hellip; Jatka lukemista &quot;Yksil\u00f6llinen treeniohjelma agilityurheilijalle&quot;\" \/>\n<meta property=\"og:url\" content=\"https:\/\/www.lujasula.fi\/index.php\/yksilollinen-treeniohjelma-agilityurheilijalle\/\" \/>\n<meta property=\"og:site_name\" content=\"Lujasula\" \/>\n<meta property=\"article:modified_time\" content=\"2026-01-31T07:29:25+00:00\" \/>\n<meta name=\"twitter:card\" content=\"summary_large_image\" \/>\n<meta name=\"twitter:label1\" content=\"Arvioitu lukuaika\" \/>\n\t<meta name=\"twitter:data1\" content=\"1 minuutti\" \/>\n<script type=\"application\/ld+json\" class=\"yoast-schema-graph\">{\"@context\":\"https:\/\/schema.org\",\"@graph\":[{\"@type\":\"WebPage\",\"@id\":\"https:\/\/www.lujasula.fi\/index.php\/yksilollinen-treeniohjelma-agilityurheilijalle\/\",\"url\":\"https:\/\/www.lujasula.fi\/index.php\/yksilollinen-treeniohjelma-agilityurheilijalle\/\",\"name\":\"Yksil\u00f6llinen treeniohjelma agilityurheilijalle - Lujasula\",\"isPartOf\":{\"@id\":\"https:\/\/www.lujasula.fi\/#website\"},\"datePublished\":\"2026-01-30T14:04:29+00:00\",\"dateModified\":\"2026-01-31T07:29:25+00:00\",\"breadcrumb\":{\"@id\":\"https:\/\/www.lujasula.fi\/index.php\/yksilollinen-treeniohjelma-agilityurheilijalle\/#breadcrumb\"},\"inLanguage\":\"fi\",\"potentialAction\":[{\"@type\":\"ReadAction\",\"target\":[\"https:\/\/www.lujasula.fi\/index.php\/yksilollinen-treeniohjelma-agilityurheilijalle\/\"]}]},{\"@type\":\"BreadcrumbList\",\"@id\":\"https:\/\/www.lujasula.fi\/index.php\/yksilollinen-treeniohjelma-agilityurheilijalle\/#breadcrumb\",\"itemListElement\":[{\"@type\":\"ListItem\",\"position\":1,\"name\":\"Etusivu\",\"item\":\"https:\/\/www.lujasula.fi\/\"},{\"@type\":\"ListItem\",\"position\":2,\"name\":\"Yksil\u00f6llinen treeniohjelma agilityurheilijalle\"}]},{\"@type\":\"WebSite\",\"@id\":\"https:\/\/www.lujasula.fi\/#website\",\"url\":\"https:\/\/www.lujasula.fi\/\",\"name\":\"Lujasula\",\"description\":\"Kovaa ja kevyesti - agilityurheilijan fysiikkavalmennusta\",\"publisher\":{\"@id\":\"https:\/\/www.lujasula.fi\/#organization\"},\"potentialAction\":[{\"@type\":\"SearchAction\",\"target\":{\"@type\":\"EntryPoint\",\"urlTemplate\":\"https:\/\/www.lujasula.fi\/?s={search_term_string}\"},\"query-input\":\"required name=search_term_string\"}],\"inLanguage\":\"fi\"},{\"@type\":\"Organization\",\"@id\":\"https:\/\/www.lujasula.fi\/#organization\",\"name\":\"tmi Lujasula\",\"url\":\"https:\/\/www.lujasula.fi\/\",\"sameAs\":[\"http:\/\/instagram.com\/jannikroger\"],\"logo\":{\"@type\":\"ImageObject\",\"inLanguage\":\"fi\",\"@id\":\"https:\/\/www.lujasula.fi\/#\/schema\/logo\/image\/\",\"url\":\"https:\/\/www.lujasula.fi\/wp-content\/uploads\/2021\/10\/Lujasula_vaaleanp.jpg\",\"contentUrl\":\"https:\/\/www.lujasula.fi\/wp-content\/uploads\/2021\/10\/Lujasula_vaaleanp.jpg\",\"width\":800,\"height\":800,\"caption\":\"tmi Lujasula\"},\"image\":{\"@id\":\"https:\/\/www.lujasula.fi\/#\/schema\/logo\/image\/\"}}]}<\/script>\n<!-- \/ Yoast SEO plugin. -->","yoast_head_json":{"title":"Yksil\u00f6llinen treeniohjelma agilityurheilijalle - Lujasula","robots":{"index":"index","follow":"follow","max-snippet":"max-snippet:-1","max-image-preview":"max-image-preview:large","max-video-preview":"max-video-preview:-1"},"canonical":"https:\/\/www.lujasula.fi\/index.php\/yksilollinen-treeniohjelma-agilityurheilijalle\/","og_locale":"fi_FI","og_type":"article","og_title":"Yksil\u00f6llinen treeniohjelma agilityurheilijalle - Lujasula","og_description":"Kaipaatko t\u00e4sm\u00e4llist\u00e4 ja kehitt\u00e4v\u00e4\u00e4 harjoitusohjelmaa agilityn lajinomaisen kunnon kehitt\u00e4miseen? Nyt sellaisen saa 89 eurolla, t\u00e4yt\u00e4 vaan alle linkitetty lomake ja p\u00e4\u00e4set tuota pikaa aloittamaan treenit! Voit maksaa my\u00f6s liikuntaeduilla. Kahdeksan viikon treeniohjelma r\u00e4\u00e4t\u00e4l\u00f6id\u00e4\u00e4n tarpeisiisi sopivaksi, kehitt\u00e4v\u00e4ksi kokonaisuudeksi. Voit treenata valintasi mukaan kotona, kuntosalilla tai agilityhallilla &#8211; tai v\u00e4h\u00e4n kaikkialla. Treenej\u00e4 saat viikkoon 1-3 ja toiveidesi &hellip; Jatka lukemista \"Yksil\u00f6llinen treeniohjelma agilityurheilijalle\"","og_url":"https:\/\/www.lujasula.fi\/index.php\/yksilollinen-treeniohjelma-agilityurheilijalle\/","og_site_name":"Lujasula","article_modified_time":"2026-01-31T07:29:25+00:00","twitter_card":"summary_large_image","twitter_misc":{"Arvioitu lukuaika":"1 minuutti"},"schema":{"@context":"https:\/\/schema.org","@graph":[{"@type":"WebPage","@id":"https:\/\/www.lujasula.fi\/index.php\/yksilollinen-treeniohjelma-agilityurheilijalle\/","url":"https:\/\/www.lujasula.fi\/index.php\/yksilollinen-treeniohjelma-agilityurheilijalle\/","name":"Yksil\u00f6llinen treeniohjelma agilityurheilijalle - Lujasula","isPartOf":{"@id":"https:\/\/www.lujasula.fi\/#website"},"datePublished":"2026-01-30T14:04:29+00:00","dateModified":"2026-01-31T07:29:25+00:00","breadcrumb":{"@id":"https:\/\/www.lujasula.fi\/index.php\/yksilollinen-treeniohjelma-agilityurheilijalle\/#breadcrumb"},"inLanguage":"fi","potentialAction":[{"@type":"ReadAction","target":["https:\/\/www.lujasula.fi\/index.php\/yksilollinen-treeniohjelma-agilityurheilijalle\/"]}]},{"@type":"BreadcrumbList","@id":"https:\/\/www.lujasula.fi\/index.php\/yksilollinen-treeniohjelma-agilityurheilijalle\/#breadcrumb","itemListElement":[{"@type":"ListItem","position":1,"name":"Etusivu","item":"https:\/\/www.lujasula.fi\/"},{"@type":"ListItem","position":2,"name":"Yksil\u00f6llinen treeniohjelma agilityurheilijalle"}]},{"@type":"WebSite","@id":"https:\/\/www.lujasula.fi\/#website","url":"https:\/\/www.lujasula.fi\/","name":"Lujasula","description":"Kovaa ja kevyesti - agilityurheilijan fysiikkavalmennusta","publisher":{"@id":"https:\/\/www.lujasula.fi\/#organization"},"potentialAction":[{"@type":"SearchAction","target":{"@type":"EntryPoint","urlTemplate":"https:\/\/www.lujasula.fi\/?s={search_term_string}"},"query-input":"required name=search_term_string"}],"inLanguage":"fi"},{"@type":"Organization","@id":"https:\/\/www.lujasula.fi\/#organization","name":"tmi Lujasula","url":"https:\/\/www.lujasula.fi\/","sameAs":["http:\/\/instagram.com\/jannikroger"],"logo":{"@type":"ImageObject","inLanguage":"fi","@id":"https:\/\/www.lujasula.fi\/#\/schema\/logo\/image\/","url":"https:\/\/www.lujasula.fi\/wp-content\/uploads\/2021\/10\/Lujasula_vaaleanp.jpg","contentUrl":"https:\/\/www.lujasula.fi\/wp-content\/uploads\/2021\/10\/Lujasula_vaaleanp.jpg","width":800,"height":800,"caption":"tmi Lujasula"},"image":{"@id":"https:\/\/www.lujasula.fi\/#\/schema\/logo\/image\/"}}]}},"_links":{"self":[{"href":"https:\/\/www.lujasula.fi\/index.php\/wp-json\/wp\/v2\/pages\/902"}],"collection":[{"href":"https:\/\/www.lujasula.fi\/index.php\/wp-json\/wp\/v2\/pages"}],"about":[{"href":"https:\/\/www.lujasula.fi\/index.php\/wp-json\/wp\/v2\/types\/page"}],"author":[{"embeddable":true,"href":"https:\/\/www.lujasula.fi\/index.php\/wp-json\/wp\/v2\/users\/1"}],"replies":[{"embeddable":true,"href":"https:\/\/www.lujasula.fi\/index.php\/wp-json\/wp\/v2\/comments?post=902"}],"version-history":[{"count":2,"href":"https:\/\/www.lujasula.fi\/index.php\/wp-json\/wp\/v2\/pages\/902\/revisions"}],"predecessor-version":[{"id":907,"href":"https:\/\/www.lujasula.fi\/index.php\/wp-json\/wp\/v2\/pages\/902\/revisions\/907"}],"wp:attachment":[{"href":"https:\/\/www.lujasula.fi\/index.php\/wp-json\/wp\/v2\/media?parent=902"}],"curies":[{"name":"wp","href":"https:\/\/api.w.org\/{rel}","templated":true}]}}